{"id":4949,"date":"2025-10-06T11:15:43","date_gmt":"2025-10-06T09:15:43","guid":{"rendered":"https:\/\/cordelia.test7.eu\/mentions-legales\/"},"modified":"2026-05-15T17:43:28","modified_gmt":"2026-05-15T15:43:28","slug":"legal-notice","status":"publish","type":"page","link":"https:\/\/cordelia.test7.eu\/en\/legal-notice\/","title":{"rendered":"Legal Notice"},"content":{"rendered":"\t\t<div data-elementor-type=\"wp-page\" data-elementor-id=\"4949\" class=\"elementor elementor-4949 elementor-2098\" data-elementor-post-type=\"page\">\n\t\t\t\t<div data-dce-background-image-url=\"https:\/\/cordelia.test7.eu\/wp-content\/uploads\/2025\/03\/plus-Accueil-24h-24h.jpg\" class=\"elementor-element elementor-element-cafa711 e-flex e-con-boxed e-con e-parent\" data-id=\"cafa711\" data-element_type=\"container\" data-e-type=\"container\" data-settings=\"{&quot;background_background&quot;:&quot;classic&quot;}\">\n\t\t\t\t\t<div class=\"e-con-inner\">\n\t\t\t\t<div class=\"elementor-element elementor-element-c9ce3fc elementor-invisible elementor-widget elementor-widget-heading\" data-id=\"c9ce3fc\" data-element_type=\"widget\" data-e-type=\"widget\" data-settings=\"{&quot;_animation&quot;:&quot;fadeInLeft&quot;,&quot;_animation_delay&quot;:200}\" data-widget_type=\"heading.default\">\n\t\t\t\t<div class=\"elementor-widget-container\">\n\t\t\t\t\t<h1 class=\"elementor-heading-title elementor-size-default\">Legal Notice<\/h1>\t\t\t\t<\/div>\n\t\t\t\t<\/div>\n\t\t\t\t\t<\/div>\n\t\t\t\t<\/div>\n\t\t<div class=\"elementor-element elementor-element-a0c2ac5 e-con-full e-flex e-con e-parent\" data-id=\"a0c2ac5\" data-element_type=\"container\" data-e-type=\"container\">\n\t\t\t\t<div class=\"elementor-element elementor-element-266f251 content elementor-widget elementor-widget-text-editor\" data-id=\"266f251\" data-element_type=\"widget\" data-e-type=\"widget\" data-widget_type=\"text-editor.default\">\n\t\t\t\t<div class=\"elementor-widget-container\">\n\t\t\t\t\t\t\t\t\t<p>Site: <a href=\"http:\/\/www.cordelia-paris-hotel.com\">http:\/\/www.cordelia-paris-hotel.com<\/a><\/p><p><strong>H\u00d4TEL CORD\u00c9LIA<\/strong><br \/>11 RUE DE GREFFULHE<br \/>75008 PARIS<\/p><p>TEL : <a href=\"tel:+33142654240\">00 33 (0) 1 42 65 42 40<\/a><br \/>Email : <a href=\"mailto:contact@cordelia-paris-hotel.com\">contact@cordelia-paris-hotel.com<\/a><\/p><ul><li><strong>Business Registration:<\/strong> A2 DEVELOPPEMENT SARL with share capital of \u20ac8,000<\/li><li><strong>SIREN:<\/strong> 332 360 981 000 10<\/li><li><strong>APE Code:<\/strong> 510Z<\/li><li><strong>EU VAT Number:<\/strong> FR 70 332 360 981<\/li><\/ul><p>H\u00d4TEL CORD\u00c9LIA draws the attention of persons who consult or use its website to the following points:<\/p><h2>Data Protection and Privacy<\/h2><p>In accordance with applicable data protection legislation, you have the right to access, modify, rectify, and delete personal data concerning you (Article 394 of the French Data Protection Act of 6 January 1978, as amended in August 2004).<\/p><h2>Site Access<\/h2><p>It is hereby noted that unauthorized access to or fraudulent use of a computer system, disruption or alteration of the functioning of such a system, or fraudulent introduction or modification of data in a computer system constitute criminal offences subject to criminal penalties.<\/p><h2>Intellectual Property<\/h2><p>H\u00d4TEL CORD\u00c9LIA owns or holds the rights to all elements comprising this website, including data, drawings, graphics, photographs, and audio content. Any reproduction, representation, distribution, or redistribution, in whole or in part, of the content of this website by any means whatsoever without the express prior written authorization of H\u00d4TEL CORD\u00c9LIA is prohibited and constitutes infringement punishable under intellectual property law.<\/p><h2>Site Content<\/h2><p>H\u00d4TEL CORD\u00c9LIA reserves the right to correct, at any time and without prior notice, the content of this website. Furthermore, H\u00d4TEL CORD\u00c9LIA accepts no liability for any delay, error, or omission regarding the content of these pages, or in the event of interruption or unavailability of the service.<\/p><h2>Automated Processing of Personal Data<\/h2><p>H\u00d4TEL CORD\u00c9LIA does not collect any personal or nominative information from visitors to its website other than that which is openly and voluntarily provided, in particular through the email addresses of its correspondents.<\/p><h2>Hyperlinks<\/h2><p>The H\u00d4TEL CORD\u00c9LIA website contains hyperlinks providing access to websites not published by H\u00d4TEL CORD\u00c9LIA. Accordingly, H\u00d4TEL CORD\u00c9LIA cannot be held responsible for the content of websites accessed in this way.<\/p><h2>Cookies<\/h2><p>Users are informed that when visiting this website, a cookie may be installed automatically and temporarily stored in memory or on their hard drive. A cookie does not allow the user to be identified but serves to record information relating to their navigation on the website. Users of the website acknowledge having been informed of this practice and authorise H\u00d4TEL CORD\u00c9LIA to use it. They may disable cookies through the settings in their browser software.<\/p><h2>Privacy Policy<\/h2><p>The personal information that H\u00d4TEL CORD\u00c9LIA processes concerning you results from your approach with a view to making a reservation at our hotel, or for the receipt of documentation.<\/p><p>This data is necessary for the following purposes:<\/p><ul><li>Receipt of documentation about the hotel and\/or its group<\/li><li>Receipt of follow-up emails for satisfaction surveys and\/or prospecting purposes<\/li><li>Improvement of our customer follow-up and service<\/li><li>Online service booking<\/li><li>Statistical processing<\/li><li>Accounting and management of our hotel<\/li><\/ul><p>This information is neither sold nor communicated to third parties and is strictly reserved for the internal uses described above.<\/p><p>The law, and in particular the <strong>General Data Protection Regulation (GDPR)<\/strong>, gives you the right at any time to have the data concerning you modified, as well as the right to have it communicated to you, erased, or limited over time by contacting the hotel by email, telephone, or post:<\/p><p><strong>H\u00d4TEL CORD\u00c9LIA<\/strong><br \/>11 RUE DE GREFFULHE<br \/>75008 PARIS<\/p><p>TEL : <a href=\"tel:+33142654240\">00 33 (0) 1 42 65 42 40<\/a><br \/>Email : <a href=\"mailto:contact@cordelia-paris-hotel.com\">contact@cordelia-paris-hotel.com<\/a><\/p><h2>General Terms of Sale<\/h2><p>In accordance with Article <strong>L.221-28 of the French Consumer Code<\/strong>, the customer is reminded that they do not have the right of withdrawal provided for in Article <strong>L.221-18 of the French Consumer Code<\/strong>.<\/p><h2>Consumer Dispute Mediation<\/h2><p>In accordance with the provisions of the French Consumer Code, the customer has the right to use the free mediation service offered by H\u00d4TEL CORD\u00c9LIA. The consumer mediator thus proposed is <strong>AME<\/strong>.<br \/>They can be contacted:<br \/>&#8211; Online: <a href=\"http:\/\/www.mediationconso-ame.com\/\" target=\"_blank\" rel=\"noopener\">www.mediationconso-ame.com<\/a><br \/>&#8211; By post (by completing the form available on the website): M\u00e9diation \u00e0 la consommation AME &#8211; 11 Place Dauphine 75001 Paris<\/p><p>Consumers purchasing products or services from a company located in a European Union country can get assistance in the event of a dispute:<\/p><p><a href=\"https:\/\/ec.europa.eu\/consumers\/odr\/main\/index.cfm?event=main.home2.show&amp;lng=FF\" target=\"_blank\" rel=\"noopener\">https:\/\/ec.europa.eu\/consumers\/odr\/main\/index.cfm?event=main.home2.show&amp;lng=FF<\/a><\/p><h2>Telemarketing Opt-Out<\/h2><p>Consumers are informed that they may register on the telemarketing opt-out list <strong>(Bloctel)<\/strong>.<\/p>\t\t\t\t\t\t\t\t<\/div>\n\t\t\t\t<\/div>\n\t\t\t\t<\/div>\n\t\t\t\t<\/div>\n\t\t","protected":false},"excerpt":{"rendered":"<p>Legal Notice Site: http:\/\/www.cordelia-paris-hotel.com H\u00d4TEL CORD\u00c9LIA11 RUE DE GREFFULHE75008 PARIS TEL : 00 33 (0) 1 42 65 42 40Email : contact@cordelia-paris-hotel.com Business Registration: A2 DEVELOPPEMENT SARL with share capital of \u20ac8,000 SIREN: 332 360 981 000 10 APE Code: 510Z EU VAT Number: FR 70 332 360 981 H\u00d4TEL CORD\u00c9LIA draws the attention of [&hellip;]<\/p>\n","protected":false},"author":1,"featured_media":2915,"parent":0,"menu_order":0,"comment_status":"closed","ping_status":"closed","template":"","meta":{"_acf_changed":false,"footnotes":""},"class_list":["post-4949","page","type-page","status-publish","has-post-thumbnail","hentry"],"acf":[],"_links":{"self":[{"href":"https:\/\/cordelia.test7.eu\/en\/wp-json\/wp\/v2\/pages\/4949","targetHints":{"allow":["GET"]}}],"collection":[{"href":"https:\/\/cordelia.test7.eu\/en\/wp-json\/wp\/v2\/pages"}],"about":[{"href":"https:\/\/cordelia.test7.eu\/en\/wp-json\/wp\/v2\/types\/page"}],"author":[{"embeddable":true,"href":"https:\/\/cordelia.test7.eu\/en\/wp-json\/wp\/v2\/users\/1"}],"replies":[{"embeddable":true,"href":"https:\/\/cordelia.test7.eu\/en\/wp-json\/wp\/v2\/comments?post=4949"}],"version-history":[{"count":9,"href":"https:\/\/cordelia.test7.eu\/en\/wp-json\/wp\/v2\/pages\/4949\/revisions"}],"predecessor-version":[{"id":4968,"href":"https:\/\/cordelia.test7.eu\/en\/wp-json\/wp\/v2\/pages\/4949\/revisions\/4968"}],"wp:featuredmedia":[{"embeddable":true,"href":"https:\/\/cordelia.test7.eu\/en\/wp-json\/wp\/v2\/media\/2915"}],"wp:attachment":[{"href":"https:\/\/cordelia.test7.eu\/en\/wp-json\/wp\/v2\/media?parent=4949"}],"curies":[{"name":"wp","href":"https:\/\/api.w.org\/{rel}","templated":true}]}}