{"id":5076,"date":"2026-04-27T17:32:22","date_gmt":"2026-04-27T15:32:22","guid":{"rendered":"https:\/\/cordelia.test7.eu\/tea-time\/"},"modified":"2026-05-15T21:23:58","modified_gmt":"2026-05-15T19:23:58","slug":"tea-time","status":"publish","type":"page","link":"https:\/\/cordelia.test7.eu\/en\/tea-time\/","title":{"rendered":"Tea Time"},"content":{"rendered":"\t\t<div data-elementor-type=\"wp-page\" data-elementor-id=\"5076\" class=\"elementor elementor-5076 elementor-3505\" data-elementor-post-type=\"page\">\n\t\t\t\t<div data-dce-background-image-url=\"https:\/\/cordelia.test7.eu\/wp-content\/uploads\/2026\/04\/tea-time-cordelia-25.webp\" class=\"elementor-element elementor-element-2a335e00 e-flex e-con-boxed e-con e-parent\" data-id=\"2a335e00\" data-element_type=\"container\" data-e-type=\"container\" data-settings=\"{&quot;background_background&quot;:&quot;classic&quot;}\">\n\t\t\t\t\t<div class=\"e-con-inner\">\n\t\t\t\t<div class=\"elementor-element elementor-element-2f5c9952 elementor-invisible elementor-widget elementor-widget-heading\" data-id=\"2f5c9952\" data-element_type=\"widget\" data-e-type=\"widget\" data-settings=\"{&quot;_animation&quot;:&quot;fadeInLeft&quot;,&quot;_animation_delay&quot;:200}\" data-widget_type=\"heading.default\">\n\t\t\t\t<div class=\"elementor-widget-container\">\n\t\t\t\t\t<h1 class=\"elementor-heading-title elementor-size-default\">Tea Time<\/h1>\t\t\t\t<\/div>\n\t\t\t\t<\/div>\n\t\t\t\t\t<\/div>\n\t\t\t\t<\/div>\n\t\t<div class=\"elementor-element elementor-element-767469b3 e-con-full e-flex e-con e-parent\" data-id=\"767469b3\" data-element_type=\"container\" data-e-type=\"container\">\n\t\t\t\t<div data-dce-title-color=\"#0E0E0E\" class=\"elementor-element elementor-element-347b694b elementor-widget__width-initial elementor-widget-laptop__width-initial elementor-widget-tablet__width-inherit elementor-widget elementor-widget-heading\" data-id=\"347b694b\" data-element_type=\"widget\" data-e-type=\"widget\" data-widget_type=\"heading.default\">\n\t\t\t\t<div class=\"elementor-widget-container\">\n\t\t\t\t\t<h2 class=\"elementor-heading-title elementor-size-default\">Daily, from 2pm to 6pm.<\/h2>\t\t\t\t<\/div>\n\t\t\t\t<\/div>\n\t\t\t\t<div data-dce-title-color=\"#000000\" class=\"elementor-element elementor-element-3c2303e1 elementor-widget__width-initial elementor-widget-mobile__width-inherit elementor-widget elementor-widget-heading\" data-id=\"3c2303e1\" data-element_type=\"widget\" data-e-type=\"widget\" data-widget_type=\"heading.default\">\n\t\t\t\t<div class=\"elementor-widget-container\">\n\t\t\t\t\t<h2 class=\"elementor-heading-title elementor-size-default\">The <br> <i>Tea Time<\/i><\/h2>\t\t\t\t<\/div>\n\t\t\t\t<\/div>\n\t\t\t\t<div class=\"elementor-element elementor-element-73b7ecb elementor-widget elementor-widget-text-editor\" data-id=\"73b7ecb\" data-element_type=\"widget\" data-e-type=\"widget\" data-widget_type=\"text-editor.default\">\n\t\t\t\t<div class=\"elementor-widget-container\">\n\t\t\t\t\t\t\t\t\t<p>At <strong>H\u00f4tel Cord\u00e9lia<\/strong>, <strong>Tea Time<\/strong> is that little pleasure that makes all the difference! A gourmet and convivial moment, designed as a gentle and pleasant break, to enjoy upon arrival or at the end of the day in our lounge next to reception.<\/p><p>Around a\u00a0<strong>selection of delicate homemade sweets and comforting drinks<\/strong>, elegantly presented, Tea Time invites you to slow down, chat and treat yourself.<\/p><p>More than a break, it&#8217;s a\u00a0<strong>signature ritual of H\u00f4tel Cord\u00e9lia<\/strong> \u2014 one that is eagerly anticipated, savoured and remembered with a smile.<\/p>\t\t\t\t\t\t\t\t<\/div>\n\t\t\t\t<\/div>\n\t\t\t\t<div class=\"elementor-element elementor-element-1b6de5a9 elementor-arrows-position-inside elementor-widget elementor-widget-image-carousel\" data-id=\"1b6de5a9\" data-element_type=\"widget\" data-e-type=\"widget\" data-settings=\"{&quot;slides_to_show&quot;:&quot;3&quot;,&quot;navigation&quot;:&quot;arrows&quot;,&quot;autoplay_speed&quot;:4000,&quot;slides_to_scroll&quot;:&quot;1&quot;,&quot;image_spacing_custom&quot;:{&quot;unit&quot;:&quot;px&quot;,&quot;size&quot;:30,&quot;sizes&quot;:[]},&quot;autoplay&quot;:&quot;yes&quot;,&quot;infinite&quot;:&quot;yes&quot;,&quot;speed&quot;:500,&quot;image_spacing_custom_widescreen&quot;:{&quot;unit&quot;:&quot;px&quot;,&quot;size&quot;:&quot;&quot;,&quot;sizes&quot;:[]},&quot;image_spacing_custom_laptop&quot;:{&quot;unit&quot;:&quot;px&quot;,&quot;size&quot;:&quot;&quot;,&quot;sizes&quot;:[]},&quot;image_spacing_custom_tablet&quot;:{&quot;unit&quot;:&quot;px&quot;,&quot;size&quot;:&quot;&quot;,&quot;sizes&quot;:[]},&quot;image_spacing_custom_mobile&quot;:{&quot;unit&quot;:&quot;px&quot;,&quot;size&quot;:&quot;&quot;,&quot;sizes&quot;:[]}}\" data-widget_type=\"image-carousel.default\">\n\t\t\t\t<div class=\"elementor-widget-container\">\n\t\t\t\t\t\t\t<div class=\"elementor-image-carousel-wrapper swiper\" role=\"region\" aria-roledescription=\"carousel\" aria-label=\"Image Tea time\" dir=\"ltr\">\n\t\t\t<div class=\"elementor-image-carousel swiper-wrapper\" aria-live=\"off\">\n\t\t\t\t\t\t\t\t<div class=\"swiper-slide\" role=\"group\" aria-roledescription=\"slide\" aria-label=\"1 of 12\"><a data-elementor-open-lightbox=\"yes\" data-elementor-lightbox-slideshow=\"1b6de5a9\" data-elementor-lightbox-title=\"Pancakes aux fraises sous cloche - Tea time Hotel Cordelia\" data-elementor-lightbox-description=\"Le presentoir blanc du tea time met en valeur une tour de pancakes moelleux couronnes de fraises fraiches, proteges par une cloche en verre pour preserver leur chaleur.\" data-e-action-hash=\"#elementor-action%3Aaction%3Dlightbox%26settings%3DeyJpZCI6NTEwMiwidXJsIjoiaHR0cHM6XC9cL2NvcmRlbGlhLnRlc3Q3LmV1XC93cC1jb250ZW50XC91cGxvYWRzXC8yMDI2XC8wNFwvdGVhLXRpbWUtY29yZGVsaWEtMzMud2VicCIsInNsaWRlc2hvdyI6IjFiNmRlNWE5In0%3D\" href=\"https:\/\/cordelia.test7.eu\/wp-content\/uploads\/2026\/04\/tea-time-cordelia-33.webp\"><figure class=\"swiper-slide-inner\"><img decoding=\"async\" class=\"swiper-slide-image\" src=\"https:\/\/cordelia.test7.eu\/wp-content\/uploads\/2026\/04\/tea-time-cordelia-33.webp\" alt=\"Presentoir blanc avec cloche en verre : pile de pancakes dores garnis de fraises fraiches, etiquette pancakes\" \/><\/figure><\/a><\/div><div class=\"swiper-slide\" role=\"group\" aria-roledescription=\"slide\" aria-label=\"2 of 12\"><a data-elementor-open-lightbox=\"yes\" data-elementor-lightbox-slideshow=\"1b6de5a9\" data-elementor-lightbox-title=\"Cake maison aux fraises - Tea time Hotel Cordelia\" data-elementor-lightbox-description=\"Gros plan sur le cake maison du tea time de l&#039;hotel Cordelia : dore et moelleux, il est garni de fraises fraiches coupees posees sur chaque tranche, presente sur un plateau blanc avec son etiquette.\" data-e-action-hash=\"#elementor-action%3Aaction%3Dlightbox%26settings%3DeyJpZCI6NTEwMywidXJsIjoiaHR0cHM6XC9cL2NvcmRlbGlhLnRlc3Q3LmV1XC93cC1jb250ZW50XC91cGxvYWRzXC8yMDI2XC8wNFwvdGVhLXRpbWUtY29yZGVsaWEtMzIud2VicCIsInNsaWRlc2hvdyI6IjFiNmRlNWE5In0%3D\" href=\"https:\/\/cordelia.test7.eu\/wp-content\/uploads\/2026\/04\/tea-time-cordelia-32.webp\"><figure class=\"swiper-slide-inner\"><img decoding=\"async\" class=\"swiper-slide-image\" src=\"https:\/\/cordelia.test7.eu\/wp-content\/uploads\/2026\/04\/tea-time-cordelia-32.webp\" alt=\"Gros plan sur cake maison tranche garni de fraises fraiches, etiquette Cake Maison sur support argente\" \/><\/figure><\/a><\/div><div class=\"swiper-slide\" role=\"group\" aria-roledescription=\"slide\" aria-label=\"3 of 12\"><a data-elementor-open-lightbox=\"yes\" data-elementor-lightbox-slideshow=\"1b6de5a9\" data-elementor-lightbox-title=\"Salon et tea time - Hotel Cordelia Paris 8e\" data-elementor-lightbox-description=\"Dans le salon chaleureux de l&#039;hotel Cordelia, un fauteuil en velours chocolat avec coussin raye accueille la detente. Sur la table basse ronde, le service tea time est dresse devant une large fenetre donnant sur les facades haussmanniennes du 8e arrondissement.\" data-e-action-hash=\"#elementor-action%3Aaction%3Dlightbox%26settings%3DeyJpZCI6NTEwNCwidXJsIjoiaHR0cHM6XC9cL2NvcmRlbGlhLnRlc3Q3LmV1XC93cC1jb250ZW50XC91cGxvYWRzXC8yMDI2XC8wNFwvdGVhLXRpbWUtY29yZGVsaWEtMjQud2VicCIsInNsaWRlc2hvdyI6IjFiNmRlNWE5In0%3D\" href=\"https:\/\/cordelia.test7.eu\/wp-content\/uploads\/2026\/04\/tea-time-cordelia-24.webp\"><figure class=\"swiper-slide-inner\"><img decoding=\"async\" class=\"swiper-slide-image\" src=\"https:\/\/cordelia.test7.eu\/wp-content\/uploads\/2026\/04\/tea-time-cordelia-24.webp\" alt=\"Salon de l&#039;hotel Cordelia : fauteuil chocolat, table basse avec service tea time et vue sur facade haussmannienne\" \/><\/figure><\/a><\/div><div class=\"swiper-slide\" role=\"group\" aria-roledescription=\"slide\" aria-label=\"4 of 12\"><a data-elementor-open-lightbox=\"yes\" data-elementor-lightbox-slideshow=\"1b6de5a9\" data-elementor-lightbox-title=\"Pancakes aux fraises sous cloche - Tea time Hotel Cordelia\" data-elementor-lightbox-description=\"Detail du buffet tea time : une cloche en verre protege une tour de pancakes moelleux garnis de fraises fraiches. Les sachets de the George Cannon (Long Jing, infusions) completent la selection.\" data-e-action-hash=\"#elementor-action%3Aaction%3Dlightbox%26settings%3DeyJpZCI6NTEwNSwidXJsIjoiaHR0cHM6XC9cL2NvcmRlbGlhLnRlc3Q3LmV1XC93cC1jb250ZW50XC91cGxvYWRzXC8yMDI2XC8wNFwvdGVhLXRpbWUtY29yZGVsaWEtMjMud2VicCIsInNsaWRlc2hvdyI6IjFiNmRlNWE5In0%3D\" href=\"https:\/\/cordelia.test7.eu\/wp-content\/uploads\/2026\/04\/tea-time-cordelia-23.webp\"><figure class=\"swiper-slide-inner\"><img decoding=\"async\" class=\"swiper-slide-image\" src=\"https:\/\/cordelia.test7.eu\/wp-content\/uploads\/2026\/04\/tea-time-cordelia-23.webp\" alt=\"Cloche en verre avec tour de pancakes dores aux fraises sur presentoir blanc, sachets de the George Cannon\" \/><\/figure><\/a><\/div><div class=\"swiper-slide\" role=\"group\" aria-roledescription=\"slide\" aria-label=\"5 of 12\"><a data-elementor-open-lightbox=\"yes\" data-elementor-lightbox-slideshow=\"1b6de5a9\" data-elementor-lightbox-title=\"Tasse de the Hotel Cordelia - Tea time\" data-elementor-lightbox-description=\"Geste du tea time a l&#039;hotel Cordelia : une main saisit delicatement la tasse de the pendant que la theiere, un bol de fraises et les pancakes maison composent le reste du service.\" data-e-action-hash=\"#elementor-action%3Aaction%3Dlightbox%26settings%3DeyJpZCI6NTEwNiwidXJsIjoiaHR0cHM6XC9cL2NvcmRlbGlhLnRlc3Q3LmV1XC93cC1jb250ZW50XC91cGxvYWRzXC8yMDI2XC8wNFwvdGVhLXRpbWUtY29yZGVsaWEtNDcud2VicCIsInNsaWRlc2hvdyI6IjFiNmRlNWE5In0%3D\" href=\"https:\/\/cordelia.test7.eu\/wp-content\/uploads\/2026\/04\/tea-time-cordelia-47.webp\"><figure class=\"swiper-slide-inner\"><img decoding=\"async\" class=\"swiper-slide-image\" src=\"https:\/\/cordelia.test7.eu\/wp-content\/uploads\/2026\/04\/tea-time-cordelia-47.webp\" alt=\"Main saisissant une tasse de the Hotel Cordelia, theiere et pancakes aux fraises sur la table\" \/><\/figure><\/a><\/div><div class=\"swiper-slide\" role=\"group\" aria-roledescription=\"slide\" aria-label=\"6 of 12\"><a data-elementor-open-lightbox=\"yes\" data-elementor-lightbox-slideshow=\"1b6de5a9\" data-elementor-lightbox-title=\"The et cake maison - Tea time Hotel Cordelia\" data-elementor-lightbox-description=\"Service tea time compose : une tasse de the chaud dans la vaisselle Hotel Cordelia et une assiette de cake maison aux fraises, poses sur une nappe fleurie aux teintes douces.\" data-e-action-hash=\"#elementor-action%3Aaction%3Dlightbox%26settings%3DeyJpZCI6NTEwNywidXJsIjoiaHR0cHM6XC9cL2NvcmRlbGlhLnRlc3Q3LmV1XC93cC1jb250ZW50XC91cGxvYWRzXC8yMDI2XC8wNFwvdGVhLXRpbWUtY29yZGVsaWEtNDYud2VicCIsInNsaWRlc2hvdyI6IjFiNmRlNWE5In0%3D\" href=\"https:\/\/cordelia.test7.eu\/wp-content\/uploads\/2026\/04\/tea-time-cordelia-46.webp\"><figure class=\"swiper-slide-inner\"><img decoding=\"async\" class=\"swiper-slide-image\" src=\"https:\/\/cordelia.test7.eu\/wp-content\/uploads\/2026\/04\/tea-time-cordelia-46.webp\" alt=\"Vue de dessus : tasse de the Hotel Cordelia et assiette de cake aux fraises sur nappe fleurie\" \/><\/figure><\/a><\/div><div class=\"swiper-slide\" role=\"group\" aria-roledescription=\"slide\" aria-label=\"7 of 12\"><a data-elementor-open-lightbox=\"yes\" data-elementor-lightbox-slideshow=\"1b6de5a9\" data-elementor-lightbox-title=\"Cake maison en chambre - Hotel Cordelia Paris\" data-elementor-lightbox-description=\"Une tranche de cake maison garnie de fraises fraiches est presentee dans une assiette aux armes de l&#039;hotel Cordelia. Ce service attentionne illustre le soin apporte au tea time en chambre.\" data-e-action-hash=\"#elementor-action%3Aaction%3Dlightbox%26settings%3DeyJpZCI6NTEwOCwidXJsIjoiaHR0cHM6XC9cL2NvcmRlbGlhLnRlc3Q3LmV1XC93cC1jb250ZW50XC91cGxvYWRzXC8yMDI2XC8wNFwvdGVhLXRpbWUtY29yZGVsaWE0NS53ZWJwIiwic2xpZGVzaG93IjoiMWI2ZGU1YTkifQ%3D%3D\" href=\"https:\/\/cordelia.test7.eu\/wp-content\/uploads\/2026\/04\/tea-time-cordelia45.webp\"><figure class=\"swiper-slide-inner\"><img decoding=\"async\" class=\"swiper-slide-image\" src=\"https:\/\/cordelia.test7.eu\/wp-content\/uploads\/2026\/04\/tea-time-cordelia45.webp\" alt=\"Mains tenant une assiette Hotel Cordelia avec une tranche de cake maison garni de fraises fraiches\" \/><\/figure><\/a><\/div><div class=\"swiper-slide\" role=\"group\" aria-roledescription=\"slide\" aria-label=\"8 of 12\"><a data-elementor-open-lightbox=\"yes\" data-elementor-lightbox-slideshow=\"1b6de5a9\" data-elementor-lightbox-title=\"Tea time au salon - Hotel Cordelia Paris\" data-elementor-lightbox-description=\"Le tea time de l&#039;hotel Cordelia se presente sur une table ronde noire : un presentoir etagere accueille des pancakes aux fraises sous cloche en verre et un cake maison tranche, accompagnes d&#039;un bol de fraises fraiches, de pate chocolatee et de sachets de the George Cannon.\" data-e-action-hash=\"#elementor-action%3Aaction%3Dlightbox%26settings%3DeyJpZCI6NTEwOSwidXJsIjoiaHR0cHM6XC9cL2NvcmRlbGlhLnRlc3Q3LmV1XC93cC1jb250ZW50XC91cGxvYWRzXC8yMDI2XC8wNFwvdGVhLXRpbWUtY29yZGVsaWEtMjIud2VicCIsInNsaWRlc2hvdyI6IjFiNmRlNWE5In0%3D\" href=\"https:\/\/cordelia.test7.eu\/wp-content\/uploads\/2026\/04\/tea-time-cordelia-22.webp\"><figure class=\"swiper-slide-inner\"><img decoding=\"async\" class=\"swiper-slide-image\" src=\"https:\/\/cordelia.test7.eu\/wp-content\/uploads\/2026\/04\/tea-time-cordelia-22.webp\" alt=\"Buffet tea time : pancakes aux fraises sous cloche, cake maison tranche et fraises sur table ronde noire\" \/><\/figure><\/a><\/div><div class=\"swiper-slide\" role=\"group\" aria-roledescription=\"slide\" aria-label=\"9 of 12\"><a data-elementor-open-lightbox=\"yes\" data-elementor-lightbox-slideshow=\"1b6de5a9\" data-elementor-lightbox-title=\"Tea time pour deux - Hotel Cordelia Paris\" data-elementor-lightbox-description=\"Moment de partage au salon de l&#039;hotel Cordelia : le service tea time pour deux est dresse sur une table ronde noire. Les tasses et la theiere arborent le monogramme de l&#039;hotel, aux cotes des pancakes aux fraises et des couverts dores.\" data-e-action-hash=\"#elementor-action%3Aaction%3Dlightbox%26settings%3DeyJpZCI6NTExMCwidXJsIjoiaHR0cHM6XC9cL2NvcmRlbGlhLnRlc3Q3LmV1XC93cC1jb250ZW50XC91cGxvYWRzXC8yMDI2XC8wNFwvdGVhLXRpbWUtY29yZGVsaWEtNDMud2VicCIsInNsaWRlc2hvdyI6IjFiNmRlNWE5In0%3D\" href=\"https:\/\/cordelia.test7.eu\/wp-content\/uploads\/2026\/04\/tea-time-cordelia-43.webp\"><figure class=\"swiper-slide-inner\"><img decoding=\"async\" class=\"swiper-slide-image\" src=\"https:\/\/cordelia.test7.eu\/wp-content\/uploads\/2026\/04\/tea-time-cordelia-43.webp\" alt=\"Table ronde noire avec service tea time pour deux : tasses Hotel Cordelia, pancakes aux fraises et theiere\" \/><\/figure><\/a><\/div><div class=\"swiper-slide\" role=\"group\" aria-roledescription=\"slide\" aria-label=\"10 of 12\"><a data-elementor-open-lightbox=\"yes\" data-elementor-lightbox-slideshow=\"1b6de5a9\" data-elementor-lightbox-title=\"Tea time en chambre - Hotel Cordelia Paris\" data-elementor-lightbox-description=\"Le tea time peut etre servi en chambre a l&#039;hotel Cordelia. L&#039;assiette de pancakes aux fraises, la theiere et la tasse estampillees Hotel Cordelia et leurs accompagnements composent un service intimiste et soigne.\" data-e-action-hash=\"#elementor-action%3Aaction%3Dlightbox%26settings%3DeyJpZCI6NTExMSwidXJsIjoiaHR0cHM6XC9cL2NvcmRlbGlhLnRlc3Q3LmV1XC93cC1jb250ZW50XC91cGxvYWRzXC8yMDI2XC8wNFwvdGVhLXRpbWUtY29yZGVsaWEtNDEud2VicCIsInNsaWRlc2hvdyI6IjFiNmRlNWE5In0%3D\" href=\"https:\/\/cordelia.test7.eu\/wp-content\/uploads\/2026\/04\/tea-time-cordelia-41.webp\"><figure class=\"swiper-slide-inner\"><img decoding=\"async\" class=\"swiper-slide-image\" src=\"https:\/\/cordelia.test7.eu\/wp-content\/uploads\/2026\/04\/tea-time-cordelia-41.webp\" alt=\"Table en chambre avec pancakes aux fraises, theiere et tasse Hotel Cordelia, bol de fraises et Nutella\" \/><\/figure><\/a><\/div><div class=\"swiper-slide\" role=\"group\" aria-roledescription=\"slide\" aria-label=\"11 of 12\"><a data-elementor-open-lightbox=\"yes\" data-elementor-lightbox-slideshow=\"1b6de5a9\" data-elementor-lightbox-title=\"Pancakes en room service - Hotel Cordelia Paris\" data-elementor-lightbox-description=\"Service en chambre a l&#039;hotel Cordelia : une assiette de pancakes maison garnis de fraises fraiches est elegamment presentee sur le dessus-de-lit fleuri, pour un moment gourmand et intime.\" data-e-action-hash=\"#elementor-action%3Aaction%3Dlightbox%26settings%3DeyJpZCI6NTExMiwidXJsIjoiaHR0cHM6XC9cL2NvcmRlbGlhLnRlc3Q3LmV1XC93cC1jb250ZW50XC91cGxvYWRzXC8yMDI2XC8wNFwvdGVhLXRpbWUtY29yZGVsaWEtNDAud2VicCIsInNsaWRlc2hvdyI6IjFiNmRlNWE5In0%3D\" href=\"https:\/\/cordelia.test7.eu\/wp-content\/uploads\/2026\/04\/tea-time-cordelia-40.webp\"><figure class=\"swiper-slide-inner\"><img decoding=\"async\" class=\"swiper-slide-image\" src=\"https:\/\/cordelia.test7.eu\/wp-content\/uploads\/2026\/04\/tea-time-cordelia-40.webp\" alt=\"Assiette Hotel Cordelia avec pile de pancakes dores garnis de fraises fraiches, sur dessus-de-lit fleuri\" \/><\/figure><\/a><\/div><div class=\"swiper-slide\" role=\"group\" aria-roledescription=\"slide\" aria-label=\"12 of 12\"><a data-elementor-open-lightbox=\"yes\" data-elementor-lightbox-slideshow=\"1b6de5a9\" data-elementor-lightbox-title=\"Selection de thes et patisseries - Tea time Hotel Cordelia\" data-elementor-lightbox-description=\"Le buffet tea time associe patisseries maison et the de qualite : les sachets George Cannon (Long Jing, Rooibos, The blanc, infusions Bio) cotoient les pancakes sous cloche, le cake tranche aux fraises et un bol de fraises fraiches.\" data-e-action-hash=\"#elementor-action%3Aaction%3Dlightbox%26settings%3DeyJpZCI6NTExMywidXJsIjoiaHR0cHM6XC9cL2NvcmRlbGlhLnRlc3Q3LmV1XC93cC1jb250ZW50XC91cGxvYWRzXC8yMDI2XC8wNFwvdGVhLXRpbWUtY29yZGVsaWEtMzQud2VicCIsInNsaWRlc2hvdyI6IjFiNmRlNWE5In0%3D\" href=\"https:\/\/cordelia.test7.eu\/wp-content\/uploads\/2026\/04\/tea-time-cordelia-34.webp\"><figure class=\"swiper-slide-inner\"><img decoding=\"async\" class=\"swiper-slide-image\" src=\"https:\/\/cordelia.test7.eu\/wp-content\/uploads\/2026\/04\/tea-time-cordelia-34.webp\" alt=\"Buffet tea time : presentoir a pancakes, panier de thes George Cannon, cake aux fraises et fraises fraiches\" \/><\/figure><\/a><\/div>\t\t\t<\/div>\n\t\t\t\t\t\t\t\t\t\t\t\t<div class=\"elementor-swiper-button elementor-swiper-button-prev\" role=\"button\" tabindex=\"0\">\n\t\t\t\t\t\t<svg aria-hidden=\"true\" class=\"e-font-icon-svg e-eicon-chevron-left\" viewBox=\"0 0 1000 1000\" xmlns=\"http:\/\/www.w3.org\/2000\/svg\"><path d=\"M646 125C629 125 613 133 604 142L308 442C296 454 292 471 292 487 292 504 296 521 308 533L604 854C617 867 629 875 646 875 663 875 679 871 692 858 704 846 713 829 713 812 713 796 708 779 692 767L438 487 692 225C700 217 708 204 708 187 708 171 704 154 692 142 675 129 663 125 646 125Z\"><\/path><\/svg>\t\t\t\t\t<\/div>\n\t\t\t\t\t<div class=\"elementor-swiper-button elementor-swiper-button-next\" role=\"button\" tabindex=\"0\">\n\t\t\t\t\t\t<svg aria-hidden=\"true\" class=\"e-font-icon-svg e-eicon-chevron-right\" viewBox=\"0 0 1000 1000\" xmlns=\"http:\/\/www.w3.org\/2000\/svg\"><path d=\"M696 533C708 521 713 504 713 487 713 471 708 454 696 446L400 146C388 133 375 125 354 125 338 125 325 129 313 142 300 154 292 171 292 187 292 204 296 221 308 233L563 492 304 771C292 783 288 800 288 817 288 833 296 850 308 863 321 871 338 875 354 875 371 875 388 867 400 854L696 533Z\"><\/path><\/svg>\t\t\t\t\t<\/div>\n\t\t\t\t\n\t\t\t\t\t\t\t\t\t<\/div>\n\t\t\t\t\t\t<\/div>\n\t\t\t\t<\/div>\n\t\t\t\t<\/div>\n\t\t\t\t<\/div>\n\t\t","protected":false},"excerpt":{"rendered":"<p>De 14h \u00e0 18h, tous les jours. L&#8217;instant Tea Time \u00c0 l&#8217;H\u00f4tel Cord\u00e9lia, le Tea Time est ce petit plaisir qui fait toute la diff\u00e9rence ! Un moment gourmand et convivial, pens\u00e9 comme une pause douce et agr\u00e9able, \u00e0 savourer aussi bien \u00e0 votre arriv\u00e9e qu&#8217;en fin de journ\u00e9e dans notre salon \u00e0 c\u00f4t\u00e9 de [&hellip;]<\/p>\n","protected":false},"author":2,"featured_media":5077,"parent":0,"menu_order":0,"comment_status":"closed","ping_status":"closed","template":"","meta":{"_acf_changed":false,"footnotes":""},"class_list":["post-5076","page","type-page","status-publish","has-post-thumbnail","hentry"],"acf":[],"_links":{"self":[{"href":"https:\/\/cordelia.test7.eu\/en\/wp-json\/wp\/v2\/pages\/5076","targetHints":{"allow":["GET"]}}],"collection":[{"href":"https:\/\/cordelia.test7.eu\/en\/wp-json\/wp\/v2\/pages"}],"about":[{"href":"https:\/\/cordelia.test7.eu\/en\/wp-json\/wp\/v2\/types\/page"}],"author":[{"embeddable":true,"href":"https:\/\/cordelia.test7.eu\/en\/wp-json\/wp\/v2\/users\/2"}],"replies":[{"embeddable":true,"href":"https:\/\/cordelia.test7.eu\/en\/wp-json\/wp\/v2\/comments?post=5076"}],"version-history":[{"count":2,"href":"https:\/\/cordelia.test7.eu\/en\/wp-json\/wp\/v2\/pages\/5076\/revisions"}],"predecessor-version":[{"id":5130,"href":"https:\/\/cordelia.test7.eu\/en\/wp-json\/wp\/v2\/pages\/5076\/revisions\/5130"}],"wp:featuredmedia":[{"embeddable":true,"href":"https:\/\/cordelia.test7.eu\/en\/wp-json\/wp\/v2\/media\/5077"}],"wp:attachment":[{"href":"https:\/\/cordelia.test7.eu\/en\/wp-json\/wp\/v2\/media?parent=5076"}],"curies":[{"name":"wp","href":"https:\/\/api.w.org\/{rel}","templated":true}]}}