{"id":5321,"date":"2026-05-05T16:43:35","date_gmt":"2026-05-05T14:43:35","guid":{"rendered":"https:\/\/cordelia.test7.eu\/nos-offres\/"},"modified":"2026-05-16T03:04:39","modified_gmt":"2026-05-16T01:04:39","slug":"our-offers-2","status":"publish","type":"page","link":"https:\/\/cordelia.test7.eu\/en\/our-offers-2\/","title":{"rendered":"Our offers"},"content":{"rendered":"\t\t<div data-elementor-type=\"wp-page\" data-elementor-id=\"5321\" class=\"elementor elementor-5321 elementor-3734\" data-elementor-post-type=\"page\">\n\t\t\t\t<div data-dce-background-image-url=\"https:\/\/cordelia.test7.eu\/wp-content\/uploads\/2025\/07\/nos-offres-scaled.jpg\" class=\"elementor-element elementor-element-e4c0dc7 e-flex e-con-boxed e-con e-parent\" data-id=\"e4c0dc7\" data-element_type=\"container\" data-e-type=\"container\" data-settings=\"{&quot;background_background&quot;:&quot;classic&quot;}\">\n\t\t\t\t\t<div class=\"e-con-inner\">\n\t\t\t\t<div class=\"elementor-element elementor-element-0ee4aca elementor-invisible elementor-widget elementor-widget-heading\" data-id=\"0ee4aca\" data-element_type=\"widget\" data-e-type=\"widget\" data-settings=\"{&quot;_animation&quot;:&quot;fadeInLeft&quot;,&quot;_animation_delay&quot;:200}\" data-widget_type=\"heading.default\">\n\t\t\t\t<div class=\"elementor-widget-container\">\n\t\t\t\t\t<h1 class=\"elementor-heading-title elementor-size-default\">Our offers<\/h1>\t\t\t\t<\/div>\n\t\t\t\t<\/div>\n\t\t\t\t\t<\/div>\n\t\t\t\t<\/div>\n\t\t<div class=\"elementor-element elementor-element-d9c1edf e-con-full e-flex e-con e-parent\" data-id=\"d9c1edf\" data-element_type=\"container\" data-e-type=\"container\">\n\t\t\t\t<div class=\"elementor-element elementor-element-0779a8c elementor-widget elementor-widget-text-editor\" data-id=\"0779a8c\" data-element_type=\"widget\" data-e-type=\"widget\" data-widget_type=\"text-editor.default\">\n\t\t\t\t<div class=\"elementor-widget-container\">\n\t\t\t\t\t\t\t\t\t<p>Discover the exclusive offers at the Hotel Cord\u00e9lia, where every stay becomes an unforgettable experience. Located in the heart of Paris, our hotel invites you to take advantage of special rates and exceptional benefits to make your visit even more enjoyable.<\/p>\t\t\t\t\t\t\t\t<\/div>\n\t\t\t\t<\/div>\n\t\t\t\t<div class=\"elementor-element elementor-element-92a3fb0 elementor-grid-2 elementor-grid-tablet-2 elementor-grid-mobile-1 elementor-widget elementor-widget-loop-grid\" data-id=\"92a3fb0\" data-element_type=\"widget\" data-e-type=\"widget\" data-settings=\"{&quot;template_id&quot;:5333,&quot;columns&quot;:2,&quot;_skin&quot;:&quot;post&quot;,&quot;columns_tablet&quot;:&quot;2&quot;,&quot;columns_mobile&quot;:&quot;1&quot;,&quot;edit_handle_selector&quot;:&quot;[data-elementor-type=\\&quot;loop-item\\&quot;]&quot;,&quot;row_gap&quot;:{&quot;unit&quot;:&quot;px&quot;,&quot;size&quot;:&quot;&quot;,&quot;sizes&quot;:[]},&quot;row_gap_widescreen&quot;:{&quot;unit&quot;:&quot;px&quot;,&quot;size&quot;:&quot;&quot;,&quot;sizes&quot;:[]},&quot;row_gap_laptop&quot;:{&quot;unit&quot;:&quot;px&quot;,&quot;size&quot;:&quot;&quot;,&quot;sizes&quot;:[]},&quot;row_gap_tablet&quot;:{&quot;unit&quot;:&quot;px&quot;,&quot;size&quot;:&quot;&quot;,&quot;sizes&quot;:[]},&quot;row_gap_mobile&quot;:{&quot;unit&quot;:&quot;px&quot;,&quot;size&quot;:&quot;&quot;,&quot;sizes&quot;:[]}}\" data-widget_type=\"loop-grid.post\">\n\t\t\t\t<div class=\"elementor-widget-container\">\n\t\t\t\t\t\t\t<div class=\"elementor-loop-container elementor-grid\" role=\"list\">\n\t\t<style id=\"loop-5333\">.elementor-5333 .elementor-element.elementor-element-c8a99a8{--display:flex;--flex-direction:column;--container-widget-width:100%;--container-widget-height:initial;--container-widget-flex-grow:0;--container-widget-align-self:initial;--flex-wrap-mobile:wrap;--gap:30px 30px;--row-gap:30px;--column-gap:30px;--padding-top:0px;--padding-bottom:0px;--padding-left:0px;--padding-right:0px;}.elementor-widget-image .widget-image-caption{color:var( --e-global-color-text );font-family:var( --e-global-typography-text-font-family ), Sans-serif;font-size:var( --e-global-typography-text-font-size );font-weight:var( --e-global-typography-text-font-weight );line-height:var( --e-global-typography-text-line-height );}.elementor-widget-heading .elementor-heading-title{font-family:var( --e-global-typography-primary-font-family ), Sans-serif;font-size:var( --e-global-typography-primary-font-size );font-weight:var( --e-global-typography-primary-font-weight );line-height:var( --e-global-typography-primary-line-height );color:var( --e-global-color-primary );}.elementor-5333 .elementor-element.elementor-element-d9fd42a{text-align:center;}.elementor-5333 .elementor-element.elementor-element-d9fd42a .elementor-heading-title{font-family:\"Inter\", Sans-serif;font-size:24px;font-weight:300;text-transform:none;line-height:24px;}.elementor-5333 .elementor-element.elementor-element-d9fd42a.elementor-element{--align-self:center;}.elementor-5333 .elementor-element.elementor-element-bfcb349{text-align:center;width:var( --container-widget-width, 90% );max-width:90%;--container-widget-width:90%;--container-widget-flex-grow:0;}.elementor-5333 .elementor-element.elementor-element-bfcb349 .elementor-heading-title{font-family:\"Canela\", Sans-serif;font-size:48px;font-weight:300;text-transform:none;line-height:48px;}.elementor-5333 .elementor-element.elementor-element-bfcb349.elementor-element{--align-self:center;}.elementor-widget-button .elementor-button{font-family:var( --e-global-typography-accent-font-family ), Sans-serif;font-size:var( --e-global-typography-accent-font-size );font-weight:var( --e-global-typography-accent-font-weight );text-transform:var( --e-global-typography-accent-text-transform );line-height:var( --e-global-typography-accent-line-height );background-color:var( --e-global-color-accent );}.elementor-5333 .elementor-element.elementor-element-86a9e80 .elementor-button{border-radius:5px 5px 5px 5px;}.elementor-5333 .elementor-element.elementor-element-86a9e80.elementor-element{--align-self:center;}.elementor-widget-theme-post-content{color:var( --e-global-color-text );font-family:var( --e-global-typography-text-font-family ), Sans-serif;font-size:var( --e-global-typography-text-font-size );font-weight:var( --e-global-typography-text-font-weight );line-height:var( --e-global-typography-text-line-height );}.elementor-5333 .elementor-element.elementor-element-ab024a3{font-family:\"Inter\", Sans-serif;font-size:18px;font-weight:300;line-height:26px;width:var( --container-widget-width, 90% );max-width:90%;--container-widget-width:90%;--container-widget-flex-grow:0;}.elementor-5333 .elementor-element.elementor-element-ab024a3.elementor-element{--align-self:center;}@media(max-width:1366px){.elementor-widget-image .widget-image-caption{font-size:var( --e-global-typography-text-font-size );line-height:var( --e-global-typography-text-line-height );}.elementor-widget-heading .elementor-heading-title{font-size:var( --e-global-typography-primary-font-size );line-height:var( --e-global-typography-primary-line-height );}.elementor-widget-button .elementor-button{font-size:var( --e-global-typography-accent-font-size );line-height:var( --e-global-typography-accent-line-height );}.elementor-widget-theme-post-content{font-size:var( --e-global-typography-text-font-size );line-height:var( --e-global-typography-text-line-height );}}@media(max-width:1024px){.elementor-widget-image .widget-image-caption{font-size:var( --e-global-typography-text-font-size );line-height:var( --e-global-typography-text-line-height );}.elementor-widget-heading .elementor-heading-title{font-size:var( --e-global-typography-primary-font-size );line-height:var( --e-global-typography-primary-line-height );}.elementor-5333 .elementor-element.elementor-element-bfcb349 .elementor-heading-title{font-size:40px;line-height:40px;}.elementor-widget-button .elementor-button{font-size:var( --e-global-typography-accent-font-size );line-height:var( --e-global-typography-accent-line-height );}.elementor-widget-theme-post-content{font-size:var( --e-global-typography-text-font-size );line-height:var( --e-global-typography-text-line-height );}}@media(max-width:767px){.elementor-widget-image .widget-image-caption{font-size:var( --e-global-typography-text-font-size );line-height:var( --e-global-typography-text-line-height );}.elementor-widget-heading .elementor-heading-title{font-size:var( --e-global-typography-primary-font-size );line-height:var( --e-global-typography-primary-line-height );}.elementor-5333 .elementor-element.elementor-element-bfcb349 .elementor-heading-title{font-size:48px;line-height:48px;}.elementor-widget-button .elementor-button{font-size:var( --e-global-typography-accent-font-size );line-height:var( --e-global-typography-accent-line-height );}.elementor-widget-theme-post-content{font-size:var( --e-global-typography-text-font-size );line-height:var( --e-global-typography-text-line-height );}}@media(min-width:2400px){.elementor-widget-image .widget-image-caption{font-size:var( --e-global-typography-text-font-size );line-height:var( --e-global-typography-text-line-height );}.elementor-widget-heading .elementor-heading-title{font-size:var( --e-global-typography-primary-font-size );line-height:var( --e-global-typography-primary-line-height );}.elementor-widget-button .elementor-button{font-size:var( --e-global-typography-accent-font-size );line-height:var( --e-global-typography-accent-line-height );}.elementor-widget-theme-post-content{font-size:var( --e-global-typography-text-font-size );line-height:var( --e-global-typography-text-line-height );}}\/* Start custom CSS for theme-post-content, class: .elementor-element-ab024a3 *\/.elementor-5333 .elementor-element.elementor-element-ab024a3 p {\n    font-size: 18px !important;\n    line-height: 24px;\n}\/* End custom CSS *\/<\/style>\t\t<div data-elementor-type=\"loop-item\" data-elementor-id=\"5333\" class=\"elementor elementor-5333 elementor-3782 elementor-3782 e-loop-item e-loop-item-5200 post-5200 offers type-offers status-publish has-post-thumbnail hentry\" data-elementor-post-type=\"elementor_library\" data-custom-edit-handle=\"1\">\n\t\t\t<div class=\"elementor-element elementor-element-c8a99a8 e-flex e-con-boxed e-con e-parent\" data-id=\"c8a99a8\" data-element_type=\"container\" data-e-type=\"container\">\n\t\t\t\t\t<div class=\"e-con-inner\">\n\t\t\t\t<div class=\"elementor-element elementor-element-817a31b elementor-widget elementor-widget-image\" data-id=\"817a31b\" data-element_type=\"widget\" data-e-type=\"widget\" data-widget_type=\"image.default\">\n\t\t\t\t<div class=\"elementor-widget-container\">\n\t\t\t\t\t\t\t\t\t\t\t\t\t\t\t<img fetchpriority=\"high\" decoding=\"async\" width=\"800\" height=\"534\" src=\"https:\/\/cordelia.test7.eu\/wp-content\/uploads\/2025\/10\/offre-1-1024x683.jpg\" class=\"attachment-large size-large wp-image-2398\" alt=\"D\u00e9tente dans le salon de l&#039;H\u00f4tel Cord\u00e9lia Paris\" srcset=\"https:\/\/cordelia.test7.eu\/wp-content\/uploads\/2025\/10\/offre-1-1024x683.jpg 1024w, https:\/\/cordelia.test7.eu\/wp-content\/uploads\/2025\/10\/offre-1-300x200.jpg 300w, https:\/\/cordelia.test7.eu\/wp-content\/uploads\/2025\/10\/offre-1-768x512.jpg 768w, https:\/\/cordelia.test7.eu\/wp-content\/uploads\/2025\/10\/offre-1-1536x1024.jpg 1536w, https:\/\/cordelia.test7.eu\/wp-content\/uploads\/2025\/10\/offre-1.jpg 1920w\" sizes=\"(max-width: 800px) 100vw, 800px\" \/>\t\t\t\t\t\t\t\t\t\t\t\t\t\t\t<\/div>\n\t\t\t\t<\/div>\n\t\t\t\t<div class=\"elementor-element elementor-element-d9fd42a elementor-widget elementor-widget-heading\" data-id=\"d9fd42a\" data-element_type=\"widget\" data-e-type=\"widget\" data-widget_type=\"heading.default\">\n\t\t\t\t<div class=\"elementor-widget-container\">\n\t\t\t\t\t<div class=\"elementor-heading-title elementor-size-default\">Extended Stay in Paris<\/div>\t\t\t\t<\/div>\n\t\t\t\t<\/div>\n\t\t\t\t<div class=\"elementor-element elementor-element-bfcb349 elementor-widget__width-initial elementor-widget elementor-widget-heading\" data-id=\"bfcb349\" data-element_type=\"widget\" data-e-type=\"widget\" data-widget_type=\"heading.default\">\n\t\t\t\t<div class=\"elementor-widget-container\">\n\t\t\t\t\t<div class=\"elementor-heading-title elementor-size-default\">10% off your stay of 3 nights or more<\/div>\t\t\t\t<\/div>\n\t\t\t\t<\/div>\n\t\t\t\t<div class=\"elementor-element elementor-element-86a9e80 elementor-align-center elementor-widget elementor-widget-button\" data-id=\"86a9e80\" data-element_type=\"widget\" data-e-type=\"widget\" data-widget_type=\"button.default\">\n\t\t\t\t<div class=\"elementor-widget-container\">\n\t\t\t\t\t\t\t\t\t<div class=\"elementor-button-wrapper\">\n\t\t\t\t\t<a class=\"elementor-button elementor-button-link elementor-size-sm\" href=\"https:\/\/www.secure-hotel-booking.com\/Hotel-Cordelia\/21V3\/dateselection?language=EN\">\n\t\t\t\t\t\t<span class=\"elementor-button-content-wrapper\">\n\t\t\t\t\t\t\t\t\t<span class=\"elementor-button-text\">Book<\/span>\n\t\t\t\t\t<\/span>\n\t\t\t\t\t<\/a>\n\t\t\t\t<\/div>\n\t\t\t\t\t\t\t\t<\/div>\n\t\t\t\t<\/div>\n\t\t\t\t<div class=\"elementor-element elementor-element-ab024a3 elementor-widget__width-initial elementor-widget elementor-widget-theme-post-content\" data-id=\"ab024a3\" data-element_type=\"widget\" data-e-type=\"widget\" data-widget_type=\"theme-post-content.default\">\n\t\t\t\t<div class=\"elementor-widget-container\">\n\t\t\t\t\t<p>Stay longer in Paris and enjoy an exclusive advantage by booking directly on our official website.<br \/>\nFor stays of 3 nights or more, receive an additional 10% discount on your accommodation and take the time to experience Paris at your own pace, from an elegant address in the heart of the Op\u00e9ra district.<br \/>\nThis exclusive offer is available only on our official website.<\/p>\n<p>OFFER HIGHLIGHTS:<br \/>\n\u2022 Offer valid every day of the week<br \/>\n\u2022 Up to 35% off when booking directly on the official website<br \/>\n\u2022 Access to the best available rates<\/p>\n<p>CONDITIONS:<br \/>\n\u2022 Non-refundable offer<br \/>\n\u2022 Non-modifiable offer<\/p>\n\t\t\t\t<\/div>\n\t\t\t\t<\/div>\n\t\t\t\t\t<\/div>\n\t\t\t\t<\/div>\n\t\t\t\t<\/div>\n\t\t\t\t<div data-elementor-type=\"loop-item\" data-elementor-id=\"5333\" class=\"elementor elementor-5333 elementor-3782 elementor-3782 e-loop-item e-loop-item-5202 post-5202 offers type-offers status-publish has-post-thumbnail hentry\" data-elementor-post-type=\"elementor_library\" data-custom-edit-handle=\"1\">\n\t\t\t<div class=\"elementor-element elementor-element-c8a99a8 e-flex e-con-boxed e-con e-parent\" data-id=\"c8a99a8\" data-element_type=\"container\" data-e-type=\"container\">\n\t\t\t\t\t<div class=\"e-con-inner\">\n\t\t\t\t<div class=\"elementor-element elementor-element-817a31b elementor-widget elementor-widget-image\" data-id=\"817a31b\" data-element_type=\"widget\" data-e-type=\"widget\" data-widget_type=\"image.default\">\n\t\t\t\t<div class=\"elementor-widget-container\">\n\t\t\t\t\t\t\t\t\t\t\t\t\t\t\t<img decoding=\"async\" width=\"800\" height=\"534\" src=\"https:\/\/cordelia.test7.eu\/wp-content\/uploads\/2025\/11\/pdj-3W8A4048-1024x683.jpg\" class=\"attachment-large size-large wp-image-2895\" alt=\"Plateau de petit-d\u00e9jeuner \u00e0 l&#039;H\u00f4tel Cord\u00e9lia Paris\" srcset=\"https:\/\/cordelia.test7.eu\/wp-content\/uploads\/2025\/11\/pdj-3W8A4048-1024x683.jpg 1024w, https:\/\/cordelia.test7.eu\/wp-content\/uploads\/2025\/11\/pdj-3W8A4048-300x200.jpg 300w, https:\/\/cordelia.test7.eu\/wp-content\/uploads\/2025\/11\/pdj-3W8A4048-768x512.jpg 768w, https:\/\/cordelia.test7.eu\/wp-content\/uploads\/2025\/11\/pdj-3W8A4048-1536x1024.jpg 1536w, https:\/\/cordelia.test7.eu\/wp-content\/uploads\/2025\/11\/pdj-3W8A4048.jpg 1920w\" sizes=\"(max-width: 800px) 100vw, 800px\" \/>\t\t\t\t\t\t\t\t\t\t\t\t\t\t\t<\/div>\n\t\t\t\t<\/div>\n\t\t\t\t<div class=\"elementor-element elementor-element-d9fd42a elementor-widget elementor-widget-heading\" data-id=\"d9fd42a\" data-element_type=\"widget\" data-e-type=\"widget\" data-widget_type=\"heading.default\">\n\t\t\t\t<div class=\"elementor-widget-container\">\n\t\t\t\t\t<div class=\"elementor-heading-title elementor-size-default\">Cordelia&#8217;s Love<\/div>\t\t\t\t<\/div>\n\t\t\t\t<\/div>\n\t\t\t\t<div class=\"elementor-element elementor-element-bfcb349 elementor-widget__width-initial elementor-widget elementor-widget-heading\" data-id=\"bfcb349\" data-element_type=\"widget\" data-e-type=\"widget\" data-widget_type=\"heading.default\">\n\t\t\t\t<div class=\"elementor-widget-container\">\n\t\t\t\t\t<div class=\"elementor-heading-title elementor-size-default\">Breakfast and Romantic Gesture<\/div>\t\t\t\t<\/div>\n\t\t\t\t<\/div>\n\t\t\t\t<div class=\"elementor-element elementor-element-86a9e80 elementor-align-center elementor-widget elementor-widget-button\" data-id=\"86a9e80\" data-element_type=\"widget\" data-e-type=\"widget\" data-widget_type=\"button.default\">\n\t\t\t\t<div class=\"elementor-widget-container\">\n\t\t\t\t\t\t\t\t\t<div class=\"elementor-button-wrapper\">\n\t\t\t\t\t<a class=\"elementor-button elementor-button-link elementor-size-sm\" href=\"https:\/\/www.secure-hotel-booking.com\/Hotel-Cordelia\/21V3\/dateselection?language=EN\">\n\t\t\t\t\t\t<span class=\"elementor-button-content-wrapper\">\n\t\t\t\t\t\t\t\t\t<span class=\"elementor-button-text\">Book<\/span>\n\t\t\t\t\t<\/span>\n\t\t\t\t\t<\/a>\n\t\t\t\t<\/div>\n\t\t\t\t\t\t\t\t<\/div>\n\t\t\t\t<\/div>\n\t\t\t\t<div class=\"elementor-element elementor-element-ab024a3 elementor-widget__width-initial elementor-widget elementor-widget-theme-post-content\" data-id=\"ab024a3\" data-element_type=\"widget\" data-e-type=\"widget\" data-widget_type=\"theme-post-content.default\">\n\t\t\t\t<div class=\"elementor-widget-container\">\n\t\t\t\t\t<p>Treat yourself to a romantic escape in the heart of Paris and enjoy a special moment for two in the elegant and intimate setting of H\u00f4tel Cord\u00e9lia Op\u00e9ra.<br \/>\nDesigned to celebrate love all year round, this package invites you to experience a refined and memorable stay for two.<br \/>\nBreakfast is included for two guests, and a <strong>half bottle of champagne<\/strong> will be waiting in your room to make your stay even more special.<\/p>\n<p>OFFER HIGHLIGHTS:<br \/>\n\u2022 Breakfast included for two<br \/>\n\u2022 <strong>Half bottle of champagne in the room<\/strong><br \/>\n\u2022 Exclusive offer available on our official website<\/p>\n<p>CONDITIONS:<br \/>\n\u2022 Subject to availability<br \/>\n\u2022 Flexible up to 48 hours prior to arrival<\/p>\n\t\t\t\t<\/div>\n\t\t\t\t<\/div>\n\t\t\t\t\t<\/div>\n\t\t\t\t<\/div>\n\t\t\t\t<\/div>\n\t\t\t\t<div data-elementor-type=\"loop-item\" data-elementor-id=\"5333\" class=\"elementor elementor-5333 elementor-3782 elementor-3782 e-loop-item e-loop-item-5204 post-5204 offers type-offers status-publish has-post-thumbnail hentry\" data-elementor-post-type=\"elementor_library\" data-custom-edit-handle=\"1\">\n\t\t\t<div class=\"elementor-element elementor-element-c8a99a8 e-flex e-con-boxed e-con e-parent\" data-id=\"c8a99a8\" data-element_type=\"container\" data-e-type=\"container\">\n\t\t\t\t\t<div class=\"e-con-inner\">\n\t\t\t\t<div class=\"elementor-element elementor-element-817a31b elementor-widget elementor-widget-image\" data-id=\"817a31b\" data-element_type=\"widget\" data-e-type=\"widget\" data-widget_type=\"image.default\">\n\t\t\t\t<div class=\"elementor-widget-container\">\n\t\t\t\t\t\t\t\t\t\t\t\t\t\t\t<img decoding=\"async\" width=\"800\" height=\"533\" src=\"https:\/\/cordelia.test7.eu\/wp-content\/uploads\/2025\/03\/chambre-twin-202-1024x682.jpg\" class=\"attachment-large size-large wp-image-756\" alt=\"Chambre Twin - H\u00f4tel Cord\u00e9lia Paris\" srcset=\"https:\/\/cordelia.test7.eu\/wp-content\/uploads\/2025\/03\/chambre-twin-202-1024x682.jpg 1024w, https:\/\/cordelia.test7.eu\/wp-content\/uploads\/2025\/03\/chambre-twin-202-300x200.jpg 300w, https:\/\/cordelia.test7.eu\/wp-content\/uploads\/2025\/03\/chambre-twin-202-768x512.jpg 768w, https:\/\/cordelia.test7.eu\/wp-content\/uploads\/2025\/03\/chambre-twin-202-1536x1024.jpg 1536w, https:\/\/cordelia.test7.eu\/wp-content\/uploads\/2025\/03\/chambre-twin-202.jpg 1772w\" sizes=\"(max-width: 800px) 100vw, 800px\" \/>\t\t\t\t\t\t\t\t\t\t\t\t\t\t\t<\/div>\n\t\t\t\t<\/div>\n\t\t\t\t<div class=\"elementor-element elementor-element-d9fd42a elementor-widget elementor-widget-heading\" data-id=\"d9fd42a\" data-element_type=\"widget\" data-e-type=\"widget\" data-widget_type=\"heading.default\">\n\t\t\t\t<div class=\"elementor-widget-container\">\n\t\t\t\t\t<div class=\"elementor-heading-title elementor-size-default\">Paris in Bloom<\/div>\t\t\t\t<\/div>\n\t\t\t\t<\/div>\n\t\t\t\t<div class=\"elementor-element elementor-element-bfcb349 elementor-widget__width-initial elementor-widget elementor-widget-heading\" data-id=\"bfcb349\" data-element_type=\"widget\" data-e-type=\"widget\" data-widget_type=\"heading.default\">\n\t\t\t\t<div class=\"elementor-widget-container\">\n\t\t\t\t\t<div class=\"elementor-heading-title elementor-size-default\">Complimentary Breakfast<\/div>\t\t\t\t<\/div>\n\t\t\t\t<\/div>\n\t\t\t\t<div class=\"elementor-element elementor-element-86a9e80 elementor-align-center elementor-widget elementor-widget-button\" data-id=\"86a9e80\" data-element_type=\"widget\" data-e-type=\"widget\" data-widget_type=\"button.default\">\n\t\t\t\t<div class=\"elementor-widget-container\">\n\t\t\t\t\t\t\t\t\t<div class=\"elementor-button-wrapper\">\n\t\t\t\t\t<a class=\"elementor-button elementor-button-link elementor-size-sm\" href=\"https:\/\/www.secure-hotel-booking.com\/Hotel-Cordelia\/21V3\/dateselection?language=EN\">\n\t\t\t\t\t\t<span class=\"elementor-button-content-wrapper\">\n\t\t\t\t\t\t\t\t\t<span class=\"elementor-button-text\">Book<\/span>\n\t\t\t\t\t<\/span>\n\t\t\t\t\t<\/a>\n\t\t\t\t<\/div>\n\t\t\t\t\t\t\t\t<\/div>\n\t\t\t\t<\/div>\n\t\t\t\t<div class=\"elementor-element elementor-element-ab024a3 elementor-widget__width-initial elementor-widget elementor-widget-theme-post-content\" data-id=\"ab024a3\" data-element_type=\"widget\" data-e-type=\"widget\" data-widget_type=\"theme-post-content.default\">\n\t\t\t\t<div class=\"elementor-widget-container\">\n\t\t\t\t\t<p>Celebrate spring in the heart of Paris with our exclusive <strong>Paris in Bloom<\/strong> package.<br \/>\nEnjoy a minimum 3-night stay in the elegance and comfort of our hotel, just steps away from the city&#8217;s most beautiful landmarks.<\/p>\n<p>OFFER HIGHLIGHTS:<br \/>\nValid every day of the week<br \/>\nComplimentary breakfast throughout your stay<br \/>\nAccess to the best available rates<\/p>\n<p>Stroll through blooming gardens, rediscover iconic monuments under the soft spring light, and savour every moment, from indulgent breakfasts to Parisian evenings.<br \/>\nBook your seasonal escape now!<\/p>\n<p>CONDITIONS:<br \/>\n\u2022 Non-refundable offer<br \/>\n\u2022 Non-modifiable offer<\/p>\n\t\t\t\t<\/div>\n\t\t\t\t<\/div>\n\t\t\t\t\t<\/div>\n\t\t\t\t<\/div>\n\t\t\t\t<\/div>\n\t\t\t\t<\/div>\n\t\t\n\t\t\t\t\t\t<\/div>\n\t\t\t\t<\/div>\n\t\t\t\t<\/div>\n\t\t\t\t<\/div>\n\t\t","protected":false},"excerpt":{"rendered":"<p>Discover the exclusive offers at the Hotel Cord\u00e9lia, where every stay becomes an unforgettable experience. Located in the heart of Paris, our hotel invites you to take advantage of special rates and exceptional benefits to make your visit even more enjoyable.<\/p>\n","protected":false},"author":2,"featured_media":702,"parent":0,"menu_order":0,"comment_status":"closed","ping_status":"closed","template":"","meta":{"_acf_changed":false,"footnotes":""},"class_list":["post-5321","page","type-page","status-publish","has-post-thumbnail","hentry"],"acf":[],"_links":{"self":[{"href":"https:\/\/cordelia.test7.eu\/en\/wp-json\/wp\/v2\/pages\/5321","targetHints":{"allow":["GET"]}}],"collection":[{"href":"https:\/\/cordelia.test7.eu\/en\/wp-json\/wp\/v2\/pages"}],"about":[{"href":"https:\/\/cordelia.test7.eu\/en\/wp-json\/wp\/v2\/types\/page"}],"author":[{"embeddable":true,"href":"https:\/\/cordelia.test7.eu\/en\/wp-json\/wp\/v2\/users\/2"}],"replies":[{"embeddable":true,"href":"https:\/\/cordelia.test7.eu\/en\/wp-json\/wp\/v2\/comments?post=5321"}],"version-history":[{"count":4,"href":"https:\/\/cordelia.test7.eu\/en\/wp-json\/wp\/v2\/pages\/5321\/revisions"}],"predecessor-version":[{"id":5332,"href":"https:\/\/cordelia.test7.eu\/en\/wp-json\/wp\/v2\/pages\/5321\/revisions\/5332"}],"wp:featuredmedia":[{"embeddable":true,"href":"https:\/\/cordelia.test7.eu\/en\/wp-json\/wp\/v2\/media\/702"}],"wp:attachment":[{"href":"https:\/\/cordelia.test7.eu\/en\/wp-json\/wp\/v2\/media?parent=5321"}],"curies":[{"name":"wp","href":"https:\/\/api.w.org\/{rel}","templated":true}]}}