{"id":893,"date":"2024-12-02T16:53:57","date_gmt":"2024-12-02T15:53:57","guid":{"rendered":"https:\/\/www.cordelia-paris-hotel.com\/new\/?page_id=893"},"modified":"2025-12-14T18:54:21","modified_gmt":"2025-12-14T17:54:21","slug":"our-offers","status":"publish","type":"page","link":"https:\/\/cordelia.test7.eu\/en\/our-offers\/","title":{"rendered":"Our offers"},"content":{"rendered":"\n\n  <div class=\"banner has-hover\" id=\"banner-60471608\">\n          <div class=\"banner-inner fill\">\n        <div class=\"banner-bg fill\" >\n            <img fetchpriority=\"high\" decoding=\"async\" width=\"1707\" height=\"2560\" src=\"https:\/\/cordelia.test7.eu\/wp-content\/uploads\/2025\/11\/offres-scaled.jpg\" class=\"bg attachment-original size-original\" alt=\"Coupes de Champagne, offres romantiques\" \/>                                    \n                    <\/div>\n\t\t\n        <div class=\"banner-layers container\">\n            <div class=\"fill banner-link\"><\/div>            \n\n   <div id=\"text-box-396606950\" class=\"text-box banner-layer x10 md-x1 lg-x1 y95 md-y90 lg-y90 res-text\">\n              <div data-parallax=\"-1\" data-parallax-fade=\"true\">       <div data-animate=\"bounceIn\">           <div class=\"text-box-content text dark\">\n              \n              <div class=\"text-inner text-center\">\n                  \n\n\t<div id=\"text-2576974377\" class=\"text\">\n\t\t\n\n<h1 class=\"titre-rooms\">Our Offers<\/h1>\n\t\t\n<style>\n#text-2576974377 {\n  text-align: left;\n}\n<\/style>\n\t<\/div>\n\t\n\n              <\/div>\n           <\/div>\n       <\/div>       <\/div>              \n<style>\n#text-box-396606950 {\n  width: 80%;\n}\n#text-box-396606950 .text-box-content {\n  font-size: 100%;\n}\n@media (min-width:550px) {\n  #text-box-396606950 {\n    width: 70%;\n  }\n}\n@media (min-width:850px) {\n  #text-box-396606950 {\n    width: 100%;\n  }\n}\n<\/style>\n    <\/div>\n \n\n        <\/div>\n      <\/div>\n\n            \n<style>\n#banner-60471608 {\n  padding-top: 262px;\n}\n#banner-60471608 .banner-bg img {\n  object-position: 20% 40%;\n}\n@media (min-width:550px) {\n  #banner-60471608 {\n    padding-top: 56.25%;\n  }\n}\n@media (min-width:850px) {\n  #banner-60471608 {\n    padding-top: 500px;\n  }\n}\n<\/style>\n  <\/div>\n\n\n<div class=\"row align-middle\"  id=\"row-1570794598\">\n\n\n\t<div id=\"col-746400721\" class=\"col medium-12 small-12 large-12\"  >\n\t\t\t\t<div class=\"col-inner text-center\"  >\n\t\t\t\n\t\t\t\n\n\t<div id=\"text-4259280333\" class=\"text\">\n\t\t\n\n<p>Discover the exclusive offers at the Hotel Cord\u00e9lia, where every stay becomes an unforgettable experience. Located in the heart of Paris, our hotel invites you to take advantage of special rates and exceptional benefits to make your visit even more enjoyable.\n<\/p>\n\t\t\n<style>\n#text-4259280333 {\n  text-align: left;\n}\n<\/style>\n\t<\/div>\n\t\n\n\t\t<\/div>\n\t\t\t\t\n<style>\n#col-746400721 > .col-inner {\n  padding: 10px 20px 0px 20px;\n  margin: 30px 0px 0px 0px;\n  max-width: 750px;\n}\n@media (min-width:550px) {\n  #col-746400721 > .col-inner {\n    padding: 80px 0px 0px 0px;\n    margin: 0px 0px 0px 0px;\n  }\n}\n@media (min-width:850px) {\n  #col-746400721 > .col-inner {\n    max-width: 100%;\n  }\n}\n<\/style>\n\t<\/div>\n\n\t\n\n<\/div>\n<div class=\"is-divider divider clearfix\" style=\"max-width:0px;height:30px;\"><\/div>\n\n<div class=\"row\"  id=\"row-1837388325\">\n\n\n\t<div id=\"col-1652885563\" class=\"col medium-12 small-12 large-6\"  >\n\t\t\t\t<div class=\"col-inner\"  >\n\t\t\t\n\t\t\t\n\n\t<div class=\"img has-hover x md-x lg-x y md-y lg-y\" id=\"image_1482717370\">\n\t\t\t\t\t\t\t\t<div class=\"img-inner image-cover dark\" style=\"padding-top:56.25%;\">\n\t\t\t<img decoding=\"async\" width=\"1020\" height=\"680\" src=\"https:\/\/cordelia.test7.eu\/wp-content\/uploads\/2025\/10\/offre-1-1024x683.jpg\" class=\"attachment-large size-large\" alt=\"D\u00e9tente dans le salon de l&#039;h\u00f4tel Cord\u00e9lia Paris\" srcset=\"https:\/\/cordelia.test7.eu\/wp-content\/uploads\/2025\/10\/offre-1-1024x683.jpg 1024w, https:\/\/cordelia.test7.eu\/wp-content\/uploads\/2025\/10\/offre-1-300x200.jpg 300w, https:\/\/cordelia.test7.eu\/wp-content\/uploads\/2025\/10\/offre-1-768x512.jpg 768w, https:\/\/cordelia.test7.eu\/wp-content\/uploads\/2025\/10\/offre-1-1536x1024.jpg 1536w, https:\/\/cordelia.test7.eu\/wp-content\/uploads\/2025\/10\/offre-1.jpg 1920w\" sizes=\"(max-width: 1020px) 100vw, 1020px\" \/>\t\t\t\t\t\t\n\t\t\t\t\t<\/div>\n\t\t\t\t\t\t\t\t\n<style>\n#image_1482717370 {\n  width: 100%;\n}\n<\/style>\n\t<\/div>\n\t\n\n<div class=\"is-divider divider clearfix\" style=\"height:20px;background-color:rgba(0, 0, 0, 0);\"><\/div>\n\n\t<div id=\"text-2259149695\" class=\"text\">\n\t\t\n\n<p style=\"font-weight:300 !important; font-size:24px;\">Escape to Paris<\/p>\n<h3 style=\"font-weight:400 !important; font-size:48px; line-height:48px;\">-10% off your stay <br \/>of 3 nights or more<\/h3>\n\t\t\n<style>\n#text-2259149695 {\n  text-align: center;\n}\n<\/style>\n\t<\/div>\n\t\n<div class=\"row align-center\"  id=\"row-375641010\">\n\n\n\t<div id=\"col-1527332642\" class=\"col small-6 large-12\"  >\n\t\t\t\t<div class=\"col-inner text-center\"  >\n\t\t\t\n\t\t\t\n\n<a href=\"https:\/\/www.secure-hotel-booking.com\/Hotel-Cordelia\/21V3\/dateselection?language=EN\" target=\"_blank\" class=\"button secondary is-small\" rel=\"noopener\"  style=\"border-radius:5px;padding:7px 20px 7px 20px;\">\n\t\t<span>Book<\/span>\n\t<\/a>\n\n\n\n\t\t<\/div>\n\t\t\t\t\n<style>\n#col-1527332642 > .col-inner {\n  margin: 10px 0px 0px 0px;\n}\n<\/style>\n\t<\/div>\n\n\t\n\n<\/div>\n\n\t<section class=\"section container-offres\" id=\"section_2008980874\">\n\t\t<div class=\"section-bg fill\" >\n\t\t\t\t\t\t\t\t\t\n\t\t\t\n\n\t\t<\/div>\n\n\t\t\n\n\t\t<div class=\"section-content relative\">\n\t\t\t\n\n<div class=\"row row-collapse row-full-width\"  id=\"row-1241843773\">\n\n\n\t<div id=\"col-458272544\" class=\"col small-12 large-12\"  >\n\t\t\t\t<div class=\"col-inner\"  >\n\t\t\t\n\t\t\t\n\n\t<div id=\"text-2879405105\" class=\"text text-offres\">\n\t\t\n\n<p> Take advantage of our special long stay offer: stay 3 nights or more in our Parisian hotel and benefit from an additional 10% discount on your stay!<\/p>\n\t\t\n<style>\n#text-2879405105 {\n  text-align: left;\n}\n<\/style>\n\t<\/div>\n\t\n<div class=\"accordion accordion-plus-offres\">\n\n\t<div id=\"accordion-1309120077\" class=\"accordion-item plus-offres\">\n\t\t<a id=\"accordion-1309120077-label\" class=\"accordion-title plain\" href=\"#accordion-item-learn-more\" aria-expanded=\"false\" aria-controls=\"accordion-1309120077-content\" >\n\t\t\t\n\t\t\t<span>LEARN MORE<\/span>\n\t\t\t<button class=\"toggle\" aria-label=\"Toggle\"><i class=\"icon-plus\"><\/i><\/button>\n\t\t<\/a>\n\t\t<div id=\"accordion-1309120077-content\" class=\"accordion-inner\" aria-labelledby=\"accordion-1309120077-label\" >\n\t\t\t\n\n\n\t<section class=\"section\" id=\"section_235643563\">\n\t\t<div class=\"section-bg fill\" >\n\t\t\t\t\t\t\t\t\t\n\t\t\t\n\n\t\t<\/div>\n\n\t\t\n\n\t\t<div class=\"section-content relative\">\n\t\t\t\n\n<div class=\"row row-collapse row-full-width\"  id=\"row-1656990029\">\n\n\n\t<div id=\"col-1568752832\" class=\"col small-12 large-12\"  >\n\t\t\t\t<div class=\"col-inner\"  >\n\t\t\t\n\t\t\t\n\n<p>Take advantage of our special long-stay offer: stay 3 nights or more at our Parisian hotel and receive an additional 10% discount on your stay! Immerse yourself in the unique atmosphere of the City of Lights while enjoying the comfort of our rooms. This exclusive offer is only available on our official website, guaranteeing you the best conditions for your getaway.<\/p>\n<p>Whether you want to discover iconic monuments, explore charming neighborhoods, or simply relax, we have everything you need for an unforgettable stay. Book now and let Paris enchant you!<\/p>\n\n\t\t<\/div>\n\t\t\t\t\n<style>\n#col-1568752832 > .col-inner {\n  margin: 0px 0px 20px 0px;\n}\n<\/style>\n\t<\/div>\n\n\t\n\n\t<div id=\"col-2083159081\" class=\"col small-12 large-12\"  >\n\t\t\t\t<div class=\"col-inner\"  >\n\t\t\t\n\t\t\t\n\n\t<div id=\"text-5400617\" class=\"text\">\n\t\t\n\n<p>THE HIGHLIGHTS:<\/p>\n<ul>\n<li>Available every day of the week<\/li>\n<li>You choose your cancellation policy<\/li>\n<li>Up to 35% off when you book on the official website<\/li>\n<li>Available with or without breakfast<\/li>\n<\/ul>\n\t\t\n<style>\n#text-5400617 {\n  color: rgb(33, 33, 33);\n}\n#text-5400617 > * {\n  color: rgb(33, 33, 33);\n}\n<\/style>\n\t<\/div>\n\t\n\n\t\t<\/div>\n\t\t\t\t\n<style>\n#col-2083159081 > .col-inner {\n  margin: 0px 0px 30px 0px;\n}\n<\/style>\n\t<\/div>\n\n\t\n\n\t<div id=\"col-1255143358\" class=\"col small-12 large-12\"  >\n\t\t\t\t<div class=\"col-inner\"  >\n\t\t\t\n\t\t\t\n\n\t<div id=\"text-1698029954\" class=\"text\">\n\t\t\n\n<p>TERMS AND CONDITIONS<\/p>\n<ul>\n<li>Depending on your choice (flexible, semi-flexible, or non-refundable), payment may be required at the time of booking.<\/li>\n<\/ul>\n\t\t\n<style>\n#text-1698029954 {\n  color: rgb(33, 33, 33);\n}\n#text-1698029954 > * {\n  color: rgb(33, 33, 33);\n}\n<\/style>\n\t<\/div>\n\t\n\n\t\t<\/div>\n\t\t\t\t\t<\/div>\n\n\t\n\n<\/div>\n\n\t\t<\/div>\n\n\t\t\n<style>\n#section_235643563 {\n  padding-top: 0px;\n  padding-bottom: 0px;\n}\n<\/style>\n\t<\/section>\n\t\n\n\t\t<\/div>\n\t<\/div>\n\t\n\n<\/div>\n\n\t\t<\/div>\n\t\t\t\t\t<\/div>\n\n\t\n\n<\/div>\n\n\t\t<\/div>\n\n\t\t\n<style>\n#section_2008980874 {\n  padding-top: 0px;\n  padding-bottom: 0px;\n}\n<\/style>\n\t<\/section>\n\t\n\n\t\t<\/div>\n\t\t\t\t\t<\/div>\n\n\t\n\n\t<div id=\"col-664347871\" class=\"col medium-12 small-12 large-6\"  >\n\t\t\t\t<div class=\"col-inner\"  >\n\t\t\t\n\t\t\t\n\n\t<div class=\"img has-hover x md-x lg-x y md-y lg-y\" id=\"image_1556590560\">\n\t\t\t\t\t\t\t\t<div class=\"img-inner image-cover dark\" style=\"padding-top:56.25%;\">\n\t\t\t<img decoding=\"async\" width=\"1020\" height=\"680\" src=\"https:\/\/cordelia.test7.eu\/wp-content\/uploads\/2025\/10\/offre-2-1024x683.jpg\" class=\"attachment-large size-large\" alt=\"Petit-d\u00e9jeuner buffet\" srcset=\"https:\/\/cordelia.test7.eu\/wp-content\/uploads\/2025\/10\/offre-2-1024x683.jpg 1024w, https:\/\/cordelia.test7.eu\/wp-content\/uploads\/2025\/10\/offre-2-300x200.jpg 300w, https:\/\/cordelia.test7.eu\/wp-content\/uploads\/2025\/10\/offre-2-768x512.jpg 768w, https:\/\/cordelia.test7.eu\/wp-content\/uploads\/2025\/10\/offre-2-1536x1024.jpg 1536w, https:\/\/cordelia.test7.eu\/wp-content\/uploads\/2025\/10\/offre-2.jpg 1920w\" sizes=\"(max-width: 1020px) 100vw, 1020px\" \/>\t\t\t\t\t\t\n\t\t\t\t\t<\/div>\n\t\t\t\t\t\t\t\t\n<style>\n#image_1556590560 {\n  width: 100%;\n}\n<\/style>\n\t<\/div>\n\t\n\n<div class=\"is-divider divider clearfix\" style=\"height:20px;background-color:rgba(0, 0, 0, 0);\"><\/div>\n\n\t<div id=\"text-545853449\" class=\"text\">\n\t\t\n\n<p style=\"font-weight:300 !important; font-size:24px;\">Gourmet Escape<\/p>\n<h3 style=\"font-weight:400 !important; font-size:48px; line-height:48px;\">Buffet Breakfast<br \/>and Free Cancellation<\/h3>\n\t\t\n<style>\n#text-545853449 {\n  text-align: center;\n}\n<\/style>\n\t<\/div>\n\t\n<div class=\"row align-center\"  id=\"row-498642976\">\n\n\n\t<div id=\"col-1557019990\" class=\"col small-6 large-12\"  >\n\t\t\t\t<div class=\"col-inner text-center\"  >\n\t\t\t\n\t\t\t\n\n<a href=\"https:\/\/www.secure-hotel-booking.com\/Hotel-Cordelia\/21V3\/dateselection?language=EN\" target=\"_blank\" class=\"button secondary is-small\" rel=\"noopener\"  style=\"border-radius:5px;padding:7px 20px 7px 20px;\">\n\t\t<span>Book<\/span>\n\t<\/a>\n\n\n\n\t\t<\/div>\n\t\t\t\t\n<style>\n#col-1557019990 > .col-inner {\n  margin: 10px 0px 0px 0px;\n}\n<\/style>\n\t<\/div>\n\n\t\n\n<\/div>\n\n\t<section class=\"section container-offres\" id=\"section_1055736419\">\n\t\t<div class=\"section-bg fill\" >\n\t\t\t\t\t\t\t\t\t\n\t\t\t\n\n\t\t<\/div>\n\n\t\t\n\n\t\t<div class=\"section-content relative\">\n\t\t\t\n\n<div class=\"row row-collapse row-full-width\"  id=\"row-1199563307\">\n\n\n\t<div id=\"col-2138493669\" class=\"col small-12 large-12\"  >\n\t\t\t\t<div class=\"col-inner\"  >\n\t\t\t\n\t\t\t\n\n\t<div id=\"text-1528659691\" class=\"text text-offres\">\n\t\t\n\n<p> The best trips thrive on the unexpected and must embrace unforeseen circumstances. To make your experience even more enjoyable, we offer a generous buffet breakfast.<\/p>\n\t\t\n<style>\n#text-1528659691 {\n  text-align: left;\n}\n<\/style>\n\t<\/div>\n\t\n<div class=\"accordion accordion-plus-offres\">\n\n\t<div id=\"accordion-4266307796\" class=\"accordion-item plus-offres\">\n\t\t<a id=\"accordion-4266307796-label\" class=\"accordion-title plain\" href=\"#accordion-item-learn-more\" aria-expanded=\"false\" aria-controls=\"accordion-4266307796-content\" >\n\t\t\t\n\t\t\t<span>LEARN MORE<\/span>\n\t\t\t<button class=\"toggle\" aria-label=\"Toggle\"><i class=\"icon-plus\"><\/i><\/button>\n\t\t<\/a>\n\t\t<div id=\"accordion-4266307796-content\" class=\"accordion-inner\" aria-labelledby=\"accordion-4266307796-label\" >\n\t\t\t\n\n\n\t<section class=\"section\" id=\"section_2017678385\">\n\t\t<div class=\"section-bg fill\" >\n\t\t\t\t\t\t\t\t\t\n\t\t\t\n\n\t\t<\/div>\n\n\t\t\n\n\t\t<div class=\"section-content relative\">\n\t\t\t\n\n<div class=\"row row-collapse row-full-width\"  id=\"row-1828047128\">\n\n\n\t<div id=\"col-265631615\" class=\"col small-12 large-12\"  >\n\t\t\t\t<div class=\"col-inner\"  >\n\t\t\t\n\t\t\t\n\n<p>The best trips thrive on surprises and unexpected events. To make your experience even more enjoyable, we offer a generous buffet breakfast featuring locally sourced products. Furthermore, we offer the possibility of canceling your stay free of charge up to 48 hours before your arrival. Enjoy every moment with complete peace of mind!<\/p>\n\n\t\t<\/div>\n\t\t\t\t\n<style>\n#col-265631615 > .col-inner {\n  margin: 0px 0px 20px 0px;\n}\n<\/style>\n\t<\/div>\n\n\t\n\n\t<div id=\"col-145162352\" class=\"col small-12 large-12\"  >\n\t\t\t\t<div class=\"col-inner\"  >\n\t\t\t\n\t\t\t\n\n\t<div id=\"text-3461535574\" class=\"text\">\n\t\t\n\n<p>HIGHLIGHTS:<\/p>\n<ul>\n<li>Available every day of the week<\/li>\n<li>Free cancellation up to 48 hours before arrival<\/li>\n<li>Up to 25% off when booking on the official website<\/li>\n<li>Buffet breakfast included<\/li>\n<\/ul>\n\t\t\n<style>\n#text-3461535574 {\n  color: rgb(33, 33, 33);\n}\n#text-3461535574 > * {\n  color: rgb(33, 33, 33);\n}\n<\/style>\n\t<\/div>\n\t\n\n\t\t<\/div>\n\t\t\t\t\n<style>\n#col-145162352 > .col-inner {\n  margin: 0px 0px 30px 0px;\n}\n<\/style>\n\t<\/div>\n\n\t\n\n\t<div id=\"col-538031560\" class=\"col small-12 large-12\"  >\n\t\t\t\t<div class=\"col-inner\"  >\n\t\t\t\n\t\t\t\n\n\t<div id=\"text-3582659049\" class=\"text\">\n\t\t\n\n<p>TERMS AND CONDITIONS<\/p>\n<ul>\n<li>Each reservation must be guaranteed by a valid credit card.<\/li>\n<\/ul>\n\t\t\n<style>\n#text-3582659049 {\n  color: rgb(33, 33, 33);\n}\n#text-3582659049 > * {\n  color: rgb(33, 33, 33);\n}\n<\/style>\n\t<\/div>\n\t\n\n\t\t<\/div>\n\t\t\t\t\t<\/div>\n\n\t\n\n<\/div>\n\n\t\t<\/div>\n\n\t\t\n<style>\n#section_2017678385 {\n  padding-top: 0px;\n  padding-bottom: 0px;\n}\n<\/style>\n\t<\/section>\n\t\n\n\t\t<\/div>\n\t<\/div>\n\t\n\n<\/div>\n\n\t\t<\/div>\n\t\t\t\t\t<\/div>\n\n\t\n\n<\/div>\n\n\t\t<\/div>\n\n\t\t\n<style>\n#section_1055736419 {\n  padding-top: 0px;\n  padding-bottom: 0px;\n}\n<\/style>\n\t<\/section>\n\t\n\n\t\t<\/div>\n\t\t\t\t\t<\/div>\n\n\t\n\n\n\n\n\n<\/div>\n\n","protected":false},"excerpt":{"rendered":"","protected":false},"author":1,"featured_media":0,"parent":0,"menu_order":0,"comment_status":"closed","ping_status":"closed","template":"page-transparent-header-light.php","meta":{"_acf_changed":false,"footnotes":""},"class_list":["post-893","page","type-page","status-publish","hentry"],"acf":[],"yoast_head":"<!-- This site is optimized with the Yoast SEO plugin v27.4 - https:\/\/yoast.com\/product\/yoast-seo-wordpress\/ -->\n<title>Offers from the official Cordelia website, book at the best price.<\/title>\n<meta name=\"description\" content=\"Discover the exclusive offers at the Cordelia Hotel, where every stay becomes an unforgettable experience.\" \/>\n<meta name=\"robots\" content=\"noindex, follow, max-snippet:-1, max-image-preview:large, max-video-preview:-1\" \/>\n<meta property=\"og:locale\" content=\"en_US\" \/>\n<meta property=\"og:type\" content=\"article\" \/>\n<meta property=\"og:title\" content=\"Offers from the official Cordelia website, book at the best price.\" \/>\n<meta property=\"og:description\" content=\"Discover the exclusive offers at the Cordelia Hotel, where every stay becomes an unforgettable experience.\" \/>\n<meta property=\"og:url\" content=\"https:\/\/cordelia.test7.eu\/en\/our-offers\/\" \/>\n<meta property=\"og:site_name\" content=\"H\u00f4tel Cord\u00e9lia\" \/>\n<meta property=\"article:modified_time\" content=\"2025-12-14T17:54:21+00:00\" \/>\n<meta name=\"twitter:card\" content=\"summary_large_image\" \/>\n<meta name=\"twitter:label1\" content=\"Est. reading time\" \/>\n\t<meta name=\"twitter:data1\" content=\"9 minutes\" \/>\n<script type=\"application\/ld+json\" class=\"yoast-schema-graph\">{\"@context\":\"https:\\\/\\\/schema.org\",\"@graph\":[{\"@type\":\"WebPage\",\"@id\":\"https:\\\/\\\/cordelia.test7.eu\\\/en\\\/our-offers\\\/\",\"url\":\"https:\\\/\\\/cordelia.test7.eu\\\/en\\\/our-offers\\\/\",\"name\":\"Offers from the official Cordelia website, book at the best price.\",\"isPartOf\":{\"@id\":\"https:\\\/\\\/www.cordelia-paris-hotel.com\\\/new\\\/#website\"},\"datePublished\":\"2024-12-02T15:53:57+00:00\",\"dateModified\":\"2025-12-14T17:54:21+00:00\",\"description\":\"Discover the exclusive offers at the Cordelia Hotel, where every stay becomes an unforgettable experience.\",\"breadcrumb\":{\"@id\":\"https:\\\/\\\/cordelia.test7.eu\\\/en\\\/our-offers\\\/#breadcrumb\"},\"inLanguage\":\"en-US\",\"potentialAction\":[{\"@type\":\"ReadAction\",\"target\":[\"https:\\\/\\\/cordelia.test7.eu\\\/en\\\/our-offers\\\/\"]}]},{\"@type\":\"BreadcrumbList\",\"@id\":\"https:\\\/\\\/cordelia.test7.eu\\\/en\\\/our-offers\\\/#breadcrumb\",\"itemListElement\":[{\"@type\":\"ListItem\",\"position\":1,\"name\":\"Accueil\",\"item\":\"https:\\\/\\\/www.cordelia-paris-hotel.com\\\/new\\\/en\\\/\"},{\"@type\":\"ListItem\",\"position\":2,\"name\":\"Our offers\"}]},{\"@type\":\"WebSite\",\"@id\":\"https:\\\/\\\/www.cordelia-paris-hotel.com\\\/new\\\/#website\",\"url\":\"https:\\\/\\\/www.cordelia-paris-hotel.com\\\/new\\\/\",\"name\":\"H\u00f4tel Cord\u00e9lia\",\"description\":\"\",\"potentialAction\":[{\"@type\":\"SearchAction\",\"target\":{\"@type\":\"EntryPoint\",\"urlTemplate\":\"https:\\\/\\\/www.cordelia-paris-hotel.com\\\/new\\\/?s={search_term_string}\"},\"query-input\":{\"@type\":\"PropertyValueSpecification\",\"valueRequired\":true,\"valueName\":\"search_term_string\"}}],\"inLanguage\":\"en-US\"}]}<\/script>\n<!-- \/ Yoast SEO plugin. -->","yoast_head_json":{"title":"Offers from the official Cordelia website, book at the best price.","description":"Discover the exclusive offers at the Cordelia Hotel, where every stay becomes an unforgettable experience.","robots":{"index":"noindex","follow":"follow","max-snippet":"max-snippet:-1","max-image-preview":"max-image-preview:large","max-video-preview":"max-video-preview:-1"},"og_locale":"en_US","og_type":"article","og_title":"Offers from the official Cordelia website, book at the best price.","og_description":"Discover the exclusive offers at the Cordelia Hotel, where every stay becomes an unforgettable experience.","og_url":"https:\/\/cordelia.test7.eu\/en\/our-offers\/","og_site_name":"H\u00f4tel Cord\u00e9lia","article_modified_time":"2025-12-14T17:54:21+00:00","twitter_card":"summary_large_image","twitter_misc":{"Est. reading time":"9 minutes"},"schema":{"@context":"https:\/\/schema.org","@graph":[{"@type":"WebPage","@id":"https:\/\/cordelia.test7.eu\/en\/our-offers\/","url":"https:\/\/cordelia.test7.eu\/en\/our-offers\/","name":"Offers from the official Cordelia website, book at the best price.","isPartOf":{"@id":"https:\/\/www.cordelia-paris-hotel.com\/new\/#website"},"datePublished":"2024-12-02T15:53:57+00:00","dateModified":"2025-12-14T17:54:21+00:00","description":"Discover the exclusive offers at the Cordelia Hotel, where every stay becomes an unforgettable experience.","breadcrumb":{"@id":"https:\/\/cordelia.test7.eu\/en\/our-offers\/#breadcrumb"},"inLanguage":"en-US","potentialAction":[{"@type":"ReadAction","target":["https:\/\/cordelia.test7.eu\/en\/our-offers\/"]}]},{"@type":"BreadcrumbList","@id":"https:\/\/cordelia.test7.eu\/en\/our-offers\/#breadcrumb","itemListElement":[{"@type":"ListItem","position":1,"name":"Accueil","item":"https:\/\/www.cordelia-paris-hotel.com\/new\/en\/"},{"@type":"ListItem","position":2,"name":"Our offers"}]},{"@type":"WebSite","@id":"https:\/\/www.cordelia-paris-hotel.com\/new\/#website","url":"https:\/\/www.cordelia-paris-hotel.com\/new\/","name":"H\u00f4tel Cord\u00e9lia","description":"","potentialAction":[{"@type":"SearchAction","target":{"@type":"EntryPoint","urlTemplate":"https:\/\/www.cordelia-paris-hotel.com\/new\/?s={search_term_string}"},"query-input":{"@type":"PropertyValueSpecification","valueRequired":true,"valueName":"search_term_string"}}],"inLanguage":"en-US"}]}},"_links":{"self":[{"href":"https:\/\/cordelia.test7.eu\/en\/wp-json\/wp\/v2\/pages\/893","targetHints":{"allow":["GET"]}}],"collection":[{"href":"https:\/\/cordelia.test7.eu\/en\/wp-json\/wp\/v2\/pages"}],"about":[{"href":"https:\/\/cordelia.test7.eu\/en\/wp-json\/wp\/v2\/types\/page"}],"author":[{"embeddable":true,"href":"https:\/\/cordelia.test7.eu\/en\/wp-json\/wp\/v2\/users\/1"}],"replies":[{"embeddable":true,"href":"https:\/\/cordelia.test7.eu\/en\/wp-json\/wp\/v2\/comments?post=893"}],"version-history":[{"count":17,"href":"https:\/\/cordelia.test7.eu\/en\/wp-json\/wp\/v2\/pages\/893\/revisions"}],"predecessor-version":[{"id":3162,"href":"https:\/\/cordelia.test7.eu\/en\/wp-json\/wp\/v2\/pages\/893\/revisions\/3162"}],"wp:attachment":[{"href":"https:\/\/cordelia.test7.eu\/en\/wp-json\/wp\/v2\/media?parent=893"}],"curies":[{"name":"wp","href":"https:\/\/api.w.org\/{rel}","templated":true}]}}