{"id":979,"date":"2024-12-02T20:48:42","date_gmt":"2024-12-02T19:48:42","guid":{"rendered":"https:\/\/www.cordelia-paris-hotel.com\/new\/?page_id=979"},"modified":"2025-12-08T20:16:19","modified_gmt":"2025-12-08T19:16:19","slug":"guests-reviews","status":"publish","type":"page","link":"https:\/\/cordelia.test7.eu\/en\/guests-reviews\/","title":{"rendered":"Guests&#8217; Reviews"},"content":{"rendered":"\n\n  <div class=\"banner has-hover\" id=\"banner-1961044024\">\n          <div class=\"banner-inner fill\">\n        <div class=\"banner-bg fill\" >\n            <img fetchpriority=\"high\" decoding=\"async\" width=\"1920\" height=\"1280\" src=\"https:\/\/cordelia.test7.eu\/wp-content\/uploads\/2025\/11\/avis.jpg\" class=\"bg attachment-original size-original\" alt=\"D\u00e9tente \u00e0 l&#039;H\u00f4tel Cord\u00e9lia Paris\" \/>                        <div class=\"overlay\"><\/div>            \n                    <\/div>\n\t\t\n        <div class=\"banner-layers container\">\n            <div class=\"fill banner-link\"><\/div>            \n\n   <div id=\"text-box-240995274\" class=\"text-box banner-layer x5 md-x10 lg-x1 y95 md-y90 lg-y90 res-text\">\n              <div data-parallax=\"-1\" data-parallax-fade=\"true\">       <div data-animate=\"bounceIn\">           <div class=\"text-box-content text dark\">\n              \n              <div class=\"text-inner text-center\">\n                  \n\n\t<div id=\"text-294363615\" class=\"text\">\n\t\t\n\n<h1 class=\"titre-rooms\">Guests&#8217; Reviews<\/h1>\n\t\t\n<style>\n#text-294363615 {\n  text-align: left;\n}\n<\/style>\n\t<\/div>\n\t\n\n              <\/div>\n           <\/div>\n       <\/div>       <\/div>              \n<style>\n#text-box-240995274 {\n  width: 80%;\n}\n#text-box-240995274 .text-box-content {\n  font-size: 100%;\n}\n@media (min-width:550px) {\n  #text-box-240995274 {\n    width: 70%;\n  }\n}\n@media (min-width:850px) {\n  #text-box-240995274 {\n    width: 100%;\n  }\n}\n<\/style>\n    <\/div>\n \n\n        <\/div>\n      <\/div>\n\n            \n<style>\n#banner-1961044024 {\n  padding-top: 262px;\n}\n#banner-1961044024 .overlay {\n  background-color: rgba(0, 0, 0, 0.6);\n}\n#banner-1961044024 .banner-bg img {\n  object-position: 68% 60%;\n}\n@media (min-width:550px) {\n  #banner-1961044024 {\n    padding-top: 56.25%;\n  }\n}\n@media (min-width:850px) {\n  #banner-1961044024 {\n    padding-top: 500px;\n  }\n}\n<\/style>\n  <\/div>\n\n\n<div class=\"row row-large align-center\"  id=\"row-1403060037\">\n\n\n\t<div id=\"col-560047520\" class=\"col small-12 large-12\"  >\n\t\t\t\t<div class=\"col-inner text-left\"  >\n\t\t\t\n\t\t\t\n\n\n\n<script type=\"text\/javascript\" id=\"widget-experience-56\" src=\"https:\/\/api.experience-hotel.com\/res\/webmodule\/AIR\/loader.php?dw=customercomments&#038;dt=56&#038;slug=hotel-cordelia\" ><\/script>\n\n\n\t\t<\/div>\n\t\t\t\t\n<style>\n#col-560047520 > .col-inner {\n  padding: 0px 0px 0px 0px;\n  margin: 50px 0px 0px 0px;\n}\n<\/style>\n\t<\/div>\n\n\t\n\n<\/div>\n\n","protected":false},"excerpt":{"rendered":"","protected":false},"author":1,"featured_media":0,"parent":0,"menu_order":0,"comment_status":"closed","ping_status":"closed","template":"page-transparent-header-light.php","meta":{"_acf_changed":false,"footnotes":""},"class_list":["post-979","page","type-page","status-publish","hentry"],"acf":[],"yoast_head":"<!-- This site is optimized with the Yoast SEO plugin v27.4 - https:\/\/yoast.com\/product\/yoast-seo-wordpress\/ -->\n<title>Reviews of the Cordelia Hotel, what our guests think of us<\/title>\n<meta name=\"description\" content=\"Find out what travelers think of the Cord\u00e9lia Paris hotel after their stay: location, welcome, services...\" \/>\n<meta name=\"robots\" content=\"noindex, follow, max-snippet:-1, max-image-preview:large, max-video-preview:-1\" \/>\n<meta property=\"og:locale\" content=\"en_US\" \/>\n<meta property=\"og:type\" content=\"article\" \/>\n<meta property=\"og:title\" content=\"Reviews of the Cordelia Hotel, what our guests think of us\" \/>\n<meta property=\"og:description\" content=\"Find out what travelers think of the Cord\u00e9lia Paris hotel after their stay: location, welcome, services...\" \/>\n<meta property=\"og:url\" content=\"https:\/\/cordelia.test7.eu\/en\/guests-reviews\/\" \/>\n<meta property=\"og:site_name\" content=\"H\u00f4tel Cord\u00e9lia\" \/>\n<meta property=\"article:modified_time\" content=\"2025-12-08T19:16:19+00:00\" \/>\n<meta name=\"twitter:card\" content=\"summary_large_image\" \/>\n<meta name=\"twitter:label1\" content=\"Est. reading time\" \/>\n\t<meta name=\"twitter:data1\" content=\"1 minute\" \/>\n<script type=\"application\/ld+json\" class=\"yoast-schema-graph\">{\"@context\":\"https:\\\/\\\/schema.org\",\"@graph\":[{\"@type\":\"WebPage\",\"@id\":\"https:\\\/\\\/cordelia.test7.eu\\\/en\\\/guests-reviews\\\/\",\"url\":\"https:\\\/\\\/cordelia.test7.eu\\\/en\\\/guests-reviews\\\/\",\"name\":\"Reviews of the Cordelia Hotel, what our guests think of us\",\"isPartOf\":{\"@id\":\"https:\\\/\\\/www.cordelia-paris-hotel.com\\\/new\\\/#website\"},\"datePublished\":\"2024-12-02T19:48:42+00:00\",\"dateModified\":\"2025-12-08T19:16:19+00:00\",\"description\":\"Find out what travelers think of the Cord\u00e9lia Paris hotel after their stay: location, welcome, services...\",\"breadcrumb\":{\"@id\":\"https:\\\/\\\/cordelia.test7.eu\\\/en\\\/guests-reviews\\\/#breadcrumb\"},\"inLanguage\":\"en-US\",\"potentialAction\":[{\"@type\":\"ReadAction\",\"target\":[\"https:\\\/\\\/cordelia.test7.eu\\\/en\\\/guests-reviews\\\/\"]}]},{\"@type\":\"BreadcrumbList\",\"@id\":\"https:\\\/\\\/cordelia.test7.eu\\\/en\\\/guests-reviews\\\/#breadcrumb\",\"itemListElement\":[{\"@type\":\"ListItem\",\"position\":1,\"name\":\"Accueil\",\"item\":\"https:\\\/\\\/www.cordelia-paris-hotel.com\\\/new\\\/en\\\/\"},{\"@type\":\"ListItem\",\"position\":2,\"name\":\"Guests&rsquo; Reviews\"}]},{\"@type\":\"WebSite\",\"@id\":\"https:\\\/\\\/www.cordelia-paris-hotel.com\\\/new\\\/#website\",\"url\":\"https:\\\/\\\/www.cordelia-paris-hotel.com\\\/new\\\/\",\"name\":\"H\u00f4tel Cord\u00e9lia\",\"description\":\"\",\"potentialAction\":[{\"@type\":\"SearchAction\",\"target\":{\"@type\":\"EntryPoint\",\"urlTemplate\":\"https:\\\/\\\/www.cordelia-paris-hotel.com\\\/new\\\/?s={search_term_string}\"},\"query-input\":{\"@type\":\"PropertyValueSpecification\",\"valueRequired\":true,\"valueName\":\"search_term_string\"}}],\"inLanguage\":\"en-US\"}]}<\/script>\n<!-- \/ Yoast SEO plugin. -->","yoast_head_json":{"title":"Reviews of the Cordelia Hotel, what our guests think of us","description":"Find out what travelers think of the Cord\u00e9lia Paris hotel after their stay: location, welcome, services...","robots":{"index":"noindex","follow":"follow","max-snippet":"max-snippet:-1","max-image-preview":"max-image-preview:large","max-video-preview":"max-video-preview:-1"},"og_locale":"en_US","og_type":"article","og_title":"Reviews of the Cordelia Hotel, what our guests think of us","og_description":"Find out what travelers think of the Cord\u00e9lia Paris hotel after their stay: location, welcome, services...","og_url":"https:\/\/cordelia.test7.eu\/en\/guests-reviews\/","og_site_name":"H\u00f4tel Cord\u00e9lia","article_modified_time":"2025-12-08T19:16:19+00:00","twitter_card":"summary_large_image","twitter_misc":{"Est. reading time":"1 minute"},"schema":{"@context":"https:\/\/schema.org","@graph":[{"@type":"WebPage","@id":"https:\/\/cordelia.test7.eu\/en\/guests-reviews\/","url":"https:\/\/cordelia.test7.eu\/en\/guests-reviews\/","name":"Reviews of the Cordelia Hotel, what our guests think of us","isPartOf":{"@id":"https:\/\/www.cordelia-paris-hotel.com\/new\/#website"},"datePublished":"2024-12-02T19:48:42+00:00","dateModified":"2025-12-08T19:16:19+00:00","description":"Find out what travelers think of the Cord\u00e9lia Paris hotel after their stay: location, welcome, services...","breadcrumb":{"@id":"https:\/\/cordelia.test7.eu\/en\/guests-reviews\/#breadcrumb"},"inLanguage":"en-US","potentialAction":[{"@type":"ReadAction","target":["https:\/\/cordelia.test7.eu\/en\/guests-reviews\/"]}]},{"@type":"BreadcrumbList","@id":"https:\/\/cordelia.test7.eu\/en\/guests-reviews\/#breadcrumb","itemListElement":[{"@type":"ListItem","position":1,"name":"Accueil","item":"https:\/\/www.cordelia-paris-hotel.com\/new\/en\/"},{"@type":"ListItem","position":2,"name":"Guests&rsquo; Reviews"}]},{"@type":"WebSite","@id":"https:\/\/www.cordelia-paris-hotel.com\/new\/#website","url":"https:\/\/www.cordelia-paris-hotel.com\/new\/","name":"H\u00f4tel Cord\u00e9lia","description":"","potentialAction":[{"@type":"SearchAction","target":{"@type":"EntryPoint","urlTemplate":"https:\/\/www.cordelia-paris-hotel.com\/new\/?s={search_term_string}"},"query-input":{"@type":"PropertyValueSpecification","valueRequired":true,"valueName":"search_term_string"}}],"inLanguage":"en-US"}]}},"_links":{"self":[{"href":"https:\/\/cordelia.test7.eu\/en\/wp-json\/wp\/v2\/pages\/979","targetHints":{"allow":["GET"]}}],"collection":[{"href":"https:\/\/cordelia.test7.eu\/en\/wp-json\/wp\/v2\/pages"}],"about":[{"href":"https:\/\/cordelia.test7.eu\/en\/wp-json\/wp\/v2\/types\/page"}],"author":[{"embeddable":true,"href":"https:\/\/cordelia.test7.eu\/en\/wp-json\/wp\/v2\/users\/1"}],"replies":[{"embeddable":true,"href":"https:\/\/cordelia.test7.eu\/en\/wp-json\/wp\/v2\/comments?post=979"}],"version-history":[{"count":4,"href":"https:\/\/cordelia.test7.eu\/en\/wp-json\/wp\/v2\/pages\/979\/revisions"}],"predecessor-version":[{"id":3046,"href":"https:\/\/cordelia.test7.eu\/en\/wp-json\/wp\/v2\/pages\/979\/revisions\/3046"}],"wp:attachment":[{"href":"https:\/\/cordelia.test7.eu\/en\/wp-json\/wp\/v2\/media?parent=979"}],"curies":[{"name":"wp","href":"https:\/\/api.w.org\/{rel}","templated":true}]}}