{"id":998,"date":"2024-12-02T10:23:33","date_gmt":"2024-12-02T09:23:33","guid":{"rendered":"https:\/\/www.cordelia-paris-hotel.com\/new\/?page_id=998"},"modified":"2025-12-08T21:02:22","modified_gmt":"2025-12-08T20:02:22","slug":"our-commitments","status":"publish","type":"page","link":"https:\/\/cordelia.test7.eu\/en\/our-commitments\/","title":{"rendered":"Our Commitments"},"content":{"rendered":"\n\n  <div class=\"banner has-hover\" id=\"banner-440833771\">\n          <div class=\"banner-inner fill\">\n        <div class=\"banner-bg fill\" >\n            <img fetchpriority=\"high\" decoding=\"async\" width=\"1920\" height=\"1280\" src=\"https:\/\/cordelia.test7.eu\/wp-content\/uploads\/2025\/10\/engagements-header-hotel-cordelia.jpg.jpg\" class=\"bg attachment-original size-original\" alt=\"Salon avec coin chemin\u00e9e de l&#039;h\u00f4tel Cord\u00e9lia Paris\" \/>                        <div class=\"overlay\"><\/div>            \n                    <\/div>\n\t\t\n        <div class=\"banner-layers container\">\n            <div class=\"fill banner-link\"><\/div>            \n\n   <div id=\"text-box-575556325\" class=\"text-box banner-layer x1 md-x1 lg-x1 y95 md-y90 lg-y90 res-text\">\n              <div data-parallax=\"-1\" data-parallax-fade=\"true\">       <div data-animate=\"bounceIn\">           <div class=\"text-box-content text dark\">\n              \n              <div class=\"text-inner text-center\">\n                  \n\n\t<div id=\"text-2939327160\" class=\"text\">\n\t\t\n\n<h1 class=\"titre-rooms\">Our Commitments<\/h1>\n\n\t\t\n<style>\n#text-2939327160 {\n  text-align: left;\n}\n<\/style>\n\t<\/div>\n\t\n\n              <\/div>\n           <\/div>\n       <\/div>       <\/div>              \n<style>\n#text-box-575556325 {\n  width: 95%;\n}\n#text-box-575556325 .text-box-content {\n  font-size: 100%;\n}\n@media (min-width:550px) {\n  #text-box-575556325 {\n    width: 70%;\n  }\n}\n@media (min-width:850px) {\n  #text-box-575556325 {\n    width: 100%;\n  }\n}\n<\/style>\n    <\/div>\n \n\n        <\/div>\n      <\/div>\n\n            \n<style>\n#banner-440833771 {\n  padding-top: 262px;\n}\n#banner-440833771 .overlay {\n  background-color: rgba(0, 0, 0, 0.2);\n}\n#banner-440833771 .banner-bg img {\n  object-position: 68% 60%;\n}\n@media (min-width:550px) {\n  #banner-440833771 {\n    padding-top: 56.25%;\n  }\n}\n@media (min-width:850px) {\n  #banner-440833771 {\n    padding-top: 500px;\n  }\n}\n<\/style>\n  <\/div>\n\n\n<div class=\"row row-large\"  id=\"row-358004529\">\n\n\n\t<div id=\"col-1033568155\" class=\"col small-12 large-12\"  >\n\t\t\t\t<div class=\"col-inner text-left\"  >\n\t\t\t\n\t\t\t\n\n\t<div id=\"text-1674020592\" class=\"text\">\n\t\t\n\n<p>In a constantly evolving world, preserving our environment is more essential than ever. Aware of our responsibility, we have implemented a series of environmental commitments aimed at minimizing our impact on the planet while ensuring the comfort and well-being of our guests.<\/p>\n<p>We firmly believe that every action counts, whether it&#8217;s training our teams in sustainable practices, selecting committed suppliers, or optimizing our water and energy consumption. Furthermore, we are committed to limiting and sorting our waste, while offering products that are environmentally and health-conscious.<\/p>\n<p>This approach reflects our desire to offer a unique experience to our guests while taking care of our planet.<\/p>\n<p>Discover below the concrete actions we are taking to build a more sustainable future.<\/p>\n\n\t\t\n<style>\n#text-1674020592 {\n  text-align: left;\n}\n<\/style>\n\t<\/div>\n\t\n\n\t\t<\/div>\n\t\t\t\t\n<style>\n#col-1033568155 > .col-inner {\n  padding: 0px 0px 0px 0px;\n  margin: 50px 0px 0px 0px;\n}\n<\/style>\n\t<\/div>\n\n\t\n\n<\/div>\n<div class=\"row row-large align-center\"  id=\"row-1763573764\">\n\n\n\t<div id=\"col-1469387863\" class=\"col medium-10 small-12 large-10\"  >\n\t\t\t\t<div class=\"col-inner text-left\"  >\n\t\t\t\n\t\t\t\n\n\t<div id=\"text-1100324991\" class=\"text\">\n\t\t\n\n<h2 style=\"font-size:80px;\" line-height:80px;=\"\">Raising awareness among our teams<br \/>\n<span>and our suppliers<\/span><\/h2>\n\n\t\t\n<style>\n#text-1100324991 {\n  text-align: center;\n}\n<\/style>\n\t<\/div>\n\t\n\t<div class=\"img has-hover x md-x lg-x y md-y lg-y\" id=\"image_751502217\">\n\t\t\t\t\t\t\t\t<div class=\"img-inner image-cover dark\" style=\"padding-top:56.25%;\">\n\t\t\t<img decoding=\"async\" width=\"1536\" height=\"1024\" src=\"https:\/\/cordelia.test7.eu\/wp-content\/uploads\/2025\/10\/engagements-1-sensibiliser-hotel-cordelia-1536x1024.jpg\" class=\"attachment-1536x1536 size-1536x1536\" alt=\"Nos engagements nature H\u00f4tel Cord\u00e9lia Paris\" srcset=\"https:\/\/cordelia.test7.eu\/wp-content\/uploads\/2025\/10\/engagements-1-sensibiliser-hotel-cordelia-1536x1024.jpg 1536w, https:\/\/cordelia.test7.eu\/wp-content\/uploads\/2025\/10\/engagements-1-sensibiliser-hotel-cordelia-300x200.jpg 300w, https:\/\/cordelia.test7.eu\/wp-content\/uploads\/2025\/10\/engagements-1-sensibiliser-hotel-cordelia-1024x683.jpg 1024w, https:\/\/cordelia.test7.eu\/wp-content\/uploads\/2025\/10\/engagements-1-sensibiliser-hotel-cordelia-768x512.jpg 768w, https:\/\/cordelia.test7.eu\/wp-content\/uploads\/2025\/10\/engagements-1-sensibiliser-hotel-cordelia.jpg 1920w\" sizes=\"(max-width: 1536px) 100vw, 1536px\" \/>\t\t\t\t\t\t\n\t\t\t\t\t<\/div>\n\t\t\t\t\t\t\t\t\n<style>\n#image_751502217 {\n  width: 100%;\n}\n<\/style>\n\t<\/div>\n\t\n\n\n\t\t<\/div>\n\t\t\t\t\n<style>\n#col-1469387863 > .col-inner {\n  padding: 0px 0px 0px 0px;\n  margin: 30px 0px 0px 0px;\n}\n<\/style>\n\t<\/div>\n\n\t\n\n\t<div id=\"col-194830780\" class=\"col medium-8 small-12 large-8\"  >\n\t\t\t\t<div class=\"col-inner\"  >\n\t\t\t\n\t\t\t\n\n<p>&#8211; Our teams are trained in <strong>environmental practices<\/strong> in their daily tasks.<br \/>&#8211; We choose our service providers and suppliers based on their <strong>sustainable and social commitments<\/strong>.<\/p>\n\n\n\t\t<\/div>\n\t\t\t\t\n<style>\n#col-194830780 > .col-inner {\n  margin: 50px 0px 0px 0px;\n}\n<\/style>\n\t<\/div>\n\n\t\n\n<\/div>\n<div class=\"row row-large align-center\"  id=\"row-2002062689\">\n\n\n\t<div id=\"col-1256343378\" class=\"col medium-10 small-12 large-10\"  >\n\t\t\t\t<div class=\"col-inner text-left\"  >\n\t\t\t\n\t\t\t\n\n\t<div id=\"text-4277992736\" class=\"text\">\n\t\t\n\n<h2 style=\"font-size:80px;\" line-height:80px;=\"\">Save water<br \/>\n<span> and energy!<\/span><\/h2>\n\n\t\t\n<style>\n#text-4277992736 {\n  text-align: center;\n}\n<\/style>\n\t<\/div>\n\t\n\t<div class=\"img has-hover x md-x lg-x y md-y lg-y\" id=\"image_160380129\">\n\t\t\t\t\t\t\t\t<div class=\"img-inner image-cover dark\" style=\"padding-top:56.25%;\">\n\t\t\t<img decoding=\"async\" width=\"1536\" height=\"1024\" src=\"https:\/\/cordelia.test7.eu\/wp-content\/uploads\/2025\/10\/engagements-2-economiser-hotel-cordelia-1536x1024.jpg\" class=\"attachment-1536x1536 size-1536x1536\" alt=\"La Seine Paris\" srcset=\"https:\/\/cordelia.test7.eu\/wp-content\/uploads\/2025\/10\/engagements-2-economiser-hotel-cordelia-1536x1024.jpg 1536w, https:\/\/cordelia.test7.eu\/wp-content\/uploads\/2025\/10\/engagements-2-economiser-hotel-cordelia-300x200.jpg 300w, https:\/\/cordelia.test7.eu\/wp-content\/uploads\/2025\/10\/engagements-2-economiser-hotel-cordelia-1024x683.jpg 1024w, https:\/\/cordelia.test7.eu\/wp-content\/uploads\/2025\/10\/engagements-2-economiser-hotel-cordelia-768x512.jpg 768w, https:\/\/cordelia.test7.eu\/wp-content\/uploads\/2025\/10\/engagements-2-economiser-hotel-cordelia.jpg 1920w\" sizes=\"(max-width: 1536px) 100vw, 1536px\" \/>\t\t\t\t\t\t\n\t\t\t\t\t<\/div>\n\t\t\t\t\t\t\t\t\n<style>\n#image_160380129 {\n  width: 100%;\n}\n<\/style>\n\t<\/div>\n\t\n\n\n\t\t<\/div>\n\t\t\t\t\n<style>\n#col-1256343378 > .col-inner {\n  padding: 0px 0px 0px 0px;\n  margin: 30px 0px 0px 0px;\n}\n<\/style>\n\t<\/div>\n\n\t\n\n\t<div id=\"col-724243471\" class=\"col medium-8 small-12 large-8\"  >\n\t\t\t\t<div class=\"col-inner\"  >\n\t\t\t\n\t\t\t\n\n<p>&#8211; We have installed <strong>water-saving devices<\/strong> on our taps and showers to conserve water.<br \/>&#8211; All our lighting is LED, which allows for <strong>energy savings<\/strong> and similar comfort for our guests.<br \/>&#8211; We have installed motion detectors\/timers in the common areas\/hallways to <strong>limit energy waste<\/strong>.<br \/>&#8211; In an effort to <strong>preserve the environment<\/strong> and achieve significant water and energy savings, our guests have the option of not having their sheets and towels changed daily.<\/p>\n\n\n\t\t<\/div>\n\t\t\t\t\n<style>\n#col-724243471 > .col-inner {\n  margin: 50px 0px 0px 0px;\n}\n<\/style>\n\t<\/div>\n\n\t\n\n<\/div>\n<div class=\"row row-large align-center\"  id=\"row-1751403642\">\n\n\n\t<div id=\"col-847480467\" class=\"col medium-10 small-12 large-10\"  >\n\t\t\t\t<div class=\"col-inner text-left\"  >\n\t\t\t\n\t\t\t\n\n\t<div id=\"text-3333641983\" class=\"text\">\n\t\t\n\n<h2 style=\"font-size:80px; line-height:100%; margin-top:50px;\">Limit and sort<br \/>\nour <span> waste <\/span><\/h2>\n\n\t\t\n<style>\n#text-3333641983 {\n  text-align: center;\n}\n<\/style>\n\t<\/div>\n\t\n\t<div class=\"img has-hover x md-x lg-x y md-y lg-y\" id=\"image_1225857420\">\n\t\t\t\t\t\t\t\t<div class=\"img-inner image-cover dark\" style=\"padding-top:56.25%;\">\n\t\t\t<img loading=\"lazy\" decoding=\"async\" width=\"1536\" height=\"1024\" src=\"https:\/\/cordelia.test7.eu\/wp-content\/uploads\/2025\/10\/engagements-3-trier-hotel-cordelia-1536x1024.jpg\" class=\"attachment-1536x1536 size-1536x1536\" alt=\"H\u00f4tel Cord\u00e9lia Paris\" srcset=\"https:\/\/cordelia.test7.eu\/wp-content\/uploads\/2025\/10\/engagements-3-trier-hotel-cordelia-1536x1024.jpg 1536w, https:\/\/cordelia.test7.eu\/wp-content\/uploads\/2025\/10\/engagements-3-trier-hotel-cordelia-300x200.jpg 300w, https:\/\/cordelia.test7.eu\/wp-content\/uploads\/2025\/10\/engagements-3-trier-hotel-cordelia-1024x683.jpg 1024w, https:\/\/cordelia.test7.eu\/wp-content\/uploads\/2025\/10\/engagements-3-trier-hotel-cordelia-768x512.jpg 768w, https:\/\/cordelia.test7.eu\/wp-content\/uploads\/2025\/10\/engagements-3-trier-hotel-cordelia.jpg 1920w\" sizes=\"(max-width: 1536px) 100vw, 1536px\" \/>\t\t\t\t\t\t\n\t\t\t\t\t<\/div>\n\t\t\t\t\t\t\t\t\n<style>\n#image_1225857420 {\n  width: 100%;\n}\n<\/style>\n\t<\/div>\n\t\n\n\n\t\t<\/div>\n\t\t\t\t\n<style>\n#col-847480467 > .col-inner {\n  padding: 0px 0px 0px 0px;\n  margin: 30px 0px 0px 0px;\n}\n<\/style>\n\t<\/div>\n\n\t\n\n\t<div id=\"col-631944196\" class=\"col medium-8 small-12 large-8\"  >\n\t\t\t\t<div class=\"col-inner\"  >\n\t\t\t\n\t\t\t\n\n<p>&#8211; <strong>Our teams sort the contents of the room bins<\/strong>: glass, plastic, and cardboard are sorted for recycling.<br \/>&#8211; We work with a majority of products sold in bulk or in large packages to <strong>limit unnecessary packaging<\/strong>, whether for breakfast or cleaning products.<br \/>&#8211; <strong>Disposable mineral water bottles<\/strong> have been replaced with filtered water bottles in partnership with BeWTR.<\/p>\n\n\n\t\t<\/div>\n\t\t\t\t\n<style>\n#col-631944196 > .col-inner {\n  margin: 50px 0px 0px 0px;\n}\n<\/style>\n\t<\/div>\n\n\t\n\n<\/div>\n<div class=\"row row-large align-center\"  id=\"row-822173871\">\n\n\n\t<div id=\"col-228898367\" class=\"col medium-10 small-12 large-10\"  >\n\t\t\t\t<div class=\"col-inner text-left\"  >\n\t\t\t\n\t\t\t\n\n\t<div id=\"text-2507467306\" class=\"text\">\n\t\t\n\n<h2 style=\"font-size:80px; line-height:100%; margin-top:50px;\">Attentive to the<br \/>\n<span>well-being<\/span><br \/>\nof our clients<\/h2>\n\n\t\t\n<style>\n#text-2507467306 {\n  text-align: center;\n}\n<\/style>\n\t<\/div>\n\t\n\t<div class=\"img has-hover x md-x lg-x y md-y lg-y\" id=\"image_1070168291\">\n\t\t\t\t\t\t\t\t<div class=\"img-inner image-cover dark\" style=\"padding-top:56.25%;\">\n\t\t\t<img loading=\"lazy\" decoding=\"async\" width=\"1536\" height=\"1024\" src=\"https:\/\/cordelia.test7.eu\/wp-content\/uploads\/2025\/10\/engagements-4-attentif-hotel-cordelia-1536x1024.jpg\" class=\"attachment-1536x1536 size-1536x1536\" alt=\"Petit-d\u00e9jeuner \u00e0 l&#039;h\u00f4tel Cord\u00e9lia Paris\" srcset=\"https:\/\/cordelia.test7.eu\/wp-content\/uploads\/2025\/10\/engagements-4-attentif-hotel-cordelia-1536x1024.jpg 1536w, https:\/\/cordelia.test7.eu\/wp-content\/uploads\/2025\/10\/engagements-4-attentif-hotel-cordelia-300x200.jpg 300w, https:\/\/cordelia.test7.eu\/wp-content\/uploads\/2025\/10\/engagements-4-attentif-hotel-cordelia-1024x683.jpg 1024w, https:\/\/cordelia.test7.eu\/wp-content\/uploads\/2025\/10\/engagements-4-attentif-hotel-cordelia-768x512.jpg 768w, https:\/\/cordelia.test7.eu\/wp-content\/uploads\/2025\/10\/engagements-4-attentif-hotel-cordelia.jpg 1920w\" sizes=\"(max-width: 1536px) 100vw, 1536px\" \/>\t\t\t\t\t\t\n\t\t\t\t\t<\/div>\n\t\t\t\t\t\t\t\t\n<style>\n#image_1070168291 {\n  width: 100%;\n}\n<\/style>\n\t<\/div>\n\t\n\n\n\t\t<\/div>\n\t\t\t\t\n<style>\n#col-228898367 > .col-inner {\n  padding: 0px 0px 0px 0px;\n  margin: 30px 0px 0px 0px;\n}\n<\/style>\n\t<\/div>\n\n\t\n\n\t<div id=\"col-900610664\" class=\"col medium-8 small-12 large-8\"  >\n\t\t\t\t<div class=\"col-inner\"  >\n\t\t\t\n\t\t\t\n\n<p>For our breakfast, we offer local and seasonal products, organic and\/or fair trade products, and we can accommodate certain special dietary needs.<\/p>\n\n\n\t\t<\/div>\n\t\t\t\t\n<style>\n#col-900610664 > .col-inner {\n  margin: 50px 0px 0px 0px;\n}\n<\/style>\n\t<\/div>\n\n\t\n\n<\/div>\n<div class=\"row row-large align-center\"  id=\"row-147389025\">\n\n\n\t<div id=\"col-1097822483\" class=\"col medium-10 small-12 large-10\"  >\n\t\t\t\t<div class=\"col-inner text-left\"  >\n\t\t\t\n\t\t\t\n\n\t<div id=\"text-199675794\" class=\"text\">\n\t\t\n\n<h2 style=\"font-size:80px; line-height:100%; margin-top:50px;\">Cleaning<br \/>\n<span>eco-friendly and healthy<\/span><\/h2>\n\n\t\t\n<style>\n#text-199675794 {\n  text-align: center;\n}\n<\/style>\n\t<\/div>\n\t\n\t<div class=\"img has-hover x md-x lg-x y md-y lg-y\" id=\"image_747591680\">\n\t\t\t\t\t\t\t\t<div class=\"img-inner image-cover dark\" style=\"padding-top:56.25%;\">\n\t\t\t<img loading=\"lazy\" decoding=\"async\" width=\"1536\" height=\"1024\" src=\"https:\/\/cordelia.test7.eu\/wp-content\/uploads\/2025\/10\/engagements-5-nettoyage-hotel-cordelia.jpg-1536x1024.jpg\" class=\"attachment-1536x1536 size-1536x1536\" alt=\"Les engagements nettoyage de l&#039;h\u00f4tel Cord\u00e9lia Paris\" srcset=\"https:\/\/cordelia.test7.eu\/wp-content\/uploads\/2025\/10\/engagements-5-nettoyage-hotel-cordelia.jpg-1536x1024.jpg 1536w, https:\/\/cordelia.test7.eu\/wp-content\/uploads\/2025\/10\/engagements-5-nettoyage-hotel-cordelia.jpg-300x200.jpg 300w, https:\/\/cordelia.test7.eu\/wp-content\/uploads\/2025\/10\/engagements-5-nettoyage-hotel-cordelia.jpg-1024x683.jpg 1024w, https:\/\/cordelia.test7.eu\/wp-content\/uploads\/2025\/10\/engagements-5-nettoyage-hotel-cordelia.jpg-768x512.jpg 768w, https:\/\/cordelia.test7.eu\/wp-content\/uploads\/2025\/10\/engagements-5-nettoyage-hotel-cordelia.jpg.jpg 1920w\" sizes=\"(max-width: 1536px) 100vw, 1536px\" \/>\t\t\t\t\t\t\n\t\t\t\t\t<\/div>\n\t\t\t\t\t\t\t\t\n<style>\n#image_747591680 {\n  width: 100%;\n}\n<\/style>\n\t<\/div>\n\t\n\n\n\t\t<\/div>\n\t\t\t\t\n<style>\n#col-1097822483 > .col-inner {\n  padding: 0px 0px 0px 0px;\n  margin: 30px 0px 0px 0px;\n}\n<\/style>\n\t<\/div>\n\n\t\n\n\t<div id=\"col-1734528651\" class=\"col medium-8 small-12 large-8\"  >\n\t\t\t\t<div class=\"col-inner\"  >\n\t\t\t\n\t\t\t\n\n<p>&#8211; Staff training in the use of <strong>dry steam cleaning<\/strong> without chemicals.<br \/>&#8211; The products used for cleaning the premises are <strong>eco-labeled<\/strong>, which provides better <strong>air quality<\/strong> and fewer health risks.<br \/>&#8211; For the <strong>well-being of our teams and yours<\/strong>, we have banned bleach, which is irritating to the respiratory tract and toxic.<br \/>&#8211; We use <strong>environmentally friendly and health-conscious products<\/strong>.<\/p>\n\n\n\t\t<\/div>\n\t\t\t\t\n<style>\n#col-1734528651 > .col-inner {\n  margin: 50px 0px 0px 0px;\n}\n<\/style>\n\t<\/div>\n\n\t\n\n<\/div>\n<div class=\"row\"  id=\"row-933819103\">\n\n\n\t<div id=\"col-553670381\" class=\"col small-12 large-12\"  >\n\t\t\t\t<div class=\"col-inner text-center\"  >\n\t\t\t\n\t\t\t\n\n<a href=\"https:\/\/www.secure-hotel-booking.com\/Hotel-Cordelia\/21V3\/dateselection?language=EN\" target=\"_blank\" class=\"button secondary\" rel=\"noopener\"  style=\"border-radius:5px;padding:7px 80px 7px 80px;\">\n\t\t<span>Book a room<\/span>\n\t<\/a>\n\n\n\n\t\t<\/div>\n\t\t\t\t\t<\/div>\n\n\t\n\n<\/div>\n\n","protected":false},"excerpt":{"rendered":"","protected":false},"author":1,"featured_media":0,"parent":0,"menu_order":0,"comment_status":"closed","ping_status":"closed","template":"page-transparent-header-light.php","meta":{"_acf_changed":false,"footnotes":""},"class_list":["post-998","page","type-page","status-publish","hentry"],"acf":[],"yoast_head":"<!-- This site is optimized with the Yoast SEO plugin v27.4 - https:\/\/yoast.com\/product\/yoast-seo-wordpress\/ -->\n<title>Cordelia&#039;s commitments to preserving the environment.<\/title>\n<meta name=\"description\" content=\"Our ecological commitments aim to minimize our impact on the planet while guaranteeing the comfort and well-being of our customers.\" \/>\n<meta name=\"robots\" content=\"noindex, follow, max-snippet:-1, max-image-preview:large, max-video-preview:-1\" \/>\n<meta property=\"og:locale\" content=\"en_US\" \/>\n<meta property=\"og:type\" content=\"article\" \/>\n<meta property=\"og:title\" content=\"Cordelia&#039;s commitments to preserving the environment.\" \/>\n<meta property=\"og:description\" content=\"Our ecological commitments aim to minimize our impact on the planet while guaranteeing the comfort and well-being of our customers.\" \/>\n<meta property=\"og:url\" content=\"https:\/\/cordelia.test7.eu\/en\/our-commitments\/\" \/>\n<meta property=\"og:site_name\" content=\"H\u00f4tel Cord\u00e9lia\" \/>\n<meta property=\"article:modified_time\" content=\"2025-12-08T20:02:22+00:00\" \/>\n<meta name=\"twitter:card\" content=\"summary_large_image\" \/>\n<meta name=\"twitter:label1\" content=\"Est. reading time\" \/>\n\t<meta name=\"twitter:data1\" content=\"4 minutes\" \/>\n<script type=\"application\/ld+json\" class=\"yoast-schema-graph\">{\"@context\":\"https:\\\/\\\/schema.org\",\"@graph\":[{\"@type\":\"WebPage\",\"@id\":\"https:\\\/\\\/cordelia.test7.eu\\\/en\\\/our-commitments\\\/\",\"url\":\"https:\\\/\\\/cordelia.test7.eu\\\/en\\\/our-commitments\\\/\",\"name\":\"Cordelia's commitments to preserving the environment.\",\"isPartOf\":{\"@id\":\"https:\\\/\\\/www.cordelia-paris-hotel.com\\\/new\\\/#website\"},\"datePublished\":\"2024-12-02T09:23:33+00:00\",\"dateModified\":\"2025-12-08T20:02:22+00:00\",\"description\":\"Our ecological commitments aim to minimize our impact on the planet while guaranteeing the comfort and well-being of our customers.\",\"breadcrumb\":{\"@id\":\"https:\\\/\\\/cordelia.test7.eu\\\/en\\\/our-commitments\\\/#breadcrumb\"},\"inLanguage\":\"en-US\",\"potentialAction\":[{\"@type\":\"ReadAction\",\"target\":[\"https:\\\/\\\/cordelia.test7.eu\\\/en\\\/our-commitments\\\/\"]}]},{\"@type\":\"BreadcrumbList\",\"@id\":\"https:\\\/\\\/cordelia.test7.eu\\\/en\\\/our-commitments\\\/#breadcrumb\",\"itemListElement\":[{\"@type\":\"ListItem\",\"position\":1,\"name\":\"Accueil\",\"item\":\"https:\\\/\\\/www.cordelia-paris-hotel.com\\\/new\\\/en\\\/\"},{\"@type\":\"ListItem\",\"position\":2,\"name\":\"Our Commitments\"}]},{\"@type\":\"WebSite\",\"@id\":\"https:\\\/\\\/www.cordelia-paris-hotel.com\\\/new\\\/#website\",\"url\":\"https:\\\/\\\/www.cordelia-paris-hotel.com\\\/new\\\/\",\"name\":\"H\u00f4tel Cord\u00e9lia\",\"description\":\"\",\"potentialAction\":[{\"@type\":\"SearchAction\",\"target\":{\"@type\":\"EntryPoint\",\"urlTemplate\":\"https:\\\/\\\/www.cordelia-paris-hotel.com\\\/new\\\/?s={search_term_string}\"},\"query-input\":{\"@type\":\"PropertyValueSpecification\",\"valueRequired\":true,\"valueName\":\"search_term_string\"}}],\"inLanguage\":\"en-US\"}]}<\/script>\n<!-- \/ Yoast SEO plugin. -->","yoast_head_json":{"title":"Cordelia's commitments to preserving the environment.","description":"Our ecological commitments aim to minimize our impact on the planet while guaranteeing the comfort and well-being of our customers.","robots":{"index":"noindex","follow":"follow","max-snippet":"max-snippet:-1","max-image-preview":"max-image-preview:large","max-video-preview":"max-video-preview:-1"},"og_locale":"en_US","og_type":"article","og_title":"Cordelia's commitments to preserving the environment.","og_description":"Our ecological commitments aim to minimize our impact on the planet while guaranteeing the comfort and well-being of our customers.","og_url":"https:\/\/cordelia.test7.eu\/en\/our-commitments\/","og_site_name":"H\u00f4tel Cord\u00e9lia","article_modified_time":"2025-12-08T20:02:22+00:00","twitter_card":"summary_large_image","twitter_misc":{"Est. reading time":"4 minutes"},"schema":{"@context":"https:\/\/schema.org","@graph":[{"@type":"WebPage","@id":"https:\/\/cordelia.test7.eu\/en\/our-commitments\/","url":"https:\/\/cordelia.test7.eu\/en\/our-commitments\/","name":"Cordelia's commitments to preserving the environment.","isPartOf":{"@id":"https:\/\/www.cordelia-paris-hotel.com\/new\/#website"},"datePublished":"2024-12-02T09:23:33+00:00","dateModified":"2025-12-08T20:02:22+00:00","description":"Our ecological commitments aim to minimize our impact on the planet while guaranteeing the comfort and well-being of our customers.","breadcrumb":{"@id":"https:\/\/cordelia.test7.eu\/en\/our-commitments\/#breadcrumb"},"inLanguage":"en-US","potentialAction":[{"@type":"ReadAction","target":["https:\/\/cordelia.test7.eu\/en\/our-commitments\/"]}]},{"@type":"BreadcrumbList","@id":"https:\/\/cordelia.test7.eu\/en\/our-commitments\/#breadcrumb","itemListElement":[{"@type":"ListItem","position":1,"name":"Accueil","item":"https:\/\/www.cordelia-paris-hotel.com\/new\/en\/"},{"@type":"ListItem","position":2,"name":"Our Commitments"}]},{"@type":"WebSite","@id":"https:\/\/www.cordelia-paris-hotel.com\/new\/#website","url":"https:\/\/www.cordelia-paris-hotel.com\/new\/","name":"H\u00f4tel Cord\u00e9lia","description":"","potentialAction":[{"@type":"SearchAction","target":{"@type":"EntryPoint","urlTemplate":"https:\/\/www.cordelia-paris-hotel.com\/new\/?s={search_term_string}"},"query-input":{"@type":"PropertyValueSpecification","valueRequired":true,"valueName":"search_term_string"}}],"inLanguage":"en-US"}]}},"_links":{"self":[{"href":"https:\/\/cordelia.test7.eu\/en\/wp-json\/wp\/v2\/pages\/998","targetHints":{"allow":["GET"]}}],"collection":[{"href":"https:\/\/cordelia.test7.eu\/en\/wp-json\/wp\/v2\/pages"}],"about":[{"href":"https:\/\/cordelia.test7.eu\/en\/wp-json\/wp\/v2\/types\/page"}],"author":[{"embeddable":true,"href":"https:\/\/cordelia.test7.eu\/en\/wp-json\/wp\/v2\/users\/1"}],"replies":[{"embeddable":true,"href":"https:\/\/cordelia.test7.eu\/en\/wp-json\/wp\/v2\/comments?post=998"}],"version-history":[{"count":13,"href":"https:\/\/cordelia.test7.eu\/en\/wp-json\/wp\/v2\/pages\/998\/revisions"}],"predecessor-version":[{"id":3063,"href":"https:\/\/cordelia.test7.eu\/en\/wp-json\/wp\/v2\/pages\/998\/revisions\/3063"}],"wp:attachment":[{"href":"https:\/\/cordelia.test7.eu\/en\/wp-json\/wp\/v2\/media?parent=998"}],"curies":[{"name":"wp","href":"https:\/\/api.w.org\/{rel}","templated":true}]}}