{"id":5235,"date":"2026-05-13T11:49:37","date_gmt":"2026-05-13T09:49:37","guid":{"rendered":"https:\/\/cordelia.test7.eu\/news\/"},"modified":"2026-05-15T23:57:41","modified_gmt":"2026-05-15T21:57:41","slug":"news","status":"publish","type":"page","link":"https:\/\/cordelia.test7.eu\/es\/news\/","title":{"rendered":"Noticias"},"content":{"rendered":"\t\t<div data-elementor-type=\"wp-page\" data-elementor-id=\"5235\" class=\"elementor elementor-5235 elementor-4559\" data-elementor-post-type=\"page\">\n\t\t\t\t<div data-dce-background-image-url=\"https:\/\/cordelia.test7.eu\/wp-content\/uploads\/2025\/11\/quartier-3W8A3893-hotel-cordelia-md.jpg\" class=\"elementor-element elementor-element-e92ec17 e-flex e-con-boxed e-con e-parent\" data-id=\"e92ec17\" data-element_type=\"container\" data-e-type=\"container\" data-settings=\"{&quot;background_background&quot;:&quot;classic&quot;}\">\n\t\t\t\t\t<div class=\"e-con-inner\">\n\t\t\t\t<div class=\"elementor-element elementor-element-1d6661a elementor-invisible elementor-widget elementor-widget-heading\" data-id=\"1d6661a\" data-element_type=\"widget\" data-e-type=\"widget\" data-settings=\"{&quot;_animation&quot;:&quot;fadeInLeft&quot;,&quot;_animation_delay&quot;:200}\" data-widget_type=\"heading.default\">\n\t\t\t\t<div class=\"elementor-widget-container\">\n\t\t\t\t\t<h1 class=\"elementor-heading-title elementor-size-default\">Noticias<\/h1>\t\t\t\t<\/div>\n\t\t\t\t<\/div>\n\t\t\t\t\t<\/div>\n\t\t\t\t<\/div>\n\t\t<div class=\"elementor-element elementor-element-02e7971 e-con-full e-flex e-con e-parent\" data-id=\"02e7971\" data-element_type=\"container\" data-e-type=\"container\">\n\t\t\t\t<div data-dce-title-color=\"#000000\" class=\"elementor-element elementor-element-10d51fe elementor-widget__width-initial elementor-widget-mobile__width-inherit elementor-widget-laptop__width-inherit elementor-widget elementor-widget-heading\" data-id=\"10d51fe\" data-element_type=\"widget\" data-e-type=\"widget\" data-widget_type=\"heading.default\">\n\t\t\t\t<div class=\"elementor-widget-container\">\n\t\t\t\t\t<h2 class=\"elementor-heading-title elementor-size-default\">\u00a1Encuentra las \u00faltimas novedades<br> <i>del Hotel Cordelia!<\/i><\/h2>\t\t\t\t<\/div>\n\t\t\t\t<\/div>\n\t\t<div class=\"elementor-element elementor-element-a9e2e46 e-flex e-con-boxed e-con e-child\" data-id=\"a9e2e46\" data-element_type=\"container\" data-e-type=\"container\">\n\t\t\t\t\t<div class=\"e-con-inner\">\n\t\t<div class=\"elementor-element elementor-element-96b909e e-con-full e-flex e-con e-child\" data-id=\"96b909e\" data-element_type=\"container\" data-e-type=\"container\">\n\t\t\t\t<div class=\"elementor-element elementor-element-55582d0 elementor-widget__width-initial elementor-widget-mobile__width-inherit elementor-widget elementor-widget-image\" data-id=\"55582d0\" data-element_type=\"widget\" data-e-type=\"widget\" data-widget_type=\"image.default\">\n\t\t\t\t<div class=\"elementor-widget-container\">\n\t\t\t\t\t\t\t\t\t\t\t\t\t\t\t\t<a href=\"https:\/\/cordelia.test7.eu\/un-emplacement-ideal\/\">\n\t\t\t\t\t\t\t<img fetchpriority=\"high\" decoding=\"async\" width=\"800\" height=\"534\" src=\"https:\/\/cordelia.test7.eu\/wp-content\/uploads\/2025\/10\/autour-hotel-2-1024x683.jpg\" class=\"attachment-large size-large wp-image-2438\" alt=\"Place de la Concorde, Paris\" srcset=\"https:\/\/cordelia.test7.eu\/wp-content\/uploads\/2025\/10\/autour-hotel-2-1024x683.jpg 1024w, https:\/\/cordelia.test7.eu\/wp-content\/uploads\/2025\/10\/autour-hotel-2-300x200.jpg 300w, https:\/\/cordelia.test7.eu\/wp-content\/uploads\/2025\/10\/autour-hotel-2-768x512.jpg 768w, https:\/\/cordelia.test7.eu\/wp-content\/uploads\/2025\/10\/autour-hotel-2-1536x1024.jpg 1536w, https:\/\/cordelia.test7.eu\/wp-content\/uploads\/2025\/10\/autour-hotel-2.jpg 1920w\" sizes=\"(max-width: 800px) 100vw, 800px\" \/>\t\t\t\t\t\t\t\t<\/a>\n\t\t\t\t\t\t\t\t\t\t\t\t\t\t\t<\/div>\n\t\t\t\t<\/div>\n\t\t\t\t<div class=\"elementor-element elementor-element-bbf4f9e elementor-widget elementor-widget-heading\" data-id=\"bbf4f9e\" data-element_type=\"widget\" data-e-type=\"widget\" data-widget_type=\"heading.default\">\n\t\t\t\t<div class=\"elementor-widget-container\">\n\t\t\t\t\t<h3 class=\"elementor-heading-title elementor-size-default\"><a href=\"https:\/\/cordelia.test7.eu\/un-emplacement-ideal\/\">Una ubicaci\u00f3n ideal<\/a><\/h3>\t\t\t\t<\/div>\n\t\t\t\t<\/div>\n\t\t\t\t<div data-dce-background-color=\"#FFFFFF00\" class=\"elementor-element elementor-element-ad5e045 elementor-align-center elementor-widget elementor-widget-button\" data-id=\"ad5e045\" data-element_type=\"widget\" data-e-type=\"widget\" data-widget_type=\"button.default\">\n\t\t\t\t<div class=\"elementor-widget-container\">\n\t\t\t\t\t\t\t\t\t<div class=\"elementor-button-wrapper\">\n\t\t\t\t\t<a class=\"elementor-button elementor-button-link elementor-size-sm\" href=\"https:\/\/cordelia.test7.eu\/es\/una-ubicacion-ideal\/\">\n\t\t\t\t\t\t<span class=\"elementor-button-content-wrapper\">\n\t\t\t\t\t\t\t\t\t<span class=\"elementor-button-text\">lee la noticia<\/span>\n\t\t\t\t\t<\/span>\n\t\t\t\t\t<\/a>\n\t\t\t\t<\/div>\n\t\t\t\t\t\t\t\t<\/div>\n\t\t\t\t<\/div>\n\t\t\t\t<div class=\"elementor-element elementor-element-794faa1 elementor-widget-divider--view-line elementor-widget elementor-widget-divider\" data-id=\"794faa1\" data-element_type=\"widget\" data-e-type=\"widget\" data-widget_type=\"divider.default\">\n\t\t\t\t<div class=\"elementor-widget-container\">\n\t\t\t\t\t\t\t<div class=\"elementor-divider\">\n\t\t\t<span class=\"elementor-divider-separator\">\n\t\t\t\t\t\t<\/span>\n\t\t<\/div>\n\t\t\t\t\t\t<\/div>\n\t\t\t\t<\/div>\n\t\t\t\t<\/div>\n\t\t<div class=\"elementor-element elementor-element-0336459 e-con-full e-flex e-con e-child\" data-id=\"0336459\" data-element_type=\"container\" data-e-type=\"container\">\n\t\t\t\t<div class=\"elementor-element elementor-element-bf9ce19 elementor-widget__width-initial elementor-widget-mobile__width-inherit elementor-widget elementor-widget-image\" data-id=\"bf9ce19\" data-element_type=\"widget\" data-e-type=\"widget\" data-widget_type=\"image.default\">\n\t\t\t\t<div class=\"elementor-widget-container\">\n\t\t\t\t\t\t\t\t\t\t\t\t\t\t\t\t<a href=\"https:\/\/cordelia.test7.eu\/a-propos-de-lhotel-cordelia\/\">\n\t\t\t\t\t\t\t<img decoding=\"async\" width=\"800\" height=\"534\" src=\"https:\/\/cordelia.test7.eu\/wp-content\/uploads\/2025\/10\/article-Salon-canape-raye-1024x683.jpg\" class=\"attachment-large size-large wp-image-2348\" alt=\"Salon avec canap\u00e9 ray\u00e9 de l&#039;H\u00f4tel Cord\u00e9lia Paris\" srcset=\"https:\/\/cordelia.test7.eu\/wp-content\/uploads\/2025\/10\/article-Salon-canape-raye-1024x683.jpg 1024w, https:\/\/cordelia.test7.eu\/wp-content\/uploads\/2025\/10\/article-Salon-canape-raye-300x200.jpg 300w, https:\/\/cordelia.test7.eu\/wp-content\/uploads\/2025\/10\/article-Salon-canape-raye-768x512.jpg 768w, https:\/\/cordelia.test7.eu\/wp-content\/uploads\/2025\/10\/article-Salon-canape-raye-1536x1024.jpg 1536w, https:\/\/cordelia.test7.eu\/wp-content\/uploads\/2025\/10\/article-Salon-canape-raye.jpg 1920w\" sizes=\"(max-width: 800px) 100vw, 800px\" \/>\t\t\t\t\t\t\t\t<\/a>\n\t\t\t\t\t\t\t\t\t\t\t\t\t\t\t<\/div>\n\t\t\t\t<\/div>\n\t\t\t\t<div class=\"elementor-element elementor-element-33b6d6e elementor-widget elementor-widget-heading\" data-id=\"33b6d6e\" data-element_type=\"widget\" data-e-type=\"widget\" data-widget_type=\"heading.default\">\n\t\t\t\t<div class=\"elementor-widget-container\">\n\t\t\t\t\t<h3 class=\"elementor-heading-title elementor-size-default\"><a href=\"https:\/\/cordelia.test7.eu\/a-propos-de-lhotel-cordelia\/\">Acerca del Hotel Cordelia<\/a><\/h3>\t\t\t\t<\/div>\n\t\t\t\t<\/div>\n\t\t\t\t<div data-dce-background-color=\"#FFFFFF00\" class=\"elementor-element elementor-element-0a115d1 elementor-align-center elementor-widget elementor-widget-button\" data-id=\"0a115d1\" data-element_type=\"widget\" data-e-type=\"widget\" data-widget_type=\"button.default\">\n\t\t\t\t<div class=\"elementor-widget-container\">\n\t\t\t\t\t\t\t\t\t<div class=\"elementor-button-wrapper\">\n\t\t\t\t\t<a class=\"elementor-button elementor-button-link elementor-size-sm\" href=\"https:\/\/cordelia.test7.eu\/es\/acerca-del-hotel-cordelia\/\">\n\t\t\t\t\t\t<span class=\"elementor-button-content-wrapper\">\n\t\t\t\t\t\t\t\t\t<span class=\"elementor-button-text\">lee la noticia<\/span>\n\t\t\t\t\t<\/span>\n\t\t\t\t\t<\/a>\n\t\t\t\t<\/div>\n\t\t\t\t\t\t\t\t<\/div>\n\t\t\t\t<\/div>\n\t\t\t\t<div class=\"elementor-element elementor-element-9912248 elementor-widget-divider--view-line elementor-widget elementor-widget-divider\" data-id=\"9912248\" data-element_type=\"widget\" data-e-type=\"widget\" data-widget_type=\"divider.default\">\n\t\t\t\t<div class=\"elementor-widget-container\">\n\t\t\t\t\t\t\t<div class=\"elementor-divider\">\n\t\t\t<span class=\"elementor-divider-separator\">\n\t\t\t\t\t\t<\/span>\n\t\t<\/div>\n\t\t\t\t\t\t<\/div>\n\t\t\t\t<\/div>\n\t\t\t\t<\/div>\n\t\t\t\t\t<\/div>\n\t\t\t\t<\/div>\n\t\t\t\t<\/div>\n\t\t<div class=\"elementor-element elementor-element-e91879e e-flex e-con-boxed e-con e-parent\" data-id=\"e91879e\" data-element_type=\"container\" data-e-type=\"container\">\n\t\t\t\t\t<div class=\"e-con-inner\">\n\t\t\t\t<div class=\"elementor-element elementor-element-7c99346 elementor-align-center elementor-mobile-align-center elementor-widget elementor-widget-button\" data-id=\"7c99346\" data-element_type=\"widget\" data-e-type=\"widget\" data-widget_type=\"button.default\">\n\t\t\t\t<div class=\"elementor-widget-container\">\n\t\t\t\t\t\t\t\t\t<div class=\"elementor-button-wrapper\">\n\t\t\t\t\t<a class=\"elementor-button elementor-button-link elementor-size-sm\" href=\"https:\/\/www.secure-hotel-booking.com\/Hotel-Cordelia\/21V3\/dateselection?language=ES\" target=\"_blank\">\n\t\t\t\t\t\t<span class=\"elementor-button-content-wrapper\">\n\t\t\t\t\t\t\t\t\t<span class=\"elementor-button-text\">Reservar una habitaci\u00f3n<\/span>\n\t\t\t\t\t<\/span>\n\t\t\t\t\t<\/a>\n\t\t\t\t<\/div>\n\t\t\t\t\t\t\t\t<\/div>\n\t\t\t\t<\/div>\n\t\t\t\t\t<\/div>\n\t\t\t\t<\/div>\n\t\t\t\t<\/div>\n\t\t","protected":false},"excerpt":{"rendered":"<p>Noticias \u00a1Encuentra las \u00faltimas novedades del Hotel Cordelia! Una ubicaci\u00f3n ideal lee la noticia Acerca del Hotel Cordelia lee la noticia Reservar una habitaci\u00f3n<\/p>\n","protected":false},"author":2,"featured_media":2438,"parent":0,"menu_order":0,"comment_status":"closed","ping_status":"closed","template":"","meta":{"_acf_changed":false,"footnotes":""},"class_list":["post-5235","page","type-page","status-publish","has-post-thumbnail","hentry"],"acf":[],"_links":{"self":[{"href":"https:\/\/cordelia.test7.eu\/es\/wp-json\/wp\/v2\/pages\/5235","targetHints":{"allow":["GET"]}}],"collection":[{"href":"https:\/\/cordelia.test7.eu\/es\/wp-json\/wp\/v2\/pages"}],"about":[{"href":"https:\/\/cordelia.test7.eu\/es\/wp-json\/wp\/v2\/types\/page"}],"author":[{"embeddable":true,"href":"https:\/\/cordelia.test7.eu\/es\/wp-json\/wp\/v2\/users\/2"}],"replies":[{"embeddable":true,"href":"https:\/\/cordelia.test7.eu\/es\/wp-json\/wp\/v2\/comments?post=5235"}],"version-history":[{"count":13,"href":"https:\/\/cordelia.test7.eu\/es\/wp-json\/wp\/v2\/pages\/5235\/revisions"}],"predecessor-version":[{"id":5269,"href":"https:\/\/cordelia.test7.eu\/es\/wp-json\/wp\/v2\/pages\/5235\/revisions\/5269"}],"wp:featuredmedia":[{"embeddable":true,"href":"https:\/\/cordelia.test7.eu\/es\/wp-json\/wp\/v2\/media\/2438"}],"wp:attachment":[{"href":"https:\/\/cordelia.test7.eu\/es\/wp-json\/wp\/v2\/media?parent=5235"}],"curies":[{"name":"wp","href":"https:\/\/api.w.org\/{rel}","templated":true}]}}