{"id":5282,"date":"2026-05-12T11:56:29","date_gmt":"2026-05-12T09:56:29","guid":{"rendered":"https:\/\/cordelia.test7.eu\/nos-engagements\/"},"modified":"2026-05-16T00:52:16","modified_gmt":"2026-05-15T22:52:16","slug":"nos-engagements","status":"publish","type":"page","link":"https:\/\/cordelia.test7.eu\/es\/nos-engagements\/","title":{"rendered":"Nuestros Compromisos"},"content":{"rendered":"\t\t<div data-elementor-type=\"wp-page\" data-elementor-id=\"5282\" class=\"elementor elementor-5282 elementor-4403\" data-elementor-post-type=\"page\">\n\t\t\t\t<div data-dce-background-image-url=\"https:\/\/cordelia.test7.eu\/wp-content\/uploads\/2025\/10\/engagements-header-hotel-cordelia.jpg.jpg\" class=\"elementor-element elementor-element-7fe1ec9a e-flex e-con-boxed e-con e-parent\" data-id=\"7fe1ec9a\" data-element_type=\"container\" data-e-type=\"container\" data-settings=\"{&quot;background_background&quot;:&quot;classic&quot;}\">\n\t\t\t\t\t<div class=\"e-con-inner\">\n\t\t\t\t<div class=\"elementor-element elementor-element-29eec2fb elementor-invisible elementor-widget elementor-widget-heading\" data-id=\"29eec2fb\" data-element_type=\"widget\" data-e-type=\"widget\" data-settings=\"{&quot;_animation&quot;:&quot;fadeInLeft&quot;,&quot;_animation_delay&quot;:200}\" data-widget_type=\"heading.default\">\n\t\t\t\t<div class=\"elementor-widget-container\">\n\t\t\t\t\t<h1 class=\"elementor-heading-title elementor-size-default\">Nuestros Compromisos<\/h1>\t\t\t\t<\/div>\n\t\t\t\t<\/div>\n\t\t\t\t\t<\/div>\n\t\t\t\t<\/div>\n\t\t<div data-dce-background-color=\"#F8F4F4\" class=\"elementor-element elementor-element-29761002 e-con-full e-flex e-con e-parent\" data-id=\"29761002\" data-element_type=\"container\" data-e-type=\"container\" data-settings=\"{&quot;background_background&quot;:&quot;classic&quot;}\">\n\t\t\t\t<div class=\"elementor-element elementor-element-406ccced elementor-widget elementor-widget-text-editor\" data-id=\"406ccced\" data-element_type=\"widget\" data-e-type=\"widget\" data-widget_type=\"text-editor.default\">\n\t\t\t\t<div class=\"elementor-widget-container\">\n\t\t\t\t\t\t\t\t\t<p>En un mundo en constante evoluci\u00f3n, preservar nuestro medio ambiente es m\u00e1s esencial que nunca. Conscientes de nuestra responsabilidad, hemos implementado una serie de compromisos ambientales para minimizar nuestro impacto en el planeta, garantizando al mismo tiempo la comodidad y el bienestar de nuestros hu\u00e9spedes.<\/p><p>Creemos firmemente que cada acci\u00f3n cuenta, ya sea capacitar a nuestros equipos en pr\u00e1cticas sostenibles, seleccionar proveedores comprometidos u optimizar nuestro consumo de agua y energ\u00eda. Adem\u00e1s, nos comprometemos a limitar y clasificar nuestros residuos, a la vez que ofrecemos productos respetuosos con el medio ambiente y la salud.<\/p><p>Este enfoque refleja nuestro deseo de ofrecer una experiencia \u00fanica a nuestros hu\u00e9spedes mientras cuidamos nuestro planeta.<\/p><p>Descubra a continuaci\u00f3n las acciones concretas que estamos llevando a cabo para construir un futuro m\u00e1s sostenible.<\/p>\t\t\t\t\t\t\t\t<\/div>\n\t\t\t\t<\/div>\n\t\t\t\t<\/div>\n\t\t<div data-dce-background-color=\"#F8F4F4\" class=\"elementor-element elementor-element-543b44d6 e-con-full e-flex e-con e-parent\" data-id=\"543b44d6\" data-element_type=\"container\" data-e-type=\"container\" data-settings=\"{&quot;background_background&quot;:&quot;classic&quot;}\">\n\t\t\t\t<div data-dce-title-color=\"#000000\" class=\"elementor-element elementor-element-1edb931b elementor-widget__width-initial elementor-widget-mobile__width-inherit elementor-widget-laptop__width-inherit elementor-widget elementor-widget-heading\" data-id=\"1edb931b\" data-element_type=\"widget\" data-e-type=\"widget\" data-widget_type=\"heading.default\">\n\t\t\t\t<div class=\"elementor-widget-container\">\n\t\t\t\t\t<h2 class=\"elementor-heading-title elementor-size-default\">Concienciando a nuestros equipos <br> <i>y a nuestros proveedores<\/i><\/h2>\t\t\t\t<\/div>\n\t\t\t\t<\/div>\n\t\t<div data-dce-background-image-url=\"https:\/\/cordelia.test7.eu\/wp-content\/uploads\/2025\/10\/engagements-1-sensibiliser-hotel-cordelia.jpg\" class=\"elementor-element elementor-element-60c5196b e-con-full e-flex e-con e-child\" data-id=\"60c5196b\" data-element_type=\"container\" data-e-type=\"container\" data-settings=\"{&quot;background_background&quot;:&quot;classic&quot;}\">\n\t\t\t\t<\/div>\n\t\t\t\t<div class=\"elementor-element elementor-element-169d72bc elementor-widget__width-initial elementor-widget-mobile__width-inherit elementor-widget elementor-widget-text-editor\" data-id=\"169d72bc\" data-element_type=\"widget\" data-e-type=\"widget\" data-widget_type=\"text-editor.default\">\n\t\t\t\t<div class=\"elementor-widget-container\">\n\t\t\t\t\t\t\t\t\t<p>\u2013 Nuestros equipos est\u00e1n capacitados en <strong>pr\u00e1cticas ambientales<\/strong> en sus tareas diarias.<br \/>\u2013 Elegimos a nuestros proveedores y prestadores de servicios en funci\u00f3n de sus <strong>compromisos sociales y sostenibles<\/strong>.<\/p>\t\t\t\t\t\t\t\t<\/div>\n\t\t\t\t<\/div>\n\t\t\t\t<\/div>\n\t\t<div data-dce-background-color=\"#F8F4F4\" class=\"elementor-element elementor-element-5b659f9 e-con-full e-flex e-con e-parent\" data-id=\"5b659f9\" data-element_type=\"container\" data-e-type=\"container\" data-settings=\"{&quot;background_background&quot;:&quot;classic&quot;}\">\n\t\t\t\t<div data-dce-title-color=\"#000000\" class=\"elementor-element elementor-element-785f03fe elementor-widget__width-initial elementor-widget-mobile__width-inherit elementor-widget-laptop__width-inherit elementor-widget elementor-widget-heading\" data-id=\"785f03fe\" data-element_type=\"widget\" data-e-type=\"widget\" data-widget_type=\"heading.default\">\n\t\t\t\t<div class=\"elementor-widget-container\">\n\t\t\t\t\t<h2 class=\"elementor-heading-title elementor-size-default\">\u00a1Ahorra agua <br> <i>y energ\u00eda!<\/i><\/h2>\t\t\t\t<\/div>\n\t\t\t\t<\/div>\n\t\t<div data-dce-background-image-url=\"https:\/\/cordelia.test7.eu\/wp-content\/uploads\/2025\/10\/engagements-2-economiser-hotel-cordelia.jpg\" class=\"elementor-element elementor-element-70f03cb8 e-con-full e-flex e-con e-child\" data-id=\"70f03cb8\" data-element_type=\"container\" data-e-type=\"container\" data-settings=\"{&quot;background_background&quot;:&quot;classic&quot;}\">\n\t\t\t\t<\/div>\n\t\t\t\t<div class=\"elementor-element elementor-element-18669481 elementor-widget__width-initial elementor-widget-mobile__width-inherit elementor-widget elementor-widget-text-editor\" data-id=\"18669481\" data-element_type=\"widget\" data-e-type=\"widget\" data-widget_type=\"text-editor.default\">\n\t\t\t\t<div class=\"elementor-widget-container\">\n\t\t\t\t\t\t\t\t\t<p>\u2013 Hemos instalado <strong>dispositivos de ahorro de agua<\/strong> en nuestros grifos y duchas para conservar agua.<br \/>\u2013 Toda nuestra iluminaci\u00f3n es LED, lo que permite un <strong>ahorro de energ\u00eda<\/strong> y una comodidad similar para nuestros hu\u00e9spedes.<br \/>\u2013 Hemos instalado detectores de movimiento\/temporizadores en las \u00e1reas comunes\/pasillos para <strong>limitar el desperdicio de energ\u00eda<\/strong>.<br \/>\u2013 En un esfuerzo por <strong>preservar el medio ambiente<\/strong> y lograr un ahorro significativo de agua y energ\u00eda, nuestros hu\u00e9spedes tienen la opci\u00f3n de no cambiar sus s\u00e1banas &amp; toallas a diario.<\/p>\t\t\t\t\t\t\t\t<\/div>\n\t\t\t\t<\/div>\n\t\t\t\t<\/div>\n\t\t<div data-dce-background-color=\"#F8F4F4\" class=\"elementor-element elementor-element-5adb6d43 e-con-full e-flex e-con e-parent\" data-id=\"5adb6d43\" data-element_type=\"container\" data-e-type=\"container\" data-settings=\"{&quot;background_background&quot;:&quot;classic&quot;}\">\n\t\t\t\t<div data-dce-title-color=\"#000000\" class=\"elementor-element elementor-element-35c6fb19 elementor-widget__width-initial elementor-widget-mobile__width-inherit elementor-widget-laptop__width-inherit elementor-widget elementor-widget-heading\" data-id=\"35c6fb19\" data-element_type=\"widget\" data-e-type=\"widget\" data-widget_type=\"heading.default\">\n\t\t\t\t<div class=\"elementor-widget-container\">\n\t\t\t\t\t<h2 class=\"elementor-heading-title elementor-size-default\">Limitar y clasificar<br>nuestros <i>residuos<\/i><\/h2>\t\t\t\t<\/div>\n\t\t\t\t<\/div>\n\t\t<div data-dce-background-image-url=\"https:\/\/cordelia.test7.eu\/wp-content\/uploads\/2025\/10\/engagements-3-trier-hotel-cordelia.jpg\" class=\"elementor-element elementor-element-6fa5591f e-con-full e-flex e-con e-child\" data-id=\"6fa5591f\" data-element_type=\"container\" data-e-type=\"container\" data-settings=\"{&quot;background_background&quot;:&quot;classic&quot;}\">\n\t\t\t\t<\/div>\n\t\t\t\t<div class=\"elementor-element elementor-element-7c4ed2a8 elementor-widget__width-initial elementor-widget-mobile__width-inherit elementor-widget elementor-widget-text-editor\" data-id=\"7c4ed2a8\" data-element_type=\"widget\" data-e-type=\"widget\" data-widget_type=\"text-editor.default\">\n\t\t\t\t<div class=\"elementor-widget-container\">\n\t\t\t\t\t\t\t\t\t<p>\u2013 <strong>Nuestros equipos clasifican el contenido de los contenedores de las habitaciones<\/strong>: vidrio, pl\u00e1stico y cart\u00f3n se clasifican para su reciclaje.<br \/>\u2013 Trabajamos con la mayor\u00eda de los productos vendidos a granel o en paquetes grandes para <strong>limitar los embalajes innecesarios<\/strong>, ya sea para el desayuno o para productos de limpieza.<br \/>\u2013 <strong>Sustituci\u00f3n de las botellas de agua mineral desechables<\/strong> por botellas de agua filtrada en colaboraci\u00f3n con BeWTR.<\/p>\t\t\t\t\t\t\t\t<\/div>\n\t\t\t\t<\/div>\n\t\t\t\t<\/div>\n\t\t<div data-dce-background-color=\"#F8F4F4\" class=\"elementor-element elementor-element-66d953b e-con-full e-flex e-con e-parent\" data-id=\"66d953b\" data-element_type=\"container\" data-e-type=\"container\" data-settings=\"{&quot;background_background&quot;:&quot;classic&quot;}\">\n\t\t\t\t<div data-dce-title-color=\"#000000\" class=\"elementor-element elementor-element-46f85cdf elementor-widget__width-initial elementor-widget-mobile__width-inherit elementor-widget-laptop__width-inherit elementor-widget elementor-widget-heading\" data-id=\"46f85cdf\" data-element_type=\"widget\" data-e-type=\"widget\" data-widget_type=\"heading.default\">\n\t\t\t\t<div class=\"elementor-widget-container\">\n\t\t\t\t\t<h2 class=\"elementor-heading-title elementor-size-default\">Atentos al<br> <i>bienestar<\/i><br> de nuestros clientes<\/h2>\t\t\t\t<\/div>\n\t\t\t\t<\/div>\n\t\t<div data-dce-background-image-url=\"https:\/\/cordelia.test7.eu\/wp-content\/uploads\/2025\/10\/engagements-4-attentif-hotel-cordelia.jpg\" class=\"elementor-element elementor-element-6b774bbd e-con-full e-flex e-con e-child\" data-id=\"6b774bbd\" data-element_type=\"container\" data-e-type=\"container\" data-settings=\"{&quot;background_background&quot;:&quot;classic&quot;}\">\n\t\t\t\t<\/div>\n\t\t\t\t<div class=\"elementor-element elementor-element-1a0ca90 elementor-widget__width-initial elementor-widget-mobile__width-inherit elementor-widget elementor-widget-text-editor\" data-id=\"1a0ca90\" data-element_type=\"widget\" data-e-type=\"widget\" data-widget_type=\"text-editor.default\">\n\t\t\t\t<div class=\"elementor-widget-container\">\n\t\t\t\t\t\t\t\t\t<p>Para nuestro desayuno, ofrecemos productos locales y de temporada, productos org\u00e1nicos y\/o de comercio justo, y podemos adaptarnos a ciertas necesidades diet\u00e9ticas especiales.<\/p>\t\t\t\t\t\t\t\t<\/div>\n\t\t\t\t<\/div>\n\t\t\t\t<\/div>\n\t\t<div data-dce-background-color=\"#F8F4F4\" class=\"elementor-element elementor-element-783ba1ab e-con-full e-flex e-con e-parent\" data-id=\"783ba1ab\" data-element_type=\"container\" data-e-type=\"container\" data-settings=\"{&quot;background_background&quot;:&quot;classic&quot;}\">\n\t\t\t\t<div data-dce-title-color=\"#000000\" class=\"elementor-element elementor-element-38db5855 elementor-widget__width-initial elementor-widget-mobile__width-inherit elementor-widget-laptop__width-inherit elementor-widget elementor-widget-heading\" data-id=\"38db5855\" data-element_type=\"widget\" data-e-type=\"widget\" data-widget_type=\"heading.default\">\n\t\t\t\t<div class=\"elementor-widget-container\">\n\t\t\t\t\t<h2 class=\"elementor-heading-title elementor-size-default\">Limpieza<br> <i>ecol\u00f3gica y saludable<\/i><br><\/h2>\t\t\t\t<\/div>\n\t\t\t\t<\/div>\n\t\t<div data-dce-background-image-url=\"https:\/\/cordelia.test7.eu\/wp-content\/uploads\/2025\/10\/engagements-5-nettoyage-hotel-cordelia.jpg.jpg\" class=\"elementor-element elementor-element-14ba493a e-con-full e-flex e-con e-child\" data-id=\"14ba493a\" data-element_type=\"container\" data-e-type=\"container\" data-settings=\"{&quot;background_background&quot;:&quot;classic&quot;}\">\n\t\t\t\t<\/div>\n\t\t\t\t<div class=\"elementor-element elementor-element-72068aac elementor-widget__width-initial elementor-widget-mobile__width-inherit elementor-widget elementor-widget-text-editor\" data-id=\"72068aac\" data-element_type=\"widget\" data-e-type=\"widget\" data-widget_type=\"text-editor.default\">\n\t\t\t\t<div class=\"elementor-widget-container\">\n\t\t\t\t\t\t\t\t\t<p>\u2013 Formaci\u00f3n del personal en el uso de <strong>limpieza con vapor seco<\/strong> sin productos qu\u00edmicos.<br \/>\u2013 Los productos utilizados para la limpieza de las instalaciones cuentan con <strong>etiqueta ecol\u00f3gica<\/strong>, lo que proporciona una mejor <strong>calidad del aire<\/strong> y menos riesgos para la salud.<br \/>\u2013 Para el <strong>bienestar de nuestros equipos y el suyo<\/strong>, hemos prohibido la lej\u00eda, que es irritante para las v\u00edas respiratorias y t\u00f3xica.<br \/>\u2013 Utilizamos <strong>productos respetuosos con el medio ambiente y la salud<\/strong>.<\/p>\t\t\t\t\t\t\t\t<\/div>\n\t\t\t\t<\/div>\n\t\t\t\t<\/div>\n\t\t<div class=\"elementor-element elementor-element-6abf028f e-flex e-con-boxed e-con e-parent\" data-id=\"6abf028f\" data-element_type=\"container\" data-e-type=\"container\">\n\t\t\t\t\t<div class=\"e-con-inner\">\n\t\t\t\t<div class=\"elementor-element elementor-element-6a865ae1 elementor-align-center elementor-mobile-align-center elementor-widget elementor-widget-button\" data-id=\"6a865ae1\" data-element_type=\"widget\" data-e-type=\"widget\" data-widget_type=\"button.default\">\n\t\t\t\t<div class=\"elementor-widget-container\">\n\t\t\t\t\t\t\t\t\t<div class=\"elementor-button-wrapper\">\n\t\t\t\t\t<a class=\"elementor-button elementor-button-link elementor-size-sm\" href=\"https:\/\/www.secure-hotel-booking.com\/Hotel-Cordelia\/21V3\/dateselection?language=ES\" target=\"_blank\">\n\t\t\t\t\t\t<span class=\"elementor-button-content-wrapper\">\n\t\t\t\t\t\t\t\t\t<span class=\"elementor-button-text\">reservar una habitaci\u00f3n<\/span>\n\t\t\t\t\t<\/span>\n\t\t\t\t\t<\/a>\n\t\t\t\t<\/div>\n\t\t\t\t\t\t\t\t<\/div>\n\t\t\t\t<\/div>\n\t\t\t\t\t<\/div>\n\t\t\t\t<\/div>\n\t\t\t\t<\/div>\n\t\t","protected":false},"excerpt":{"rendered":"<p>Nos engagements Dans un monde en constante \u00e9volution, la pr\u00e9servation de notre environnement est plus essentielle que jamais. Conscients de notre responsabilit\u00e9, nous avons mis en place une s\u00e9rie d\u2019engagements \u00e9cologiques visant \u00e0 minimiser notre impact sur la plan\u00e8te tout en garantissant le confort et le bien-\u00eatre de nos clients. Nous croyons fermement que chaque [&hellip;]<\/p>\n","protected":false},"author":2,"featured_media":2363,"parent":0,"menu_order":0,"comment_status":"closed","ping_status":"closed","template":"","meta":{"_acf_changed":false,"footnotes":""},"class_list":["post-5282","page","type-page","status-publish","has-post-thumbnail","hentry"],"acf":[],"_links":{"self":[{"href":"https:\/\/cordelia.test7.eu\/es\/wp-json\/wp\/v2\/pages\/5282","targetHints":{"allow":["GET"]}}],"collection":[{"href":"https:\/\/cordelia.test7.eu\/es\/wp-json\/wp\/v2\/pages"}],"about":[{"href":"https:\/\/cordelia.test7.eu\/es\/wp-json\/wp\/v2\/types\/page"}],"author":[{"embeddable":true,"href":"https:\/\/cordelia.test7.eu\/es\/wp-json\/wp\/v2\/users\/2"}],"replies":[{"embeddable":true,"href":"https:\/\/cordelia.test7.eu\/es\/wp-json\/wp\/v2\/comments?post=5282"}],"version-history":[{"count":1,"href":"https:\/\/cordelia.test7.eu\/es\/wp-json\/wp\/v2\/pages\/5282\/revisions"}],"predecessor-version":[{"id":5286,"href":"https:\/\/cordelia.test7.eu\/es\/wp-json\/wp\/v2\/pages\/5282\/revisions\/5286"}],"wp:featuredmedia":[{"embeddable":true,"href":"https:\/\/cordelia.test7.eu\/es\/wp-json\/wp\/v2\/media\/2363"}],"wp:attachment":[{"href":"https:\/\/cordelia.test7.eu\/es\/wp-json\/wp\/v2\/media?parent=5282"}],"curies":[{"name":"wp","href":"https:\/\/api.w.org\/{rel}","templated":true}]}}