{"id":5289,"date":"2026-04-24T19:03:50","date_gmt":"2026-04-24T17:03:50","guid":{"rendered":"https:\/\/cordelia.test7.eu\/contact\/"},"modified":"2026-05-16T02:47:10","modified_gmt":"2026-05-16T00:47:10","slug":"contact","status":"publish","type":"page","link":"https:\/\/cordelia.test7.eu\/es\/contact\/","title":{"rendered":"Contact"},"content":{"rendered":"\t\t<div data-elementor-type=\"wp-page\" data-elementor-id=\"5289\" class=\"elementor elementor-5289 elementor-3507\" data-elementor-post-type=\"page\">\n\t\t\t\t<div data-dce-background-image-url=\"https:\/\/cordelia.test7.eu\/wp-content\/uploads\/2025\/10\/quartier-home-5.jpg\" class=\"elementor-element elementor-element-ef2a985 e-flex e-con-boxed e-con e-parent\" data-id=\"ef2a985\" data-element_type=\"container\" data-e-type=\"container\" data-settings=\"{&quot;background_background&quot;:&quot;classic&quot;}\">\n\t\t\t\t\t<div class=\"e-con-inner\">\n\t\t\t\t<div class=\"elementor-element elementor-element-858756c elementor-invisible elementor-widget elementor-widget-heading\" data-id=\"858756c\" data-element_type=\"widget\" data-e-type=\"widget\" data-settings=\"{&quot;_animation&quot;:&quot;fadeInLeft&quot;,&quot;_animation_delay&quot;:200}\" data-widget_type=\"heading.default\">\n\t\t\t\t<div class=\"elementor-widget-container\">\n\t\t\t\t\t<h1 class=\"elementor-heading-title elementor-size-default\">Contacto<\/h1>\t\t\t\t<\/div>\n\t\t\t\t<\/div>\n\t\t\t\t\t<\/div>\n\t\t\t\t<\/div>\n\t\t<div class=\"elementor-element elementor-element-1d59d3c e-con-full e-flex e-con e-parent\" data-id=\"1d59d3c\" data-element_type=\"container\" data-e-type=\"container\">\n\t\t\t\t<div data-dce-title-color=\"#0E0E0E\" class=\"elementor-element elementor-element-d742648 elementor-widget__width-initial elementor-widget-laptop__width-initial elementor-widget-tablet__width-inherit elementor-widget elementor-widget-heading\" data-id=\"d742648\" data-element_type=\"widget\" data-e-type=\"widget\" data-widget_type=\"heading.default\">\n\t\t\t\t<div class=\"elementor-widget-container\">\n\t\t\t\t\t<h1 class=\"elementor-heading-title elementor-size-default\">Hotel Cord\u00e9lia<\/h1>\t\t\t\t<\/div>\n\t\t\t\t<\/div>\n\t\t\t\t<div data-dce-title-color=\"#000000\" class=\"elementor-element elementor-element-026b618 elementor-widget__width-initial elementor-widget-mobile__width-inherit elementor-widget-laptop__width-inherit elementor-widget elementor-widget-heading\" data-id=\"026b618\" data-element_type=\"widget\" data-e-type=\"widget\" data-widget_type=\"heading.default\">\n\t\t\t\t<div class=\"elementor-widget-container\">\n\t\t\t\t\t<h2 class=\"elementor-heading-title elementor-size-default\">A dos pasos de la <br> <i>Madeleine<\/i><\/h2>\t\t\t\t<\/div>\n\t\t\t\t<\/div>\n\t\t\t\t<div class=\"elementor-element elementor-element-c229a4d elementor-widget elementor-widget-text-editor\" data-id=\"c229a4d\" data-element_type=\"widget\" data-e-type=\"widget\" data-widget_type=\"text-editor.default\">\n\t\t\t\t<div class=\"elementor-widget-container\">\n\t\t\t\t\t\t\t\t\t<p>Nuestra recepci\u00f3n le atiende las <strong>24 horas del d\u00eda<\/strong>. Para cualquier solicitud de reserva, organizaci\u00f3n de eventos o simple consulta, estaremos encantados de responderle.<\/p>\t\t\t\t\t\t\t\t<\/div>\n\t\t\t\t<\/div>\n\t\t\t\t<\/div>\n\t\t<div class=\"elementor-element elementor-element-33ec587 e-con-full e-flex e-con e-parent\" data-id=\"33ec587\" data-element_type=\"container\" data-e-type=\"container\">\n\t\t<div class=\"elementor-element elementor-element-ae0dfd3 e-con-full e-flex e-con e-child\" data-id=\"ae0dfd3\" data-element_type=\"container\" data-e-type=\"container\">\n\t\t\t\t<div class=\"elementor-element elementor-element-6024b6d elementor-widget__width-initial elementor-widget-mobile__width-inherit elementor-widget-tablet__width-inherit elementor-vertical-align-top elementor-widget elementor-widget-image-box\" data-id=\"6024b6d\" data-element_type=\"widget\" data-e-type=\"widget\" data-widget_type=\"image-box.default\">\n\t\t\t\t<div class=\"elementor-widget-container\">\n\t\t\t\t\t<div class=\"elementor-image-box-wrapper\"><div class=\"elementor-image-box-content\"><h3 class=\"elementor-image-box-title\"><a href=\"https:\/\/maps.app.goo.gl\/z9esy2jmaSup2WUu6\">Direcci\u00f3n<\/a><\/h3><p class=\"elementor-image-box-description\"><a href=\"https:\/\/maps.app.goo.gl\/z9esy2jmaSup2WUu6\" target=\"_blank\" style=\"color:#000\">\n    11 rue de Greffulhe  <br>\n    75008 Paris - France\n<\/a><\/p><\/div><\/div>\t\t\t\t<\/div>\n\t\t\t\t<\/div>\n\t\t\t\t<div class=\"elementor-element elementor-element-a811e13 elementor-widget__width-initial elementor-widget-mobile__width-inherit elementor-widget-tablet__width-inherit elementor-vertical-align-top elementor-widget elementor-widget-image-box\" data-id=\"a811e13\" data-element_type=\"widget\" data-e-type=\"widget\" data-widget_type=\"image-box.default\">\n\t\t\t\t<div class=\"elementor-widget-container\">\n\t\t\t\t\t<div class=\"elementor-image-box-wrapper\"><div class=\"elementor-image-box-content\"><h3 class=\"elementor-image-box-title\">Tel\u00e9fono<\/h3><p class=\"elementor-image-box-description\"><a href=\"tel:+33142654240\" style=\"color:#000\">+33 1 42 65 42 40<\/a><\/p><\/div><\/div>\t\t\t\t<\/div>\n\t\t\t\t<\/div>\n\t\t\t\t<div class=\"elementor-element elementor-element-2e24b8f elementor-widget__width-initial elementor-widget-mobile__width-inherit elementor-widget-tablet__width-inherit elementor-vertical-align-top elementor-widget elementor-widget-image-box\" data-id=\"2e24b8f\" data-element_type=\"widget\" data-e-type=\"widget\" data-widget_type=\"image-box.default\">\n\t\t\t\t<div class=\"elementor-widget-container\">\n\t\t\t\t\t<div class=\"elementor-image-box-wrapper\"><div class=\"elementor-image-box-content\"><h3 class=\"elementor-image-box-title\"><a href=\"mailto:contact@cordelia-paris-hotel.com\">E-mail<\/a><\/h3><p class=\"elementor-image-box-description\"><a href=\"mailto:contact@cordelia-paris-hotel.com\" style=\"color:#000\">\n    contact@cordelia-paris-hotel.com\n<\/a><\/p><\/div><\/div>\t\t\t\t<\/div>\n\t\t\t\t<\/div>\n\t\t\t\t<div class=\"elementor-element elementor-element-1aa7830 elementor-widget__width-initial elementor-widget-mobile__width-inherit elementor-widget-tablet__width-inherit elementor-vertical-align-top elementor-widget elementor-widget-image-box\" data-id=\"1aa7830\" data-element_type=\"widget\" data-e-type=\"widget\" data-widget_type=\"image-box.default\">\n\t\t\t\t<div class=\"elementor-widget-container\">\n\t\t\t\t\t<div class=\"elementor-image-box-wrapper\"><div class=\"elementor-image-box-content\"><h3 class=\"elementor-image-box-title\">Conserjer\u00eda<\/h3><p class=\"elementor-image-box-description\">Tous les jours, 7h \u2013 23h<\/p><\/div><\/div>\t\t\t\t<\/div>\n\t\t\t\t<\/div>\n\t\t\t\t<\/div>\n\t\t<div class=\"elementor-element elementor-element-1ed2414 e-con-full e-flex e-con e-child\" data-id=\"1ed2414\" data-element_type=\"container\" data-e-type=\"container\">\n\t\t\t\t<div class=\"elementor-element elementor-element-b592df8 elementor-widget elementor-widget-google_maps\" data-id=\"b592df8\" data-element_type=\"widget\" data-e-type=\"widget\" data-widget_type=\"google_maps.default\">\n\t\t\t\t<div class=\"elementor-widget-container\">\n\t\t\t\t\t\t\t<div class=\"elementor-custom-embed\">\n\t\t\t<iframe loading=\"lazy\"\n\t\t\t\t\tsrc=\"https:\/\/maps.google.com\/maps?q=H%C3%B4tel%20Cordelia%2C%2011%20rue%20de%20Greffulhe%2075008%20Paris&#038;t=m&#038;z=15&#038;output=embed&#038;iwloc=near\"\n\t\t\t\t\ttitle=\"H\u00f4tel Cordelia, 11 rue de Greffulhe 75008 Paris\"\n\t\t\t\t\taria-label=\"H\u00f4tel Cordelia, 11 rue de Greffulhe 75008 Paris\"\n\t\t\t><\/iframe>\n\t\t<\/div>\n\t\t\t\t\t\t<\/div>\n\t\t\t\t<\/div>\n\t\t\t\t<\/div>\n\t\t\t\t<\/div>\n\t\t<div class=\"elementor-element elementor-element-1c50cc6 e-con-full e-flex e-con e-parent\" data-id=\"1c50cc6\" data-element_type=\"container\" data-e-type=\"container\">\n\t\t\t\t<div data-dce-title-color=\"#000000\" class=\"elementor-element elementor-element-3b865fe elementor-widget__width-initial elementor-widget-mobile__width-inherit elementor-widget elementor-widget-heading\" data-id=\"3b865fe\" data-element_type=\"widget\" data-e-type=\"widget\" data-widget_type=\"heading.default\">\n\t\t\t\t<div class=\"elementor-widget-container\">\n\t\t\t\t\t<h2 class=\"elementor-heading-title elementor-size-default\">Tomemos<br> <i>contacto<\/i><\/h2>\t\t\t\t<\/div>\n\t\t\t\t<\/div>\n\t\t\t\t<div class=\"elementor-element elementor-element-d806f7c elementor-widget elementor-widget-text-editor\" data-id=\"d806f7c\" data-element_type=\"widget\" data-e-type=\"widget\" data-widget_type=\"text-editor.default\">\n\t\t\t\t<div class=\"elementor-widget-container\">\n\t\t\t\t\t\t\t\t\t<p>Complete los campos a continuaci\u00f3n. Nos pondremos en contacto con usted personalmente durante el d\u00eda o a la ma\u00f1ana siguiente.<\/p>\t\t\t\t\t\t\t\t<\/div>\n\t\t\t\t<\/div>\n\t\t\t\t<div class=\"elementor-element elementor-element-d024ebc elementor-button-align-stretch elementor-widget elementor-widget-form\" data-id=\"d024ebc\" data-element_type=\"widget\" data-e-type=\"widget\" data-settings=\"{&quot;step_next_label&quot;:&quot;Next&quot;,&quot;step_previous_label&quot;:&quot;Previous&quot;,&quot;button_width&quot;:&quot;100&quot;,&quot;step_type&quot;:&quot;number_text&quot;,&quot;step_icon_shape&quot;:&quot;circle&quot;}\" data-widget_type=\"form.default\">\n\t\t\t\t<div class=\"elementor-widget-container\">\n\t\t\t\t\t\t\t<form class=\"elementor-form\" method=\"post\" id=\"contactForm\" name=\"CordeliaContactES\" aria-label=\"CordeliaContactES\">\n\t\t\t<input type=\"hidden\" name=\"post_id\" value=\"5289\"\/>\n\t\t\t<input type=\"hidden\" name=\"form_id\" value=\"d024ebc\"\/>\n\t\t\t<input type=\"hidden\" name=\"referer_title\" value=\"P\u00f3ngase en contacto con el Hotel Cord\u00e9lia \u2013 Par\u00eds 8, Madeleine | +33 1 42 65 42 40\" \/>\n\n\t\t\t\t\t\t\t<input type=\"hidden\" name=\"queried_id\" value=\"5289\"\/>\n\t\t\t\n\t\t\t<div class=\"elementor-form-fields-wrapper elementor-labels-above\">\n\t\t\t\t\t\t\t\t<div class=\"elementor-field-type-text\">\n\t\t\t\t\t<input size=\"1\" type=\"text\" name=\"form_fields[Titre]\" id=\"form-field-Titre\" class=\"elementor-field elementor-size-sm \" style=\"display:none !important;\">\t\t\t\t<\/div>\n\t\t\t\t\t\t\t\t<div class=\"elementor-field-type-text elementor-field-group elementor-column elementor-field-group-name elementor-col-50 elementor-field-required elementor-mark-required\">\n\t\t\t\t\t\t\t\t\t\t\t\t<label for=\"form-field-name\" class=\"elementor-field-label\">\n\t\t\t\t\t\t\t\tSu nombre\t\t\t\t\t\t\t<\/label>\n\t\t\t\t\t\t\t\t\t\t\t\t\t\t<input size=\"1\" type=\"text\" name=\"form_fields[name]\" id=\"form-field-name\" class=\"elementor-field elementor-size-sm  elementor-field-textual\" required=\"required\">\n\t\t\t\t\t\t\t\t\t\t\t<\/div>\n\t\t\t\t\t\t\t\t<div class=\"elementor-field-type-email elementor-field-group elementor-column elementor-field-group-email elementor-col-50 elementor-field-required elementor-mark-required\">\n\t\t\t\t\t\t\t\t\t\t\t\t<label for=\"form-field-email\" class=\"elementor-field-label\">\n\t\t\t\t\t\t\t\tSu direcci\u00f3n de correo electr\u00f3nico\t\t\t\t\t\t\t<\/label>\n\t\t\t\t\t\t\t\t\t\t\t\t\t\t<input size=\"1\" type=\"email\" name=\"form_fields[email]\" id=\"form-field-email\" class=\"elementor-field elementor-size-sm  elementor-field-textual\" required=\"required\">\n\t\t\t\t\t\t\t\t\t\t\t<\/div>\n\t\t\t\t\t\t\t\t<div class=\"elementor-field-type-text\">\n\t\t\t\t\t<input size=\"1\" type=\"text\" name=\"form_fields[field_f25d9b6]\" id=\"form-field-field_f25d9b6\" class=\"elementor-field elementor-size-sm \" style=\"display:none !important;\">\t\t\t\t<\/div>\n\t\t\t\t\t\t\t\t<div class=\"elementor-field-type-text elementor-field-group elementor-column elementor-field-group-sujet elementor-col-100 elementor-field-required elementor-mark-required\">\n\t\t\t\t\t\t\t\t\t\t\t\t<label for=\"form-field-sujet\" class=\"elementor-field-label\">\n\t\t\t\t\t\t\t\tAsunto\t\t\t\t\t\t\t<\/label>\n\t\t\t\t\t\t\t\t\t\t\t\t\t\t<input size=\"1\" type=\"text\" name=\"form_fields[sujet]\" id=\"form-field-sujet\" class=\"elementor-field elementor-size-sm  elementor-field-textual\" required=\"required\">\n\t\t\t\t\t\t\t\t\t\t\t<\/div>\n\t\t\t\t\t\t\t\t<div class=\"elementor-field-type-textarea elementor-field-group elementor-column elementor-field-group-message elementor-col-100 elementor-field-required elementor-mark-required\">\n\t\t\t\t\t\t\t\t\t\t\t\t<label for=\"form-field-message\" class=\"elementor-field-label\">\n\t\t\t\t\t\t\t\tMensaje\t\t\t\t\t\t\t<\/label>\n\t\t\t\t\t\t<textarea class=\"elementor-field-textual elementor-field  elementor-size-sm\" name=\"form_fields[message]\" id=\"form-field-message\" rows=\"4\" required=\"required\"><\/textarea>\t\t\t\t<\/div>\n\t\t\t\t\t\t\t\t<div class=\"elementor-field-type-html elementor-field-group elementor-column elementor-field-group-field_f77670a elementor-col-100\">\n\t\t\t\t\t<div class=\"cf-turnstile\" \n     data-sitekey=\"0x4AAAAAAADIvqEO7u9hnGEf\" \n     data-theme=\"light\">\n<\/div>\t\t\t\t<\/div>\n\t\t\t\t\t\t\t\t<div class=\"elementor-field-type-html elementor-field-group elementor-column elementor-field-group-field_a6d3bc4 elementor-col-100\">\n\t\t\t\t\t<small>Los datos anteriores son recopilados por el Hotel Cord\u00e9lia con el fin de procesar y dar seguimiento a su solicitud de contacto. Usted dispone del derecho de acceso, rectificaci\u00f3n, supresi\u00f3n o portabilidad de sus datos, y tambi\u00e9n puede oponerse al tratamiento de sus datos (o solicitar su limitaci\u00f3n). Estos derechos pueden ejercerse enviando un correo electr\u00f3nico a <b><a href=\"mailto:contact@cordelia-paris-hotel.com\" style=\"color:#FF4B6C;\">[contact@cordelia-paris-hotel.com](mailto:contact@cordelia-paris-hotel.com)<\/a><\/b> y justificando su identidad. Para m\u00e1s informaci\u00f3n, puede consultar la p\u00e1gina de <b><a href=\"https:\/\/www.cordelia-paris-hotel.com\/politique-de-confidentialite\/\" style=\"color:#FF4B6C;\">pol\u00edtica de privacidad<\/a><\/b>.<\/small>\n\t\t\t\t<\/div>\n\t\t\t\t\t\t\t\t<div class=\"elementor-field-group elementor-column elementor-field-type-submit elementor-col-100 e-form__buttons\">\n\t\t\t\t\t<button class=\"elementor-button elementor-size-md\" type=\"submit\">\n\t\t\t\t\t\t<span class=\"elementor-button-content-wrapper\">\n\t\t\t\t\t\t\t\t\t\t\t\t\t\t\t<span class=\"elementor-button-icon\">\n\t\t\t\t\t\t\t\t\t<i aria-hidden=\"true\" class=\"iconh iconh-send\"><\/i>\t\t\t\t\t\t\t\t\t\t\t\t\t\t\t\t\t<\/span>\n\t\t\t\t\t\t\t\t\t\t\t\t\t\t\t\t\t\t\t\t\t\t<span class=\"elementor-button-text\">Enviar<\/span>\n\t\t\t\t\t\t\t\t\t\t\t\t\t<\/span>\n\t\t\t\t\t<\/button>\n\t\t\t\t<\/div>\n\t\t\t<\/div>\n\t\t<\/form>\n\t\t\t\t\t\t<\/div>\n\t\t\t\t<\/div>\n\t\t\t\t<\/div>\n\t\t\t\t<\/div>\n\t\t","protected":false},"excerpt":{"rendered":"<p>Contacto Hotel Cord\u00e9lia A dos pasos de la Madeleine Nuestra recepci\u00f3n le atiende las 24 horas del d\u00eda. Para cualquier solicitud de reserva, organizaci\u00f3n de eventos o simple consulta, estaremos encantados de responderle. Direcci\u00f3n 11 rue de Greffulhe 75008 Paris &#8211; France Tel\u00e9fono +33 1 42 65 42 40 E-mail contact@cordelia-paris-hotel.com Conserjer\u00eda Tous les jours, [&hellip;]<\/p>\n","protected":false},"author":2,"featured_media":2919,"parent":0,"menu_order":0,"comment_status":"closed","ping_status":"closed","template":"","meta":{"_acf_changed":false,"footnotes":""},"class_list":["post-5289","page","type-page","status-publish","has-post-thumbnail","hentry"],"acf":[],"_links":{"self":[{"href":"https:\/\/cordelia.test7.eu\/es\/wp-json\/wp\/v2\/pages\/5289","targetHints":{"allow":["GET"]}}],"collection":[{"href":"https:\/\/cordelia.test7.eu\/es\/wp-json\/wp\/v2\/pages"}],"about":[{"href":"https:\/\/cordelia.test7.eu\/es\/wp-json\/wp\/v2\/types\/page"}],"author":[{"embeddable":true,"href":"https:\/\/cordelia.test7.eu\/es\/wp-json\/wp\/v2\/users\/2"}],"replies":[{"embeddable":true,"href":"https:\/\/cordelia.test7.eu\/es\/wp-json\/wp\/v2\/comments?post=5289"}],"version-history":[{"count":10,"href":"https:\/\/cordelia.test7.eu\/es\/wp-json\/wp\/v2\/pages\/5289\/revisions"}],"predecessor-version":[{"id":5317,"href":"https:\/\/cordelia.test7.eu\/es\/wp-json\/wp\/v2\/pages\/5289\/revisions\/5317"}],"wp:featuredmedia":[{"embeddable":true,"href":"https:\/\/cordelia.test7.eu\/es\/wp-json\/wp\/v2\/media\/2919"}],"wp:attachment":[{"href":"https:\/\/cordelia.test7.eu\/es\/wp-json\/wp\/v2\/media?parent=5289"}],"curies":[{"name":"wp","href":"https:\/\/api.w.org\/{rel}","templated":true}]}}