{"id":5322,"date":"2026-05-05T16:43:35","date_gmt":"2026-05-05T14:43:35","guid":{"rendered":"https:\/\/cordelia.test7.eu\/nos-offres\/"},"modified":"2026-05-16T03:02:48","modified_gmt":"2026-05-16T01:02:48","slug":"nuestras-ofertas-2","status":"publish","type":"page","link":"https:\/\/cordelia.test7.eu\/es\/nuestras-ofertas-2\/","title":{"rendered":"Nuestras Ofertas"},"content":{"rendered":"\t\t<div data-elementor-type=\"wp-page\" data-elementor-id=\"5322\" class=\"elementor elementor-5322 elementor-3734\" data-elementor-post-type=\"page\">\n\t\t\t\t<div data-dce-background-image-url=\"https:\/\/cordelia.test7.eu\/wp-content\/uploads\/2025\/07\/nos-offres-scaled.jpg\" class=\"elementor-element elementor-element-e4c0dc7 e-flex e-con-boxed e-con e-parent\" data-id=\"e4c0dc7\" data-element_type=\"container\" data-e-type=\"container\" data-settings=\"{&quot;background_background&quot;:&quot;classic&quot;}\">\n\t\t\t\t\t<div class=\"e-con-inner\">\n\t\t\t\t<div class=\"elementor-element elementor-element-0ee4aca elementor-invisible elementor-widget elementor-widget-heading\" data-id=\"0ee4aca\" data-element_type=\"widget\" data-e-type=\"widget\" data-settings=\"{&quot;_animation&quot;:&quot;fadeInLeft&quot;,&quot;_animation_delay&quot;:200}\" data-widget_type=\"heading.default\">\n\t\t\t\t<div class=\"elementor-widget-container\">\n\t\t\t\t\t<h1 class=\"elementor-heading-title elementor-size-default\">Nuestras Ofertas<\/h1>\t\t\t\t<\/div>\n\t\t\t\t<\/div>\n\t\t\t\t\t<\/div>\n\t\t\t\t<\/div>\n\t\t<div class=\"elementor-element elementor-element-d9c1edf e-con-full e-flex e-con e-parent\" data-id=\"d9c1edf\" data-element_type=\"container\" data-e-type=\"container\">\n\t\t\t\t<div class=\"elementor-element elementor-element-0779a8c elementor-widget elementor-widget-text-editor\" data-id=\"0779a8c\" data-element_type=\"widget\" data-e-type=\"widget\" data-widget_type=\"text-editor.default\">\n\t\t\t\t<div class=\"elementor-widget-container\">\n\t\t\t\t\t\t\t\t\t<p>Descubra las ofertas exclusivas del Hotel Cord\u00e9lia, donde cada estancia se convierte en una experiencia inolvidable. Ubicado en el coraz\u00f3n de Par\u00eds, nuestro hotel le invita a aprovechar tarifas especiales y ventajas excepcionales para que su visita sea a\u00fan m\u00e1s placentera.<\/p>\t\t\t\t\t\t\t\t<\/div>\n\t\t\t\t<\/div>\n\t\t\t\t<div class=\"elementor-element elementor-element-92a3fb0 elementor-grid-2 elementor-grid-tablet-2 elementor-grid-mobile-1 elementor-widget elementor-widget-loop-grid\" data-id=\"92a3fb0\" data-element_type=\"widget\" data-e-type=\"widget\" data-settings=\"{&quot;template_id&quot;:5334,&quot;columns&quot;:2,&quot;_skin&quot;:&quot;post&quot;,&quot;columns_tablet&quot;:&quot;2&quot;,&quot;columns_mobile&quot;:&quot;1&quot;,&quot;edit_handle_selector&quot;:&quot;[data-elementor-type=\\&quot;loop-item\\&quot;]&quot;,&quot;row_gap&quot;:{&quot;unit&quot;:&quot;px&quot;,&quot;size&quot;:&quot;&quot;,&quot;sizes&quot;:[]},&quot;row_gap_widescreen&quot;:{&quot;unit&quot;:&quot;px&quot;,&quot;size&quot;:&quot;&quot;,&quot;sizes&quot;:[]},&quot;row_gap_laptop&quot;:{&quot;unit&quot;:&quot;px&quot;,&quot;size&quot;:&quot;&quot;,&quot;sizes&quot;:[]},&quot;row_gap_tablet&quot;:{&quot;unit&quot;:&quot;px&quot;,&quot;size&quot;:&quot;&quot;,&quot;sizes&quot;:[]},&quot;row_gap_mobile&quot;:{&quot;unit&quot;:&quot;px&quot;,&quot;size&quot;:&quot;&quot;,&quot;sizes&quot;:[]}}\" data-widget_type=\"loop-grid.post\">\n\t\t\t\t<div class=\"elementor-widget-container\">\n\t\t\t\t\t\t\t<div class=\"elementor-loop-container elementor-grid\" role=\"list\">\n\t\t<style id=\"loop-5334\">.elementor-5334 .elementor-element.elementor-element-c8a99a8{--display:flex;--flex-direction:column;--container-widget-width:100%;--container-widget-height:initial;--container-widget-flex-grow:0;--container-widget-align-self:initial;--flex-wrap-mobile:wrap;--gap:30px 30px;--row-gap:30px;--column-gap:30px;--padding-top:0px;--padding-bottom:0px;--padding-left:0px;--padding-right:0px;}.elementor-widget-image .widget-image-caption{color:var( --e-global-color-text );font-family:var( --e-global-typography-text-font-family ), Sans-serif;font-size:var( --e-global-typography-text-font-size );font-weight:var( --e-global-typography-text-font-weight );line-height:var( --e-global-typography-text-line-height );}.elementor-widget-heading .elementor-heading-title{font-family:var( --e-global-typography-primary-font-family ), Sans-serif;font-size:var( --e-global-typography-primary-font-size );font-weight:var( --e-global-typography-primary-font-weight );line-height:var( --e-global-typography-primary-line-height );color:var( --e-global-color-primary );}.elementor-5334 .elementor-element.elementor-element-d9fd42a{text-align:center;}.elementor-5334 .elementor-element.elementor-element-d9fd42a .elementor-heading-title{font-family:\"Inter\", Sans-serif;font-size:24px;font-weight:300;text-transform:none;line-height:24px;}.elementor-5334 .elementor-element.elementor-element-d9fd42a.elementor-element{--align-self:center;}.elementor-5334 .elementor-element.elementor-element-bfcb349{text-align:center;width:var( --container-widget-width, 90% );max-width:90%;--container-widget-width:90%;--container-widget-flex-grow:0;}.elementor-5334 .elementor-element.elementor-element-bfcb349 .elementor-heading-title{font-family:\"Canela\", Sans-serif;font-size:48px;font-weight:300;text-transform:none;line-height:48px;}.elementor-5334 .elementor-element.elementor-element-bfcb349.elementor-element{--align-self:center;}.elementor-widget-button .elementor-button{font-family:var( --e-global-typography-accent-font-family ), Sans-serif;font-size:var( --e-global-typography-accent-font-size );font-weight:var( --e-global-typography-accent-font-weight );text-transform:var( --e-global-typography-accent-text-transform );line-height:var( --e-global-typography-accent-line-height );background-color:var( --e-global-color-accent );}.elementor-5334 .elementor-element.elementor-element-86a9e80 .elementor-button{border-radius:5px 5px 5px 5px;}.elementor-5334 .elementor-element.elementor-element-86a9e80.elementor-element{--align-self:center;}.elementor-widget-theme-post-content{color:var( --e-global-color-text );font-family:var( --e-global-typography-text-font-family ), Sans-serif;font-size:var( --e-global-typography-text-font-size );font-weight:var( --e-global-typography-text-font-weight );line-height:var( --e-global-typography-text-line-height );}.elementor-5334 .elementor-element.elementor-element-ab024a3{font-family:\"Inter\", Sans-serif;font-size:18px;font-weight:300;line-height:26px;width:var( --container-widget-width, 90% );max-width:90%;--container-widget-width:90%;--container-widget-flex-grow:0;}.elementor-5334 .elementor-element.elementor-element-ab024a3.elementor-element{--align-self:center;}@media(max-width:1366px){.elementor-widget-image .widget-image-caption{font-size:var( --e-global-typography-text-font-size );line-height:var( --e-global-typography-text-line-height );}.elementor-widget-heading .elementor-heading-title{font-size:var( --e-global-typography-primary-font-size );line-height:var( --e-global-typography-primary-line-height );}.elementor-widget-button .elementor-button{font-size:var( --e-global-typography-accent-font-size );line-height:var( --e-global-typography-accent-line-height );}.elementor-widget-theme-post-content{font-size:var( --e-global-typography-text-font-size );line-height:var( --e-global-typography-text-line-height );}}@media(max-width:1024px){.elementor-widget-image .widget-image-caption{font-size:var( --e-global-typography-text-font-size );line-height:var( --e-global-typography-text-line-height );}.elementor-widget-heading .elementor-heading-title{font-size:var( --e-global-typography-primary-font-size );line-height:var( --e-global-typography-primary-line-height );}.elementor-5334 .elementor-element.elementor-element-bfcb349 .elementor-heading-title{font-size:40px;line-height:40px;}.elementor-widget-button .elementor-button{font-size:var( --e-global-typography-accent-font-size );line-height:var( --e-global-typography-accent-line-height );}.elementor-widget-theme-post-content{font-size:var( --e-global-typography-text-font-size );line-height:var( --e-global-typography-text-line-height );}}@media(max-width:767px){.elementor-widget-image .widget-image-caption{font-size:var( --e-global-typography-text-font-size );line-height:var( --e-global-typography-text-line-height );}.elementor-widget-heading .elementor-heading-title{font-size:var( --e-global-typography-primary-font-size );line-height:var( --e-global-typography-primary-line-height );}.elementor-5334 .elementor-element.elementor-element-bfcb349 .elementor-heading-title{font-size:48px;line-height:48px;}.elementor-widget-button .elementor-button{font-size:var( --e-global-typography-accent-font-size );line-height:var( --e-global-typography-accent-line-height );}.elementor-widget-theme-post-content{font-size:var( --e-global-typography-text-font-size );line-height:var( --e-global-typography-text-line-height );}}@media(min-width:2400px){.elementor-widget-image .widget-image-caption{font-size:var( --e-global-typography-text-font-size );line-height:var( --e-global-typography-text-line-height );}.elementor-widget-heading .elementor-heading-title{font-size:var( --e-global-typography-primary-font-size );line-height:var( --e-global-typography-primary-line-height );}.elementor-widget-button .elementor-button{font-size:var( --e-global-typography-accent-font-size );line-height:var( --e-global-typography-accent-line-height );}.elementor-widget-theme-post-content{font-size:var( --e-global-typography-text-font-size );line-height:var( --e-global-typography-text-line-height );}}\/* Start custom CSS for theme-post-content, class: .elementor-element-ab024a3 *\/.elementor-5334 .elementor-element.elementor-element-ab024a3 p {\n    font-size: 18px !important;\n    line-height: 24px;\n}\/* End custom CSS *\/<\/style>\t\t<div data-elementor-type=\"loop-item\" data-elementor-id=\"5334\" class=\"elementor elementor-5334 elementor-3782 elementor-3782 e-loop-item e-loop-item-5201 post-5201 offers type-offers status-publish has-post-thumbnail hentry\" data-elementor-post-type=\"elementor_library\" data-custom-edit-handle=\"1\">\n\t\t\t<div class=\"elementor-element elementor-element-c8a99a8 e-flex e-con-boxed e-con e-parent\" data-id=\"c8a99a8\" data-element_type=\"container\" data-e-type=\"container\">\n\t\t\t\t\t<div class=\"e-con-inner\">\n\t\t\t\t<div class=\"elementor-element elementor-element-817a31b elementor-widget elementor-widget-image\" data-id=\"817a31b\" data-element_type=\"widget\" data-e-type=\"widget\" data-widget_type=\"image.default\">\n\t\t\t\t<div class=\"elementor-widget-container\">\n\t\t\t\t\t\t\t\t\t\t\t\t\t\t\t<img fetchpriority=\"high\" decoding=\"async\" width=\"800\" height=\"534\" src=\"https:\/\/cordelia.test7.eu\/wp-content\/uploads\/2025\/10\/offre-1-1024x683.jpg\" class=\"attachment-large size-large wp-image-2399\" alt=\"D\u00e9tente dans le salon de l&#039;H\u00f4tel Cord\u00e9lia Paris\" srcset=\"https:\/\/cordelia.test7.eu\/wp-content\/uploads\/2025\/10\/offre-1-1024x683.jpg 1024w, https:\/\/cordelia.test7.eu\/wp-content\/uploads\/2025\/10\/offre-1-300x200.jpg 300w, https:\/\/cordelia.test7.eu\/wp-content\/uploads\/2025\/10\/offre-1-768x512.jpg 768w, https:\/\/cordelia.test7.eu\/wp-content\/uploads\/2025\/10\/offre-1-1536x1024.jpg 1536w, https:\/\/cordelia.test7.eu\/wp-content\/uploads\/2025\/10\/offre-1.jpg 1920w\" sizes=\"(max-width: 800px) 100vw, 800px\" \/>\t\t\t\t\t\t\t\t\t\t\t\t\t\t\t<\/div>\n\t\t\t\t<\/div>\n\t\t\t\t<div class=\"elementor-element elementor-element-d9fd42a elementor-widget elementor-widget-heading\" data-id=\"d9fd42a\" data-element_type=\"widget\" data-e-type=\"widget\" data-widget_type=\"heading.default\">\n\t\t\t\t<div class=\"elementor-widget-container\">\n\t\t\t\t\t<div class=\"elementor-heading-title elementor-size-default\">Prolonga tu estancia en Par\u00eds<\/div>\t\t\t\t<\/div>\n\t\t\t\t<\/div>\n\t\t\t\t<div class=\"elementor-element elementor-element-bfcb349 elementor-widget__width-initial elementor-widget elementor-widget-heading\" data-id=\"bfcb349\" data-element_type=\"widget\" data-e-type=\"widget\" data-widget_type=\"heading.default\">\n\t\t\t\t<div class=\"elementor-widget-container\">\n\t\t\t\t\t<div class=\"elementor-heading-title elementor-size-default\">10% de descuento en tu estancia de 3 noches o m\u00e1s<\/div>\t\t\t\t<\/div>\n\t\t\t\t<\/div>\n\t\t\t\t<div class=\"elementor-element elementor-element-86a9e80 elementor-align-center elementor-widget elementor-widget-button\" data-id=\"86a9e80\" data-element_type=\"widget\" data-e-type=\"widget\" data-widget_type=\"button.default\">\n\t\t\t\t<div class=\"elementor-widget-container\">\n\t\t\t\t\t\t\t\t\t<div class=\"elementor-button-wrapper\">\n\t\t\t\t\t<a class=\"elementor-button elementor-button-link elementor-size-sm\" href=\"https:\/\/www.secure-hotel-booking.com\/Hotel-Cordelia\/21V3\/dateselection?language=ES\">\n\t\t\t\t\t\t<span class=\"elementor-button-content-wrapper\">\n\t\t\t\t\t\t\t\t\t<span class=\"elementor-button-text\">Reservar<\/span>\n\t\t\t\t\t<\/span>\n\t\t\t\t\t<\/a>\n\t\t\t\t<\/div>\n\t\t\t\t\t\t\t\t<\/div>\n\t\t\t\t<\/div>\n\t\t\t\t<div class=\"elementor-element elementor-element-ab024a3 elementor-widget__width-initial elementor-widget elementor-widget-theme-post-content\" data-id=\"ab024a3\" data-element_type=\"widget\" data-e-type=\"widget\" data-widget_type=\"theme-post-content.default\">\n\t\t\t\t<div class=\"elementor-widget-container\">\n\t\t\t\t\t<p>Prolonga tu estancia en Par\u00eds y disfruta de una ventaja exclusiva reservando directamente en nuestro sitio web oficial.<br \/>\nPara estancias de 3 noches o m\u00e1s, benef\u00edciate de un 10\u00a0% de descuento adicional en tu alojamiento y t\u00f3mate el tiempo de descubrir la capital a tu propio ritmo, desde una elegante direcci\u00f3n en el coraz\u00f3n del barrio de la \u00d3pera.<br \/>\nEsta oferta exclusiva est\u00e1 disponible \u00fanicamente en nuestro sitio web oficial.<\/p>\n<p>LAS VENTAJAS DE LA OFERTA:<br \/>\n\u2022 Oferta v\u00e1lida todos los d\u00edas de la semana<br \/>\n\u2022 Hasta un 35\u00a0% de descuento reservando directamente en el sitio web oficial<br \/>\n\u2022 Acceso a las mejores tarifas disponibles<\/p>\n<p>CONDICIONES:<br \/>\n\u2022 Oferta no reembolsable<br \/>\n\u2022 Oferta no modificable<\/p>\n\t\t\t\t<\/div>\n\t\t\t\t<\/div>\n\t\t\t\t\t<\/div>\n\t\t\t\t<\/div>\n\t\t\t\t<\/div>\n\t\t\t\t<div data-elementor-type=\"loop-item\" data-elementor-id=\"5334\" class=\"elementor elementor-5334 elementor-3782 elementor-3782 e-loop-item e-loop-item-5203 post-5203 offers type-offers status-publish has-post-thumbnail hentry\" data-elementor-post-type=\"elementor_library\" data-custom-edit-handle=\"1\">\n\t\t\t<div class=\"elementor-element elementor-element-c8a99a8 e-flex e-con-boxed e-con e-parent\" data-id=\"c8a99a8\" data-element_type=\"container\" data-e-type=\"container\">\n\t\t\t\t\t<div class=\"e-con-inner\">\n\t\t\t\t<div class=\"elementor-element elementor-element-817a31b elementor-widget elementor-widget-image\" data-id=\"817a31b\" data-element_type=\"widget\" data-e-type=\"widget\" data-widget_type=\"image.default\">\n\t\t\t\t<div class=\"elementor-widget-container\">\n\t\t\t\t\t\t\t\t\t\t\t\t\t\t\t<img decoding=\"async\" width=\"800\" height=\"534\" src=\"https:\/\/cordelia.test7.eu\/wp-content\/uploads\/2025\/11\/pdj-3W8A4048-1024x683.jpg\" class=\"attachment-large size-large wp-image-2896\" alt=\"Plateau de petit-d\u00e9jeuner \u00e0 l&#039;H\u00f4tel Cord\u00e9lia Paris\" srcset=\"https:\/\/cordelia.test7.eu\/wp-content\/uploads\/2025\/11\/pdj-3W8A4048-1024x683.jpg 1024w, https:\/\/cordelia.test7.eu\/wp-content\/uploads\/2025\/11\/pdj-3W8A4048-300x200.jpg 300w, https:\/\/cordelia.test7.eu\/wp-content\/uploads\/2025\/11\/pdj-3W8A4048-768x512.jpg 768w, https:\/\/cordelia.test7.eu\/wp-content\/uploads\/2025\/11\/pdj-3W8A4048-1536x1024.jpg 1536w, https:\/\/cordelia.test7.eu\/wp-content\/uploads\/2025\/11\/pdj-3W8A4048.jpg 1920w\" sizes=\"(max-width: 800px) 100vw, 800px\" \/>\t\t\t\t\t\t\t\t\t\t\t\t\t\t\t<\/div>\n\t\t\t\t<\/div>\n\t\t\t\t<div class=\"elementor-element elementor-element-d9fd42a elementor-widget elementor-widget-heading\" data-id=\"d9fd42a\" data-element_type=\"widget\" data-e-type=\"widget\" data-widget_type=\"heading.default\">\n\t\t\t\t<div class=\"elementor-widget-container\">\n\t\t\t\t\t<div class=\"elementor-heading-title elementor-size-default\">El Amor de Cordelia<\/div>\t\t\t\t<\/div>\n\t\t\t\t<\/div>\n\t\t\t\t<div class=\"elementor-element elementor-element-bfcb349 elementor-widget__width-initial elementor-widget elementor-widget-heading\" data-id=\"bfcb349\" data-element_type=\"widget\" data-e-type=\"widget\" data-widget_type=\"heading.default\">\n\t\t\t\t<div class=\"elementor-widget-container\">\n\t\t\t\t\t<div class=\"elementor-heading-title elementor-size-default\">Desayuno y detalle rom\u00e1ntico<\/div>\t\t\t\t<\/div>\n\t\t\t\t<\/div>\n\t\t\t\t<div class=\"elementor-element elementor-element-86a9e80 elementor-align-center elementor-widget elementor-widget-button\" data-id=\"86a9e80\" data-element_type=\"widget\" data-e-type=\"widget\" data-widget_type=\"button.default\">\n\t\t\t\t<div class=\"elementor-widget-container\">\n\t\t\t\t\t\t\t\t\t<div class=\"elementor-button-wrapper\">\n\t\t\t\t\t<a class=\"elementor-button elementor-button-link elementor-size-sm\" href=\"https:\/\/www.secure-hotel-booking.com\/Hotel-Cordelia\/21V3\/dateselection?language=ES\">\n\t\t\t\t\t\t<span class=\"elementor-button-content-wrapper\">\n\t\t\t\t\t\t\t\t\t<span class=\"elementor-button-text\">Reservar<\/span>\n\t\t\t\t\t<\/span>\n\t\t\t\t\t<\/a>\n\t\t\t\t<\/div>\n\t\t\t\t\t\t\t\t<\/div>\n\t\t\t\t<\/div>\n\t\t\t\t<div class=\"elementor-element elementor-element-ab024a3 elementor-widget__width-initial elementor-widget elementor-widget-theme-post-content\" data-id=\"ab024a3\" data-element_type=\"widget\" data-e-type=\"widget\" data-widget_type=\"theme-post-content.default\">\n\t\t\t\t<div class=\"elementor-widget-container\">\n\t\t\t\t\t<p>Disfrute de una escapada rom\u00e1ntica en el coraz\u00f3n de Par\u00eds y comparta un momento especial en pareja en el entorno elegante e \u00edntimo del H\u00f4tel Cord\u00e9lia Op\u00e9ra.<br \/>\nPensado para celebrar el amor durante todo el a\u00f1o, este paquete le invita a disfrutar de una estancia refinada e inolvidable para dos.<br \/>\nEl desayuno est\u00e1 incluido para dos personas, y <strong>una media botella de champ\u00e1n<\/strong> le estar\u00e1 esperando en la habitaci\u00f3n para hacer su estancia a\u00fan m\u00e1s especial.<\/p>\n<p>LAS VENTAJAS DE LA OFERTA:<br \/>\n\u2022 Desayuno incluido para dos personas<br \/>\n\u2022 <strong>Media botella de champ\u00e1n en la habitaci\u00f3n<\/strong><br \/>\n\u2022 Disponible exclusivamente en nuestra p\u00e1gina web oficial<\/p>\n<p>CONDICIONES:<br \/>\n\u2022 Sujeto a disponibilidad<br \/>\n\u2022 Flexible hasta 48 horas antes de la llegada<\/p>\n\t\t\t\t<\/div>\n\t\t\t\t<\/div>\n\t\t\t\t\t<\/div>\n\t\t\t\t<\/div>\n\t\t\t\t<\/div>\n\t\t\t\t<div data-elementor-type=\"loop-item\" data-elementor-id=\"5334\" class=\"elementor elementor-5334 elementor-3782 elementor-3782 e-loop-item e-loop-item-5205 post-5205 offers type-offers status-publish has-post-thumbnail hentry\" data-elementor-post-type=\"elementor_library\" data-custom-edit-handle=\"1\">\n\t\t\t<div class=\"elementor-element elementor-element-c8a99a8 e-flex e-con-boxed e-con e-parent\" data-id=\"c8a99a8\" data-element_type=\"container\" data-e-type=\"container\">\n\t\t\t\t\t<div class=\"e-con-inner\">\n\t\t\t\t<div class=\"elementor-element elementor-element-817a31b elementor-widget elementor-widget-image\" data-id=\"817a31b\" data-element_type=\"widget\" data-e-type=\"widget\" data-widget_type=\"image.default\">\n\t\t\t\t<div class=\"elementor-widget-container\">\n\t\t\t\t\t\t\t\t\t\t\t\t\t\t\t<img decoding=\"async\" width=\"800\" height=\"533\" src=\"https:\/\/cordelia.test7.eu\/wp-content\/uploads\/2025\/03\/chambre-twin-202-1024x682.jpg\" class=\"attachment-large size-large wp-image-758\" alt=\"Chambre Twin - H\u00f4tel Cord\u00e9lia Paris\" srcset=\"https:\/\/cordelia.test7.eu\/wp-content\/uploads\/2025\/03\/chambre-twin-202-1024x682.jpg 1024w, https:\/\/cordelia.test7.eu\/wp-content\/uploads\/2025\/03\/chambre-twin-202-300x200.jpg 300w, https:\/\/cordelia.test7.eu\/wp-content\/uploads\/2025\/03\/chambre-twin-202-768x512.jpg 768w, https:\/\/cordelia.test7.eu\/wp-content\/uploads\/2025\/03\/chambre-twin-202-1536x1024.jpg 1536w, https:\/\/cordelia.test7.eu\/wp-content\/uploads\/2025\/03\/chambre-twin-202.jpg 1772w\" sizes=\"(max-width: 800px) 100vw, 800px\" \/>\t\t\t\t\t\t\t\t\t\t\t\t\t\t\t<\/div>\n\t\t\t\t<\/div>\n\t\t\t\t<div class=\"elementor-element elementor-element-d9fd42a elementor-widget elementor-widget-heading\" data-id=\"d9fd42a\" data-element_type=\"widget\" data-e-type=\"widget\" data-widget_type=\"heading.default\">\n\t\t\t\t<div class=\"elementor-widget-container\">\n\t\t\t\t\t<div class=\"elementor-heading-title elementor-size-default\">Par\u00eds en flor<\/div>\t\t\t\t<\/div>\n\t\t\t\t<\/div>\n\t\t\t\t<div class=\"elementor-element elementor-element-bfcb349 elementor-widget__width-initial elementor-widget elementor-widget-heading\" data-id=\"bfcb349\" data-element_type=\"widget\" data-e-type=\"widget\" data-widget_type=\"heading.default\">\n\t\t\t\t<div class=\"elementor-widget-container\">\n\t\t\t\t\t<div class=\"elementor-heading-title elementor-size-default\">Desayuno gratuito<\/div>\t\t\t\t<\/div>\n\t\t\t\t<\/div>\n\t\t\t\t<div class=\"elementor-element elementor-element-86a9e80 elementor-align-center elementor-widget elementor-widget-button\" data-id=\"86a9e80\" data-element_type=\"widget\" data-e-type=\"widget\" data-widget_type=\"button.default\">\n\t\t\t\t<div class=\"elementor-widget-container\">\n\t\t\t\t\t\t\t\t\t<div class=\"elementor-button-wrapper\">\n\t\t\t\t\t<a class=\"elementor-button elementor-button-link elementor-size-sm\" href=\"https:\/\/www.secure-hotel-booking.com\/Hotel-Cordelia\/21V3\/dateselection?language=ES\">\n\t\t\t\t\t\t<span class=\"elementor-button-content-wrapper\">\n\t\t\t\t\t\t\t\t\t<span class=\"elementor-button-text\">Reservar<\/span>\n\t\t\t\t\t<\/span>\n\t\t\t\t\t<\/a>\n\t\t\t\t<\/div>\n\t\t\t\t\t\t\t\t<\/div>\n\t\t\t\t<\/div>\n\t\t\t\t<div class=\"elementor-element elementor-element-ab024a3 elementor-widget__width-initial elementor-widget elementor-widget-theme-post-content\" data-id=\"ab024a3\" data-element_type=\"widget\" data-e-type=\"widget\" data-widget_type=\"theme-post-content.default\">\n\t\t\t\t<div class=\"elementor-widget-container\">\n\t\t\t\t\t<p>Celebre la primavera en el coraz\u00f3n de Par\u00eds con nuestro exclusivo paquete <strong>Par\u00eds en flor<\/strong>.<br \/>\nDisfrute de una estancia m\u00ednima de 3 noches en la elegancia y el confort de nuestro hotel, a pocos pasos de las mejores direcciones de la ciudad.<\/p>\n<p>LAS VENTAJAS DE LA OFERTA:<br \/>\nDisponible todos los d\u00edas de la semana<br \/>\nDesayuno incluido durante toda la estancia<br \/>\nAcceso a las mejores tarifas disponibles<\/p>\n<p>Pasee por jardines en flor, redescubra los monumentos ic\u00f3nicos bajo la luz primaveral y disfrute de cada momento, desde los deliciosos desayunos hasta las noches parisinas.<br \/>\n\u00a1Reserve ahora su escapada de temporada!<\/p>\n<p>CONDICIONES:<br \/>\n\u2022 Oferta no reembolsable<br \/>\n\u2022 Oferta no modificable<\/p>\n\t\t\t\t<\/div>\n\t\t\t\t<\/div>\n\t\t\t\t\t<\/div>\n\t\t\t\t<\/div>\n\t\t\t\t<\/div>\n\t\t\t\t<\/div>\n\t\t\n\t\t\t\t\t\t<\/div>\n\t\t\t\t<\/div>\n\t\t\t\t<\/div>\n\t\t\t\t<\/div>\n\t\t","protected":false},"excerpt":{"rendered":"<p>Descubra las ofertas exclusivas del Hotel Cord\u00e9lia, donde cada estancia se convierte en una experiencia inolvidable. Ubicado en el coraz\u00f3n de Par\u00eds, nuestro hotel le invita a aprovechar tarifas especiales y ventajas excepcionales para que su visita sea a\u00fan m\u00e1s placentera.<\/p>\n","protected":false},"author":2,"featured_media":704,"parent":0,"menu_order":0,"comment_status":"closed","ping_status":"closed","template":"","meta":{"_acf_changed":false,"footnotes":""},"class_list":["post-5322","page","type-page","status-publish","has-post-thumbnail","hentry"],"acf":[],"_links":{"self":[{"href":"https:\/\/cordelia.test7.eu\/es\/wp-json\/wp\/v2\/pages\/5322","targetHints":{"allow":["GET"]}}],"collection":[{"href":"https:\/\/cordelia.test7.eu\/es\/wp-json\/wp\/v2\/pages"}],"about":[{"href":"https:\/\/cordelia.test7.eu\/es\/wp-json\/wp\/v2\/types\/page"}],"author":[{"embeddable":true,"href":"https:\/\/cordelia.test7.eu\/es\/wp-json\/wp\/v2\/users\/2"}],"replies":[{"embeddable":true,"href":"https:\/\/cordelia.test7.eu\/es\/wp-json\/wp\/v2\/comments?post=5322"}],"version-history":[{"count":4,"href":"https:\/\/cordelia.test7.eu\/es\/wp-json\/wp\/v2\/pages\/5322\/revisions"}],"predecessor-version":[{"id":5328,"href":"https:\/\/cordelia.test7.eu\/es\/wp-json\/wp\/v2\/pages\/5322\/revisions\/5328"}],"wp:featuredmedia":[{"embeddable":true,"href":"https:\/\/cordelia.test7.eu\/es\/wp-json\/wp\/v2\/media\/704"}],"wp:attachment":[{"href":"https:\/\/cordelia.test7.eu\/es\/wp-json\/wp\/v2\/media?parent=5322"}],"curies":[{"name":"wp","href":"https:\/\/api.w.org\/{rel}","templated":true}]}}