{"id":894,"date":"2024-12-02T16:53:57","date_gmt":"2024-12-02T15:53:57","guid":{"rendered":"https:\/\/www.cordelia-paris-hotel.com\/new\/?page_id=894"},"modified":"2025-12-14T18:55:14","modified_gmt":"2025-12-14T17:55:14","slug":"nuestras-ofertas","status":"publish","type":"page","link":"https:\/\/cordelia.test7.eu\/es\/nuestras-ofertas\/","title":{"rendered":"Nuestras Ofertas"},"content":{"rendered":"\n\n  <div class=\"banner has-hover\" id=\"banner-1032945191\">\n          <div class=\"banner-inner fill\">\n        <div class=\"banner-bg fill\" >\n            <img fetchpriority=\"high\" decoding=\"async\" width=\"1707\" height=\"2560\" src=\"https:\/\/cordelia.test7.eu\/wp-content\/uploads\/2025\/11\/offres-scaled.jpg\" class=\"bg attachment-original size-original\" alt=\"Offres H\u00f4tel Cord\u00e9lia Paris\" \/>                                    \n                    <\/div>\n\t\t\n        <div class=\"banner-layers container\">\n            <div class=\"fill banner-link\"><\/div>            \n\n   <div id=\"text-box-1667542206\" class=\"text-box banner-layer x10 md-x1 lg-x1 y95 md-y90 lg-y90 res-text\">\n              <div data-parallax=\"-1\" data-parallax-fade=\"true\">       <div data-animate=\"bounceIn\">           <div class=\"text-box-content text dark\">\n              \n              <div class=\"text-inner text-center\">\n                  \n\n\t<div id=\"text-3020264493\" class=\"text\">\n\t\t\n\n<h1 class=\"titre-rooms\">Nuestras Ofertas<\/h1>\n\t\t\n<style>\n#text-3020264493 {\n  text-align: left;\n}\n<\/style>\n\t<\/div>\n\t\n\n              <\/div>\n           <\/div>\n       <\/div>       <\/div>              \n<style>\n#text-box-1667542206 {\n  width: 80%;\n}\n#text-box-1667542206 .text-box-content {\n  font-size: 100%;\n}\n@media (min-width:550px) {\n  #text-box-1667542206 {\n    width: 70%;\n  }\n}\n@media (min-width:850px) {\n  #text-box-1667542206 {\n    width: 100%;\n  }\n}\n<\/style>\n    <\/div>\n \n\n        <\/div>\n      <\/div>\n\n            \n<style>\n#banner-1032945191 {\n  padding-top: 262px;\n}\n#banner-1032945191 .banner-bg img {\n  object-position: 20% 40%;\n}\n@media (min-width:550px) {\n  #banner-1032945191 {\n    padding-top: 56.25%;\n  }\n}\n@media (min-width:850px) {\n  #banner-1032945191 {\n    padding-top: 500px;\n  }\n}\n<\/style>\n  <\/div>\n\n\n<div class=\"row align-middle\"  id=\"row-262913994\">\n\n\n\t<div id=\"col-1903739227\" class=\"col medium-12 small-12 large-12\"  >\n\t\t\t\t<div class=\"col-inner text-center\"  >\n\t\t\t\n\t\t\t\n\n\t<div id=\"text-2078437057\" class=\"text\">\n\t\t\n\n<p>Descubra las ofertas exclusivas del Hotel Cord\u00e9lia, donde cada estancia se convierte en una experiencia inolvidable. Ubicado en el coraz\u00f3n de Par\u00eds, nuestro hotel le invita a aprovechar tarifas especiales y ventajas excepcionales para que su visita sea a\u00fan m\u00e1s placentera.<\/p>\n\t\t\n<style>\n#text-2078437057 {\n  text-align: left;\n}\n<\/style>\n\t<\/div>\n\t\n\n\t\t<\/div>\n\t\t\t\t\n<style>\n#col-1903739227 > .col-inner {\n  padding: 10px 20px 0px 20px;\n  margin: 30px 0px 0px 0px;\n  max-width: 750px;\n}\n@media (min-width:550px) {\n  #col-1903739227 > .col-inner {\n    padding: 80px 0px 0px 0px;\n    margin: 0px 0px 0px 0px;\n  }\n}\n@media (min-width:850px) {\n  #col-1903739227 > .col-inner {\n    max-width: 100%;\n  }\n}\n<\/style>\n\t<\/div>\n\n\t\n\n<\/div>\n<div class=\"is-divider divider clearfix\" style=\"max-width:0px;height:30px;\"><\/div>\n\n<div class=\"row\"  id=\"row-1438023629\">\n\n\n\t<div id=\"col-1550821662\" class=\"col medium-12 small-12 large-6\"  >\n\t\t\t\t<div class=\"col-inner\"  >\n\t\t\t\n\t\t\t\n\n\t<div class=\"img has-hover x md-x lg-x y md-y lg-y\" id=\"image_1193424482\">\n\t\t\t\t\t\t\t\t<div class=\"img-inner image-cover dark\" style=\"padding-top:56.25%;\">\n\t\t\t<img decoding=\"async\" width=\"1020\" height=\"680\" src=\"https:\/\/cordelia.test7.eu\/wp-content\/uploads\/2025\/10\/offre-1-1024x683.jpg\" class=\"attachment-large size-large\" alt=\"D\u00e9tente dans le salon de l&#039;h\u00f4tel Cord\u00e9lia Paris\" srcset=\"https:\/\/cordelia.test7.eu\/wp-content\/uploads\/2025\/10\/offre-1-1024x683.jpg 1024w, https:\/\/cordelia.test7.eu\/wp-content\/uploads\/2025\/10\/offre-1-300x200.jpg 300w, https:\/\/cordelia.test7.eu\/wp-content\/uploads\/2025\/10\/offre-1-768x512.jpg 768w, https:\/\/cordelia.test7.eu\/wp-content\/uploads\/2025\/10\/offre-1-1536x1024.jpg 1536w, https:\/\/cordelia.test7.eu\/wp-content\/uploads\/2025\/10\/offre-1.jpg 1920w\" sizes=\"(max-width: 1020px) 100vw, 1020px\" \/>\t\t\t\t\t\t\n\t\t\t\t\t<\/div>\n\t\t\t\t\t\t\t\t\n<style>\n#image_1193424482 {\n  width: 100%;\n}\n<\/style>\n\t<\/div>\n\t\n\n<div class=\"is-divider divider clearfix\" style=\"height:20px;background-color:rgba(0, 0, 0, 0);\"><\/div>\n\n\t<div id=\"text-1541457760\" class=\"text\">\n\t\t\n\n<p style=\"font-weight:300 !important; font-size:24px;\">Escapar a Par\u00eds<\/p>\n<h3 style=\"font-weight:400 !important; font-size:48px; line-height:48px;\">-10% de descuento en tu <br>estanciade 3 noches o m\u00e1s<\/h3>\n\t\t\n<style>\n#text-1541457760 {\n  text-align: center;\n}\n<\/style>\n\t<\/div>\n\t\n<div class=\"row align-center\"  id=\"row-1926888857\">\n\n\n\t<div id=\"col-691247840\" class=\"col small-6 large-12\"  >\n\t\t\t\t<div class=\"col-inner text-center\"  >\n\t\t\t\n\t\t\t\n\n<a href=\"https:\/\/www.secure-hotel-booking.com\/Hotel-Cordelia\/21V3\/dateselection?language=ES\" target=\"_blank\" class=\"button secondary is-small\" rel=\"noopener\"  style=\"border-radius:5px;padding:7px 20px 7px 20px;\">\n\t\t<span>Reservar<\/span>\n\t<\/a>\n\n\n\n\t\t<\/div>\n\t\t\t\t\n<style>\n#col-691247840 > .col-inner {\n  margin: 10px 0px 0px 0px;\n}\n<\/style>\n\t<\/div>\n\n\t\n\n<\/div>\n\n\t<section class=\"section container-offres\" id=\"section_989816038\">\n\t\t<div class=\"section-bg fill\" >\n\t\t\t\t\t\t\t\t\t\n\t\t\t\n\n\t\t<\/div>\n\n\t\t\n\n\t\t<div class=\"section-content relative\">\n\t\t\t\n\n<div class=\"row row-collapse row-full-width\"  id=\"row-239305879\">\n\n\n\t<div id=\"col-1703752210\" class=\"col small-12 large-12\"  >\n\t\t\t\t<div class=\"col-inner\"  >\n\t\t\t\n\t\t\t\n\n\t<div id=\"text-731669459\" class=\"text text-offres\">\n\t\t\n\n<p>Aprovecha nuestra oferta especial para estancias largas: \u00a1al\u00f3jate 3 noches o m\u00e1s en nuestro hotel parisino y benef\u00edciate de un 10% de descuento adicional en tu estancia!<\/p>\n\t\t\n<style>\n#text-731669459 {\n  text-align: left;\n}\n<\/style>\n\t<\/div>\n\t\n<div class=\"accordion accordion-plus-offres\">\n\n\t<div id=\"accordion-946558923\" class=\"accordion-item plus-offres\">\n\t\t<a id=\"accordion-946558923-label\" class=\"accordion-title plain\" href=\"#accordion-item-aprende-m\u00c1s\" aria-expanded=\"false\" aria-controls=\"accordion-946558923-content\" >\n\t\t\t\n\t\t\t<span>APRENDE M\u00c1S<\/span>\n\t\t\t<button class=\"toggle\" aria-label=\"Toggle\"><i class=\"icon-plus\"><\/i><\/button>\n\t\t<\/a>\n\t\t<div id=\"accordion-946558923-content\" class=\"accordion-inner\" aria-labelledby=\"accordion-946558923-label\" >\n\t\t\t\n\n\n\t<section class=\"section\" id=\"section_724433846\">\n\t\t<div class=\"section-bg fill\" >\n\t\t\t\t\t\t\t\t\t\n\t\t\t\n\n\t\t<\/div>\n\n\t\t\n\n\t\t<div class=\"section-content relative\">\n\t\t\t\n\n<div class=\"row row-collapse row-full-width\"  id=\"row-914764119\">\n\n\n\t<div id=\"col-1820336019\" class=\"col small-12 large-12\"  >\n\t\t\t\t<div class=\"col-inner\"  >\n\t\t\t\n\t\t\t\n\n<p>Aprovecha nuestra oferta especial para estancias largas: \u00a1al\u00f3jate 3 noches o m\u00e1s en nuestro hotel parisino y recibe un 10% de descuento adicional! Sum\u00e9rgete en el ambiente \u00fanico de la Ciudad de la Luz mientras disfrutas de la comodidad de nuestras habitaciones. Esta oferta exclusiva solo est\u00e1 disponible en nuestra web oficial, lo que te garantiza las mejores condiciones para tu escapada.<\/p>\n<p>Tanto si quieres descubrir monumentos emblem\u00e1ticos, explorar barrios con encanto o simplemente relajarte, tenemos todo lo que necesitas para una estancia inolvidable. \u00a1Reserva ahora y d\u00e9jate cautivar por Par\u00eds!<\/p>\n\n\t\t<\/div>\n\t\t\t\t\n<style>\n#col-1820336019 > .col-inner {\n  margin: 0px 0px 20px 0px;\n}\n<\/style>\n\t<\/div>\n\n\t\n\n\t<div id=\"col-1796276645\" class=\"col small-12 large-12\"  >\n\t\t\t\t<div class=\"col-inner\"  >\n\t\t\t\n\t\t\t\n\n\t<div id=\"text-897233513\" class=\"text\">\n\t\t\n\n<p>LO M\u00c1S DESTACADO:<\/p>\n<ul>\n<li>Disponible todos los d\u00edas de la semana<\/li>\n<li>T\u00fa eliges tu pol\u00edtica de cancelaci\u00f3n<\/li>\n<li>Hasta un 35% de descuento al reservar en la web oficial<\/li>\n<li>Disponible con o sin desayuno<\/li>\n<\/ul>\n\t\t\n<style>\n#text-897233513 {\n  color: rgb(33, 33, 33);\n}\n#text-897233513 > * {\n  color: rgb(33, 33, 33);\n}\n<\/style>\n\t<\/div>\n\t\n\n\t\t<\/div>\n\t\t\t\t\n<style>\n#col-1796276645 > .col-inner {\n  margin: 0px 0px 30px 0px;\n}\n<\/style>\n\t<\/div>\n\n\t\n\n\t<div id=\"col-62643351\" class=\"col small-12 large-12\"  >\n\t\t\t\t<div class=\"col-inner\"  >\n\t\t\t\n\t\t\t\n\n\t<div id=\"text-4136025610\" class=\"text\">\n\t\t\n\n<p>T\u00c9RMINOS Y CONDICIONES<\/p>\n<ul>\n<li>Seg\u00fan su elecci\u00f3n (flexible, semiflexible o no reembolsable), es posible que se requiera el pago al momento de la reserva.<\/li>\n<\/ul>\n\t\t\n<style>\n#text-4136025610 {\n  color: rgb(33, 33, 33);\n}\n#text-4136025610 > * {\n  color: rgb(33, 33, 33);\n}\n<\/style>\n\t<\/div>\n\t\n\n\t\t<\/div>\n\t\t\t\t\t<\/div>\n\n\t\n\n<\/div>\n\n\t\t<\/div>\n\n\t\t\n<style>\n#section_724433846 {\n  padding-top: 0px;\n  padding-bottom: 0px;\n}\n<\/style>\n\t<\/section>\n\t\n\n\t\t<\/div>\n\t<\/div>\n\t\n\n<\/div>\n\n\t\t<\/div>\n\t\t\t\t\t<\/div>\n\n\t\n\n<\/div>\n\n\t\t<\/div>\n\n\t\t\n<style>\n#section_989816038 {\n  padding-top: 0px;\n  padding-bottom: 0px;\n}\n<\/style>\n\t<\/section>\n\t\n\n\t\t<\/div>\n\t\t\t\t\t<\/div>\n\n\t\n\n\t<div id=\"col-1958243181\" class=\"col medium-12 small-12 large-6\"  >\n\t\t\t\t<div class=\"col-inner\"  >\n\t\t\t\n\t\t\t\n\n\t<div class=\"img has-hover x md-x lg-x y md-y lg-y\" id=\"image_394989839\">\n\t\t\t\t\t\t\t\t<div class=\"img-inner image-cover dark\" style=\"padding-top:56.25%;\">\n\t\t\t<img decoding=\"async\" width=\"1020\" height=\"680\" src=\"https:\/\/cordelia.test7.eu\/wp-content\/uploads\/2025\/10\/offre-2-1024x683.jpg\" class=\"attachment-large size-large\" alt=\"Petit-d\u00e9jeuner buffet\" srcset=\"https:\/\/cordelia.test7.eu\/wp-content\/uploads\/2025\/10\/offre-2-1024x683.jpg 1024w, https:\/\/cordelia.test7.eu\/wp-content\/uploads\/2025\/10\/offre-2-300x200.jpg 300w, https:\/\/cordelia.test7.eu\/wp-content\/uploads\/2025\/10\/offre-2-768x512.jpg 768w, https:\/\/cordelia.test7.eu\/wp-content\/uploads\/2025\/10\/offre-2-1536x1024.jpg 1536w, https:\/\/cordelia.test7.eu\/wp-content\/uploads\/2025\/10\/offre-2.jpg 1920w\" sizes=\"(max-width: 1020px) 100vw, 1020px\" \/>\t\t\t\t\t\t\n\t\t\t\t\t<\/div>\n\t\t\t\t\t\t\t\t\n<style>\n#image_394989839 {\n  width: 100%;\n}\n<\/style>\n\t<\/div>\n\t\n\n<div class=\"is-divider divider clearfix\" style=\"height:20px;background-color:rgba(0, 0, 0, 0);\"><\/div>\n\n\t<div id=\"text-3560471695\" class=\"text\">\n\t\t\n\n<p style=\"font-weight:300 !important; font-size:24px;\">Escapada gourmet<\/p>\n<h3 style=\"font-weight:400 !important; font-size:48px; line-height:48px;\">Desayuno buffet<br>y cancelaci\u00f3n gratuita<\/h3>\n\t\t\n<style>\n#text-3560471695 {\n  text-align: center;\n}\n<\/style>\n\t<\/div>\n\t\n<div class=\"row align-center\"  id=\"row-1398757262\">\n\n\n\t<div id=\"col-1438536670\" class=\"col small-6 large-12\"  >\n\t\t\t\t<div class=\"col-inner text-center\"  >\n\t\t\t\n\t\t\t\n\n<a href=\"https:\/\/www.secure-hotel-booking.com\/Hotel-Cordelia\/21V3\/dateselection?language=ES\" target=\"_blank\" class=\"button secondary is-small\" rel=\"noopener\"  style=\"border-radius:5px;padding:7px 20px 7px 20px;\">\n\t\t<span>Reservar<\/span>\n\t<\/a>\n\n\n\n\t\t<\/div>\n\t\t\t\t\n<style>\n#col-1438536670 > .col-inner {\n  margin: 10px 0px 0px 0px;\n}\n<\/style>\n\t<\/div>\n\n\t\n\n<\/div>\n\n\t<section class=\"section container-offres\" id=\"section_2138393754\">\n\t\t<div class=\"section-bg fill\" >\n\t\t\t\t\t\t\t\t\t\n\t\t\t\n\n\t\t<\/div>\n\n\t\t\n\n\t\t<div class=\"section-content relative\">\n\t\t\t\n\n<div class=\"row row-collapse row-full-width\"  id=\"row-2102937560\">\n\n\n\t<div id=\"col-959449886\" class=\"col small-12 large-12\"  >\n\t\t\t\t<div class=\"col-inner\"  >\n\t\t\t\n\t\t\t\n\n\t<div id=\"text-25144553\" class=\"text text-offres\">\n\t\t\n\n<p>Los mejores viajes se nutren de lo inesperado y deben aprovechar las circunstancias imprevistas. Para que su experiencia sea a\u00fan m\u00e1s placentera, ofrecemos un generoso desayuno buffet.<\/p>\n\t\t\n<style>\n#text-25144553 {\n  text-align: left;\n}\n<\/style>\n\t<\/div>\n\t\n<div class=\"accordion accordion-plus-offres\">\n\n\t<div id=\"accordion-3692652381\" class=\"accordion-item plus-offres\">\n\t\t<a id=\"accordion-3692652381-label\" class=\"accordion-title plain\" href=\"#accordion-item-aprende-m\u00c1s\" aria-expanded=\"false\" aria-controls=\"accordion-3692652381-content\" >\n\t\t\t\n\t\t\t<span>APRENDE M\u00c1S<\/span>\n\t\t\t<button class=\"toggle\" aria-label=\"Toggle\"><i class=\"icon-plus\"><\/i><\/button>\n\t\t<\/a>\n\t\t<div id=\"accordion-3692652381-content\" class=\"accordion-inner\" aria-labelledby=\"accordion-3692652381-label\" >\n\t\t\t\n\n\n\t<section class=\"section\" id=\"section_443456027\">\n\t\t<div class=\"section-bg fill\" >\n\t\t\t\t\t\t\t\t\t\n\t\t\t\n\n\t\t<\/div>\n\n\t\t\n\n\t\t<div class=\"section-content relative\">\n\t\t\t\n\n<div class=\"row row-collapse row-full-width\"  id=\"row-400544820\">\n\n\n\t<div id=\"col-520001360\" class=\"col small-12 large-12\"  >\n\t\t\t\t<div class=\"col-inner\"  >\n\t\t\t\n\t\t\t\n\n<p>Los mejores viajes se nutren de sorpresas e imprevistos. Para que tu experiencia sea a\u00fan m\u00e1s placentera, te ofrecemos un generoso desayuno buffet con productos locales. Adem\u00e1s, te ofrecemos la posibilidad de cancelar tu estancia sin coste hasta 48 horas antes de tu llegada. \u00a1Disfruta de cada momento con total tranquilidad!<\/p>\n\n\t\t<\/div>\n\t\t\t\t\n<style>\n#col-520001360 > .col-inner {\n  margin: 0px 0px 20px 0px;\n}\n<\/style>\n\t<\/div>\n\n\t\n\n\t<div id=\"col-2001147660\" class=\"col small-12 large-12\"  >\n\t\t\t\t<div class=\"col-inner\"  >\n\t\t\t\n\t\t\t\n\n\t<div id=\"text-4087818229\" class=\"text\">\n\t\t\n\n<p>DESTACADOS:<\/p>\n<ul>\n<li>Disponible todos los d\u00edas de la semana<\/li>\n<li>Cancelaci\u00f3n gratuita hasta 48 horas antes de la llegada<\/li>\n<li>Hasta un 25% de descuento al reservar en la web oficial<\/li>\n<li>Desayuno buffet incluido<\/li>\n<\/ul>\n\t\t\n<style>\n#text-4087818229 {\n  color: rgb(33, 33, 33);\n}\n#text-4087818229 > * {\n  color: rgb(33, 33, 33);\n}\n<\/style>\n\t<\/div>\n\t\n\n\t\t<\/div>\n\t\t\t\t\n<style>\n#col-2001147660 > .col-inner {\n  margin: 0px 0px 30px 0px;\n}\n<\/style>\n\t<\/div>\n\n\t\n\n\t<div id=\"col-1799469200\" class=\"col small-12 large-12\"  >\n\t\t\t\t<div class=\"col-inner\"  >\n\t\t\t\n\t\t\t\n\n\t<div id=\"text-972558353\" class=\"text\">\n\t\t\n\n<p>T\u00c9RMINOS Y CONDICIONES<\/p>\n<ul>\n<li>Cada reserva debe estar garantizada con una tarjeta de cr\u00e9dito v\u00e1lida.<\/li>\n<\/ul>\n\t\t\n<style>\n#text-972558353 {\n  color: rgb(33, 33, 33);\n}\n#text-972558353 > * {\n  color: rgb(33, 33, 33);\n}\n<\/style>\n\t<\/div>\n\t\n\n\t\t<\/div>\n\t\t\t\t\t<\/div>\n\n\t\n\n<\/div>\n\n\t\t<\/div>\n\n\t\t\n<style>\n#section_443456027 {\n  padding-top: 0px;\n  padding-bottom: 0px;\n}\n<\/style>\n\t<\/section>\n\t\n\n\t\t<\/div>\n\t<\/div>\n\t\n\n<\/div>\n\n\t\t<\/div>\n\t\t\t\t\t<\/div>\n\n\t\n\n<\/div>\n\n\t\t<\/div>\n\n\t\t\n<style>\n#section_2138393754 {\n  padding-top: 0px;\n  padding-bottom: 0px;\n}\n<\/style>\n\t<\/section>\n\t\n\n\t\t<\/div>\n\t\t\t\t\t<\/div>\n\n\t\n\n\n\n\n\n<\/div>\n\n","protected":false},"excerpt":{"rendered":"","protected":false},"author":1,"featured_media":0,"parent":0,"menu_order":0,"comment_status":"closed","ping_status":"closed","template":"page-transparent-header-light.php","meta":{"_acf_changed":false,"footnotes":""},"class_list":["post-894","page","type-page","status-publish","hentry"],"acf":[],"yoast_head":"<!-- This site is optimized with the Yoast SEO plugin v27.4 - https:\/\/yoast.com\/product\/yoast-seo-wordpress\/ -->\n<title>Ofertas de la web oficial de Cordelia, reserva al mejor precio.<\/title>\n<meta name=\"description\" content=\"Descubre las ofertas exclusivas del Hotel Cordelia, donde cada estancia se convierte en una experiencia inolvidable.\" \/>\n<meta name=\"robots\" content=\"noindex, follow, max-snippet:-1, max-image-preview:large, max-video-preview:-1\" \/>\n<meta property=\"og:locale\" content=\"es_ES\" \/>\n<meta property=\"og:type\" content=\"article\" \/>\n<meta property=\"og:title\" content=\"Ofertas de la web oficial de Cordelia, reserva al mejor precio.\" \/>\n<meta property=\"og:description\" content=\"Descubre las ofertas exclusivas del Hotel Cordelia, donde cada estancia se convierte en una experiencia inolvidable.\" \/>\n<meta property=\"og:url\" content=\"https:\/\/cordelia.test7.eu\/es\/nuestras-ofertas\/\" \/>\n<meta property=\"og:site_name\" content=\"H\u00f4tel Cord\u00e9lia\" \/>\n<meta property=\"article:modified_time\" content=\"2025-12-14T17:55:14+00:00\" \/>\n<meta name=\"twitter:card\" content=\"summary_large_image\" \/>\n<meta name=\"twitter:label1\" content=\"Tiempo de lectura\" \/>\n\t<meta name=\"twitter:data1\" content=\"9 minutos\" \/>\n<script type=\"application\/ld+json\" class=\"yoast-schema-graph\">{\"@context\":\"https:\\\/\\\/schema.org\",\"@graph\":[{\"@type\":\"WebPage\",\"@id\":\"https:\\\/\\\/cordelia.test7.eu\\\/es\\\/nuestras-ofertas\\\/\",\"url\":\"https:\\\/\\\/cordelia.test7.eu\\\/es\\\/nuestras-ofertas\\\/\",\"name\":\"Ofertas de la web oficial de Cordelia, reserva al mejor precio.\",\"isPartOf\":{\"@id\":\"https:\\\/\\\/www.cordelia-paris-hotel.com\\\/new\\\/#website\"},\"datePublished\":\"2024-12-02T15:53:57+00:00\",\"dateModified\":\"2025-12-14T17:55:14+00:00\",\"description\":\"Descubre las ofertas exclusivas del Hotel Cordelia, donde cada estancia se convierte en una experiencia inolvidable.\",\"breadcrumb\":{\"@id\":\"https:\\\/\\\/cordelia.test7.eu\\\/es\\\/nuestras-ofertas\\\/#breadcrumb\"},\"inLanguage\":\"es\",\"potentialAction\":[{\"@type\":\"ReadAction\",\"target\":[\"https:\\\/\\\/cordelia.test7.eu\\\/es\\\/nuestras-ofertas\\\/\"]}]},{\"@type\":\"BreadcrumbList\",\"@id\":\"https:\\\/\\\/cordelia.test7.eu\\\/es\\\/nuestras-ofertas\\\/#breadcrumb\",\"itemListElement\":[{\"@type\":\"ListItem\",\"position\":1,\"name\":\"Accueil\",\"item\":\"https:\\\/\\\/www.cordelia-paris-hotel.com\\\/new\\\/es\\\/\"},{\"@type\":\"ListItem\",\"position\":2,\"name\":\"Nuestras Ofertas\"}]},{\"@type\":\"WebSite\",\"@id\":\"https:\\\/\\\/www.cordelia-paris-hotel.com\\\/new\\\/#website\",\"url\":\"https:\\\/\\\/www.cordelia-paris-hotel.com\\\/new\\\/\",\"name\":\"H\u00f4tel Cord\u00e9lia\",\"description\":\"\",\"potentialAction\":[{\"@type\":\"SearchAction\",\"target\":{\"@type\":\"EntryPoint\",\"urlTemplate\":\"https:\\\/\\\/www.cordelia-paris-hotel.com\\\/new\\\/?s={search_term_string}\"},\"query-input\":{\"@type\":\"PropertyValueSpecification\",\"valueRequired\":true,\"valueName\":\"search_term_string\"}}],\"inLanguage\":\"es\"}]}<\/script>\n<!-- \/ Yoast SEO plugin. -->","yoast_head_json":{"title":"Ofertas de la web oficial de Cordelia, reserva al mejor precio.","description":"Descubre las ofertas exclusivas del Hotel Cordelia, donde cada estancia se convierte en una experiencia inolvidable.","robots":{"index":"noindex","follow":"follow","max-snippet":"max-snippet:-1","max-image-preview":"max-image-preview:large","max-video-preview":"max-video-preview:-1"},"og_locale":"es_ES","og_type":"article","og_title":"Ofertas de la web oficial de Cordelia, reserva al mejor precio.","og_description":"Descubre las ofertas exclusivas del Hotel Cordelia, donde cada estancia se convierte en una experiencia inolvidable.","og_url":"https:\/\/cordelia.test7.eu\/es\/nuestras-ofertas\/","og_site_name":"H\u00f4tel Cord\u00e9lia","article_modified_time":"2025-12-14T17:55:14+00:00","twitter_card":"summary_large_image","twitter_misc":{"Tiempo de lectura":"9 minutos"},"schema":{"@context":"https:\/\/schema.org","@graph":[{"@type":"WebPage","@id":"https:\/\/cordelia.test7.eu\/es\/nuestras-ofertas\/","url":"https:\/\/cordelia.test7.eu\/es\/nuestras-ofertas\/","name":"Ofertas de la web oficial de Cordelia, reserva al mejor precio.","isPartOf":{"@id":"https:\/\/www.cordelia-paris-hotel.com\/new\/#website"},"datePublished":"2024-12-02T15:53:57+00:00","dateModified":"2025-12-14T17:55:14+00:00","description":"Descubre las ofertas exclusivas del Hotel Cordelia, donde cada estancia se convierte en una experiencia inolvidable.","breadcrumb":{"@id":"https:\/\/cordelia.test7.eu\/es\/nuestras-ofertas\/#breadcrumb"},"inLanguage":"es","potentialAction":[{"@type":"ReadAction","target":["https:\/\/cordelia.test7.eu\/es\/nuestras-ofertas\/"]}]},{"@type":"BreadcrumbList","@id":"https:\/\/cordelia.test7.eu\/es\/nuestras-ofertas\/#breadcrumb","itemListElement":[{"@type":"ListItem","position":1,"name":"Accueil","item":"https:\/\/www.cordelia-paris-hotel.com\/new\/es\/"},{"@type":"ListItem","position":2,"name":"Nuestras Ofertas"}]},{"@type":"WebSite","@id":"https:\/\/www.cordelia-paris-hotel.com\/new\/#website","url":"https:\/\/www.cordelia-paris-hotel.com\/new\/","name":"H\u00f4tel Cord\u00e9lia","description":"","potentialAction":[{"@type":"SearchAction","target":{"@type":"EntryPoint","urlTemplate":"https:\/\/www.cordelia-paris-hotel.com\/new\/?s={search_term_string}"},"query-input":{"@type":"PropertyValueSpecification","valueRequired":true,"valueName":"search_term_string"}}],"inLanguage":"es"}]}},"_links":{"self":[{"href":"https:\/\/cordelia.test7.eu\/es\/wp-json\/wp\/v2\/pages\/894","targetHints":{"allow":["GET"]}}],"collection":[{"href":"https:\/\/cordelia.test7.eu\/es\/wp-json\/wp\/v2\/pages"}],"about":[{"href":"https:\/\/cordelia.test7.eu\/es\/wp-json\/wp\/v2\/types\/page"}],"author":[{"embeddable":true,"href":"https:\/\/cordelia.test7.eu\/es\/wp-json\/wp\/v2\/users\/1"}],"replies":[{"embeddable":true,"href":"https:\/\/cordelia.test7.eu\/es\/wp-json\/wp\/v2\/comments?post=894"}],"version-history":[{"count":12,"href":"https:\/\/cordelia.test7.eu\/es\/wp-json\/wp\/v2\/pages\/894\/revisions"}],"predecessor-version":[{"id":3163,"href":"https:\/\/cordelia.test7.eu\/es\/wp-json\/wp\/v2\/pages\/894\/revisions\/3163"}],"wp:attachment":[{"href":"https:\/\/cordelia.test7.eu\/es\/wp-json\/wp\/v2\/media?parent=894"}],"curies":[{"name":"wp","href":"https:\/\/api.w.org\/{rel}","templated":true}]}}