{"id":980,"date":"2024-12-02T20:48:42","date_gmt":"2024-12-02T19:48:42","guid":{"rendered":"https:\/\/www.cordelia-paris-hotel.com\/new\/?page_id=980"},"modified":"2025-12-09T16:50:22","modified_gmt":"2025-12-09T15:50:22","slug":"opiniones","status":"publish","type":"page","link":"https:\/\/cordelia.test7.eu\/es\/opiniones\/","title":{"rendered":"Opiniones"},"content":{"rendered":"\n\n  <div class=\"banner has-hover\" id=\"banner-762497576\">\n          <div class=\"banner-inner fill\">\n        <div class=\"banner-bg fill\" >\n            <img fetchpriority=\"high\" decoding=\"async\" width=\"1920\" height=\"1280\" src=\"https:\/\/cordelia.test7.eu\/wp-content\/uploads\/2025\/11\/avis.jpg\" class=\"bg attachment-original size-original\" alt=\"D\u00e9tente \u00e0 l&#039;H\u00f4tel Cord\u00e9lia Paris\" \/>                        <div class=\"overlay\"><\/div>            \n                    <\/div>\n\t\t\n        <div class=\"banner-layers container\">\n            <div class=\"fill banner-link\"><\/div>            \n\n   <div id=\"text-box-1248095948\" class=\"text-box banner-layer x5 md-x10 lg-x1 y95 md-y90 lg-y90 res-text\">\n              <div data-parallax=\"-1\" data-parallax-fade=\"true\">       <div data-animate=\"bounceIn\">           <div class=\"text-box-content text dark\">\n              \n              <div class=\"text-inner text-center\">\n                  \n\n\t<div id=\"text-2648868105\" class=\"text\">\n\t\t\n\n<h1 class=\"titre-rooms\">Opiniones<\/h1>\n\t\t\n<style>\n#text-2648868105 {\n  text-align: left;\n}\n<\/style>\n\t<\/div>\n\t\n\n              <\/div>\n           <\/div>\n       <\/div>       <\/div>              \n<style>\n#text-box-1248095948 {\n  width: 80%;\n}\n#text-box-1248095948 .text-box-content {\n  font-size: 100%;\n}\n@media (min-width:550px) {\n  #text-box-1248095948 {\n    width: 70%;\n  }\n}\n@media (min-width:850px) {\n  #text-box-1248095948 {\n    width: 100%;\n  }\n}\n<\/style>\n    <\/div>\n \n\n        <\/div>\n      <\/div>\n\n            \n<style>\n#banner-762497576 {\n  padding-top: 262px;\n}\n#banner-762497576 .overlay {\n  background-color: rgba(0, 0, 0, 0.6);\n}\n#banner-762497576 .banner-bg img {\n  object-position: 68% 60%;\n}\n@media (min-width:550px) {\n  #banner-762497576 {\n    padding-top: 56.25%;\n  }\n}\n@media (min-width:850px) {\n  #banner-762497576 {\n    padding-top: 500px;\n  }\n}\n<\/style>\n  <\/div>\n\n\n<div class=\"row row-large align-center\"  id=\"row-591182954\">\n\n\n\t<div id=\"col-1054463313\" class=\"col small-12 large-12\"  >\n\t\t\t\t<div class=\"col-inner text-left\"  >\n\t\t\t\n\t\t\t\n\n\n\n<script type=\"text\/javascript\" id=\"widget-experience-56\" src=\"https:\/\/api.experience-hotel.com\/res\/webmodule\/AIR\/loader.php?dw=customercomments&#038;dt=56&#038;slug=hotel-cordelia\" ><\/script>\n\n\n\t\t<\/div>\n\t\t\t\t\n<style>\n#col-1054463313 > .col-inner {\n  padding: 0px 0px 0px 0px;\n  margin: 50px 0px 0px 0px;\n}\n<\/style>\n\t<\/div>\n\n\t\n\n<\/div>\n\n","protected":false},"excerpt":{"rendered":"","protected":false},"author":1,"featured_media":0,"parent":0,"menu_order":0,"comment_status":"closed","ping_status":"closed","template":"page-transparent-header-light.php","meta":{"_acf_changed":false,"footnotes":""},"class_list":["post-980","page","type-page","status-publish","hentry"],"acf":[],"yoast_head":"<!-- This site is optimized with the Yoast SEO plugin v27.4 - https:\/\/yoast.com\/product\/yoast-seo-wordpress\/ -->\n<title>Opiniones del Hotel Cordelia, lo que nuestros hu\u00e9spedes opinan de nosotros<\/title>\n<meta name=\"description\" content=\"Descubra lo que los viajeros opinan del hotel Cord\u00e9lia Paris despu\u00e9s de su estancia: situaci\u00f3n, acogida, servicios...\" \/>\n<meta name=\"robots\" content=\"noindex, follow, max-snippet:-1, max-image-preview:large, max-video-preview:-1\" \/>\n<meta property=\"og:locale\" content=\"es_ES\" \/>\n<meta property=\"og:type\" content=\"article\" \/>\n<meta property=\"og:title\" content=\"Opiniones del Hotel Cordelia, lo que nuestros hu\u00e9spedes opinan de nosotros\" \/>\n<meta property=\"og:description\" content=\"Descubra lo que los viajeros opinan del hotel Cord\u00e9lia Paris despu\u00e9s de su estancia: situaci\u00f3n, acogida, servicios...\" \/>\n<meta property=\"og:url\" content=\"https:\/\/cordelia.test7.eu\/es\/opiniones\/\" \/>\n<meta property=\"og:site_name\" content=\"H\u00f4tel Cord\u00e9lia\" \/>\n<meta property=\"article:modified_time\" content=\"2025-12-09T15:50:22+00:00\" \/>\n<meta name=\"twitter:card\" content=\"summary_large_image\" \/>\n<meta name=\"twitter:label1\" content=\"Tiempo de lectura\" \/>\n\t<meta name=\"twitter:data1\" content=\"1 minuto\" \/>\n<script type=\"application\/ld+json\" class=\"yoast-schema-graph\">{\"@context\":\"https:\\\/\\\/schema.org\",\"@graph\":[{\"@type\":\"WebPage\",\"@id\":\"https:\\\/\\\/cordelia.test7.eu\\\/es\\\/opiniones\\\/\",\"url\":\"https:\\\/\\\/cordelia.test7.eu\\\/es\\\/opiniones\\\/\",\"name\":\"Opiniones del Hotel Cordelia, lo que nuestros hu\u00e9spedes opinan de nosotros\",\"isPartOf\":{\"@id\":\"https:\\\/\\\/www.cordelia-paris-hotel.com\\\/new\\\/#website\"},\"datePublished\":\"2024-12-02T19:48:42+00:00\",\"dateModified\":\"2025-12-09T15:50:22+00:00\",\"description\":\"Descubra lo que los viajeros opinan del hotel Cord\u00e9lia Paris despu\u00e9s de su estancia: situaci\u00f3n, acogida, servicios...\",\"breadcrumb\":{\"@id\":\"https:\\\/\\\/cordelia.test7.eu\\\/es\\\/opiniones\\\/#breadcrumb\"},\"inLanguage\":\"es\",\"potentialAction\":[{\"@type\":\"ReadAction\",\"target\":[\"https:\\\/\\\/cordelia.test7.eu\\\/es\\\/opiniones\\\/\"]}]},{\"@type\":\"BreadcrumbList\",\"@id\":\"https:\\\/\\\/cordelia.test7.eu\\\/es\\\/opiniones\\\/#breadcrumb\",\"itemListElement\":[{\"@type\":\"ListItem\",\"position\":1,\"name\":\"Accueil\",\"item\":\"https:\\\/\\\/www.cordelia-paris-hotel.com\\\/new\\\/es\\\/\"},{\"@type\":\"ListItem\",\"position\":2,\"name\":\"Opiniones\"}]},{\"@type\":\"WebSite\",\"@id\":\"https:\\\/\\\/www.cordelia-paris-hotel.com\\\/new\\\/#website\",\"url\":\"https:\\\/\\\/www.cordelia-paris-hotel.com\\\/new\\\/\",\"name\":\"H\u00f4tel Cord\u00e9lia\",\"description\":\"\",\"potentialAction\":[{\"@type\":\"SearchAction\",\"target\":{\"@type\":\"EntryPoint\",\"urlTemplate\":\"https:\\\/\\\/www.cordelia-paris-hotel.com\\\/new\\\/?s={search_term_string}\"},\"query-input\":{\"@type\":\"PropertyValueSpecification\",\"valueRequired\":true,\"valueName\":\"search_term_string\"}}],\"inLanguage\":\"es\"}]}<\/script>\n<!-- \/ Yoast SEO plugin. -->","yoast_head_json":{"title":"Opiniones del Hotel Cordelia, lo que nuestros hu\u00e9spedes opinan de nosotros","description":"Descubra lo que los viajeros opinan del hotel Cord\u00e9lia Paris despu\u00e9s de su estancia: situaci\u00f3n, acogida, servicios...","robots":{"index":"noindex","follow":"follow","max-snippet":"max-snippet:-1","max-image-preview":"max-image-preview:large","max-video-preview":"max-video-preview:-1"},"og_locale":"es_ES","og_type":"article","og_title":"Opiniones del Hotel Cordelia, lo que nuestros hu\u00e9spedes opinan de nosotros","og_description":"Descubra lo que los viajeros opinan del hotel Cord\u00e9lia Paris despu\u00e9s de su estancia: situaci\u00f3n, acogida, servicios...","og_url":"https:\/\/cordelia.test7.eu\/es\/opiniones\/","og_site_name":"H\u00f4tel Cord\u00e9lia","article_modified_time":"2025-12-09T15:50:22+00:00","twitter_card":"summary_large_image","twitter_misc":{"Tiempo de lectura":"1 minuto"},"schema":{"@context":"https:\/\/schema.org","@graph":[{"@type":"WebPage","@id":"https:\/\/cordelia.test7.eu\/es\/opiniones\/","url":"https:\/\/cordelia.test7.eu\/es\/opiniones\/","name":"Opiniones del Hotel Cordelia, lo que nuestros hu\u00e9spedes opinan de nosotros","isPartOf":{"@id":"https:\/\/www.cordelia-paris-hotel.com\/new\/#website"},"datePublished":"2024-12-02T19:48:42+00:00","dateModified":"2025-12-09T15:50:22+00:00","description":"Descubra lo que los viajeros opinan del hotel Cord\u00e9lia Paris despu\u00e9s de su estancia: situaci\u00f3n, acogida, servicios...","breadcrumb":{"@id":"https:\/\/cordelia.test7.eu\/es\/opiniones\/#breadcrumb"},"inLanguage":"es","potentialAction":[{"@type":"ReadAction","target":["https:\/\/cordelia.test7.eu\/es\/opiniones\/"]}]},{"@type":"BreadcrumbList","@id":"https:\/\/cordelia.test7.eu\/es\/opiniones\/#breadcrumb","itemListElement":[{"@type":"ListItem","position":1,"name":"Accueil","item":"https:\/\/www.cordelia-paris-hotel.com\/new\/es\/"},{"@type":"ListItem","position":2,"name":"Opiniones"}]},{"@type":"WebSite","@id":"https:\/\/www.cordelia-paris-hotel.com\/new\/#website","url":"https:\/\/www.cordelia-paris-hotel.com\/new\/","name":"H\u00f4tel Cord\u00e9lia","description":"","potentialAction":[{"@type":"SearchAction","target":{"@type":"EntryPoint","urlTemplate":"https:\/\/www.cordelia-paris-hotel.com\/new\/?s={search_term_string}"},"query-input":{"@type":"PropertyValueSpecification","valueRequired":true,"valueName":"search_term_string"}}],"inLanguage":"es"}]}},"_links":{"self":[{"href":"https:\/\/cordelia.test7.eu\/es\/wp-json\/wp\/v2\/pages\/980","targetHints":{"allow":["GET"]}}],"collection":[{"href":"https:\/\/cordelia.test7.eu\/es\/wp-json\/wp\/v2\/pages"}],"about":[{"href":"https:\/\/cordelia.test7.eu\/es\/wp-json\/wp\/v2\/types\/page"}],"author":[{"embeddable":true,"href":"https:\/\/cordelia.test7.eu\/es\/wp-json\/wp\/v2\/users\/1"}],"replies":[{"embeddable":true,"href":"https:\/\/cordelia.test7.eu\/es\/wp-json\/wp\/v2\/comments?post=980"}],"version-history":[{"count":6,"href":"https:\/\/cordelia.test7.eu\/es\/wp-json\/wp\/v2\/pages\/980\/revisions"}],"predecessor-version":[{"id":3118,"href":"https:\/\/cordelia.test7.eu\/es\/wp-json\/wp\/v2\/pages\/980\/revisions\/3118"}],"wp:attachment":[{"href":"https:\/\/cordelia.test7.eu\/es\/wp-json\/wp\/v2\/media?parent=980"}],"curies":[{"name":"wp","href":"https:\/\/api.w.org\/{rel}","templated":true}]}}