{"id":999,"date":"2024-12-02T10:23:33","date_gmt":"2024-12-02T09:23:33","guid":{"rendered":"https:\/\/www.cordelia-paris-hotel.com\/new\/?page_id=999"},"modified":"2025-12-09T17:38:11","modified_gmt":"2025-12-09T16:38:11","slug":"nuestros-compromisos","status":"publish","type":"page","link":"https:\/\/cordelia.test7.eu\/es\/nuestros-compromisos\/","title":{"rendered":"Nuestros Compromisos"},"content":{"rendered":"\n\n  <div class=\"banner has-hover\" id=\"banner-74309455\">\n          <div class=\"banner-inner fill\">\n        <div class=\"banner-bg fill\" >\n            <img fetchpriority=\"high\" decoding=\"async\" width=\"1920\" height=\"1280\" src=\"https:\/\/cordelia.test7.eu\/wp-content\/uploads\/2025\/10\/engagements-header-hotel-cordelia.jpg.jpg\" class=\"bg attachment-original size-original\" alt=\"Salon avec coin chemin\u00e9e de l&#039;h\u00f4tel Cord\u00e9lia Paris\" \/>                        <div class=\"overlay\"><\/div>            \n                    <\/div>\n\t\t\n        <div class=\"banner-layers container\">\n            <div class=\"fill banner-link\"><\/div>            \n\n   <div id=\"text-box-251579481\" class=\"text-box banner-layer x1 md-x1 lg-x1 y95 md-y90 lg-y90 res-text\">\n              <div data-parallax=\"-1\" data-parallax-fade=\"true\">       <div data-animate=\"bounceIn\">           <div class=\"text-box-content text dark\">\n              \n              <div class=\"text-inner text-center\">\n                  \n\n\t<div id=\"text-2502397419\" class=\"text\">\n\t\t\n\n<h1 class=\"titre-rooms\">Nuestros Compromisos<\/h1>\n\n\t\t\n<style>\n#text-2502397419 {\n  text-align: left;\n}\n<\/style>\n\t<\/div>\n\t\n\n              <\/div>\n           <\/div>\n       <\/div>       <\/div>              \n<style>\n#text-box-251579481 {\n  width: 95%;\n}\n#text-box-251579481 .text-box-content {\n  font-size: 100%;\n}\n@media (min-width:550px) {\n  #text-box-251579481 {\n    width: 70%;\n  }\n}\n@media (min-width:850px) {\n  #text-box-251579481 {\n    width: 100%;\n  }\n}\n<\/style>\n    <\/div>\n \n\n        <\/div>\n      <\/div>\n\n            \n<style>\n#banner-74309455 {\n  padding-top: 262px;\n}\n#banner-74309455 .overlay {\n  background-color: rgba(0, 0, 0, 0.2);\n}\n#banner-74309455 .banner-bg img {\n  object-position: 68% 60%;\n}\n@media (min-width:550px) {\n  #banner-74309455 {\n    padding-top: 56.25%;\n  }\n}\n@media (min-width:850px) {\n  #banner-74309455 {\n    padding-top: 500px;\n  }\n}\n<\/style>\n  <\/div>\n\n\n<div class=\"row row-large\"  id=\"row-299004566\">\n\n\n\t<div id=\"col-2136324365\" class=\"col small-12 large-12\"  >\n\t\t\t\t<div class=\"col-inner text-left\"  >\n\t\t\t\n\t\t\t\n\n\t<div id=\"text-2297667783\" class=\"text\">\n\t\t\n\n<p>En un mundo en constante evoluci\u00f3n, preservar nuestro medio ambiente es m\u00e1s esencial que nunca. Conscientes de nuestra responsabilidad, hemos implementado una serie de compromisos ambientales para minimizar nuestro impacto en el planeta, garantizando al mismo tiempo la comodidad y el bienestar de nuestros hu\u00e9spedes.<\/p>\n<p>Creemos firmemente que cada acci\u00f3n cuenta, ya sea capacitar a nuestros equipos en pr\u00e1cticas sostenibles, seleccionar proveedores comprometidos u optimizar nuestro consumo de agua y energ\u00eda. Adem\u00e1s, nos comprometemos a limitar y clasificar nuestros residuos, a la vez que ofrecemos productos respetuosos con el medio ambiente y la salud.<\/p>\n<p>Este enfoque refleja nuestro deseo de ofrecer una experiencia \u00fanica a nuestros hu\u00e9spedes mientras cuidamos nuestro planeta.<\/p>\n<p>Descubra a continuaci\u00f3n las acciones concretas que estamos llevando a cabo para construir un futuro m\u00e1s sostenible.<\/p>\n\n\t\t\n<style>\n#text-2297667783 {\n  text-align: left;\n}\n<\/style>\n\t<\/div>\n\t\n\n\t\t<\/div>\n\t\t\t\t\n<style>\n#col-2136324365 > .col-inner {\n  padding: 0px 0px 0px 0px;\n  margin: 50px 0px 0px 0px;\n}\n<\/style>\n\t<\/div>\n\n\t\n\n<\/div>\n<div class=\"row row-large align-center\"  id=\"row-14338653\">\n\n\n\t<div id=\"col-1856624663\" class=\"col medium-10 small-12 large-10\"  >\n\t\t\t\t<div class=\"col-inner text-left\"  >\n\t\t\t\n\t\t\t\n\n\t<div id=\"text-2031427221\" class=\"text\">\n\t\t\n\n<h2 style=\"font-size:80px; line-height:80px;\">Concienciando a nuestros equipos <br \/><span>y a nuestros proveedores<\/span><\/h2>\n\n\t\t\n<style>\n#text-2031427221 {\n  text-align: center;\n}\n<\/style>\n\t<\/div>\n\t\n\t<div class=\"img has-hover x md-x lg-x y md-y lg-y\" id=\"image_2063589807\">\n\t\t\t\t\t\t\t\t<div class=\"img-inner image-cover dark\" style=\"padding-top:56.25%;\">\n\t\t\t<img decoding=\"async\" width=\"1536\" height=\"1024\" src=\"https:\/\/cordelia.test7.eu\/wp-content\/uploads\/2025\/10\/engagements-1-sensibiliser-hotel-cordelia-1536x1024.jpg\" class=\"attachment-1536x1536 size-1536x1536\" alt=\"Nos engagements nature H\u00f4tel Cord\u00e9lia Paris\" srcset=\"https:\/\/cordelia.test7.eu\/wp-content\/uploads\/2025\/10\/engagements-1-sensibiliser-hotel-cordelia-1536x1024.jpg 1536w, https:\/\/cordelia.test7.eu\/wp-content\/uploads\/2025\/10\/engagements-1-sensibiliser-hotel-cordelia-300x200.jpg 300w, https:\/\/cordelia.test7.eu\/wp-content\/uploads\/2025\/10\/engagements-1-sensibiliser-hotel-cordelia-1024x683.jpg 1024w, https:\/\/cordelia.test7.eu\/wp-content\/uploads\/2025\/10\/engagements-1-sensibiliser-hotel-cordelia-768x512.jpg 768w, https:\/\/cordelia.test7.eu\/wp-content\/uploads\/2025\/10\/engagements-1-sensibiliser-hotel-cordelia.jpg 1920w\" sizes=\"(max-width: 1536px) 100vw, 1536px\" \/>\t\t\t\t\t\t\n\t\t\t\t\t<\/div>\n\t\t\t\t\t\t\t\t\n<style>\n#image_2063589807 {\n  width: 100%;\n}\n<\/style>\n\t<\/div>\n\t\n\n\n\t\t<\/div>\n\t\t\t\t\n<style>\n#col-1856624663 > .col-inner {\n  padding: 0px 0px 0px 0px;\n  margin: 30px 0px 0px 0px;\n}\n<\/style>\n\t<\/div>\n\n\t\n\n\t<div id=\"col-481121670\" class=\"col medium-8 small-12 large-8\"  >\n\t\t\t\t<div class=\"col-inner\"  >\n\t\t\t\n\t\t\t\n\n<p>&#8211; Nuestros equipos est\u00e1n capacitados en <strong>pr\u00e1cticas ambientales<\/strong> en sus tareas diarias.<br \/>&#8211; Elegimos a nuestros proveedores y prestadores de servicios en funci\u00f3n de sus <strong>compromisos sociales y sostenibles<\/strong>.<\/p>\n\n\n\t\t<\/div>\n\t\t\t\t\n<style>\n#col-481121670 > .col-inner {\n  margin: 50px 0px 0px 0px;\n}\n<\/style>\n\t<\/div>\n\n\t\n\n<\/div>\n<div class=\"row row-large align-center\"  id=\"row-544290762\">\n\n\n\t<div id=\"col-1031230348\" class=\"col medium-10 small-12 large-10\"  >\n\t\t\t\t<div class=\"col-inner text-left\"  >\n\t\t\t\n\t\t\t\n\n\t<div id=\"text-63097796\" class=\"text\">\n\t\t\n\n<h2 style=\"font-size:80px;\" line-height:80px;=\"\">\u00a1Ahorra agua<br \/>\n<span> y energ\u00eda!<\/span><\/h2>\n\n\t\t\n<style>\n#text-63097796 {\n  text-align: center;\n}\n<\/style>\n\t<\/div>\n\t\n\t<div class=\"img has-hover x md-x lg-x y md-y lg-y\" id=\"image_1577426073\">\n\t\t\t\t\t\t\t\t<div class=\"img-inner image-cover dark\" style=\"padding-top:56.25%;\">\n\t\t\t<img decoding=\"async\" width=\"1536\" height=\"1024\" src=\"https:\/\/cordelia.test7.eu\/wp-content\/uploads\/2025\/10\/engagements-2-economiser-hotel-cordelia-1536x1024.jpg\" class=\"attachment-1536x1536 size-1536x1536\" alt=\"La Seine Paris\" srcset=\"https:\/\/cordelia.test7.eu\/wp-content\/uploads\/2025\/10\/engagements-2-economiser-hotel-cordelia-1536x1024.jpg 1536w, https:\/\/cordelia.test7.eu\/wp-content\/uploads\/2025\/10\/engagements-2-economiser-hotel-cordelia-300x200.jpg 300w, https:\/\/cordelia.test7.eu\/wp-content\/uploads\/2025\/10\/engagements-2-economiser-hotel-cordelia-1024x683.jpg 1024w, https:\/\/cordelia.test7.eu\/wp-content\/uploads\/2025\/10\/engagements-2-economiser-hotel-cordelia-768x512.jpg 768w, https:\/\/cordelia.test7.eu\/wp-content\/uploads\/2025\/10\/engagements-2-economiser-hotel-cordelia.jpg 1920w\" sizes=\"(max-width: 1536px) 100vw, 1536px\" \/>\t\t\t\t\t\t\n\t\t\t\t\t<\/div>\n\t\t\t\t\t\t\t\t\n<style>\n#image_1577426073 {\n  width: 100%;\n}\n<\/style>\n\t<\/div>\n\t\n\n\n\t\t<\/div>\n\t\t\t\t\n<style>\n#col-1031230348 > .col-inner {\n  padding: 0px 0px 0px 0px;\n  margin: 30px 0px 0px 0px;\n}\n<\/style>\n\t<\/div>\n\n\t\n\n\t<div id=\"col-2102333153\" class=\"col medium-8 small-12 large-8\"  >\n\t\t\t\t<div class=\"col-inner\"  >\n\t\t\t\n\t\t\t\n\n<p>&#8211; Hemos instalado dispositivos de ahorro de agua en nuestros grifos y duchas para conservar agua.<br \/>&#8211; Toda nuestra iluminaci\u00f3n es LED, lo que permite un ahorro de energ\u00eda y una comodidad similar para nuestros hu\u00e9spedes.<br \/>&#8211; Hemos instalado detectores de movimiento\/temporizadores en las \u00e1reas comunes\/pasillos para limitar el desperdicio de energ\u00eda.<br \/>&#8211; En un esfuerzo por preservar el medio ambiente y lograr un ahorro significativo de agua y energ\u00eda, nuestros hu\u00e9spedes tienen la opci\u00f3n de no tener que cambiar sus s\u00e1banas y toallas a diario.<\/p>\n\n\n\t\t<\/div>\n\t\t\t\t\n<style>\n#col-2102333153 > .col-inner {\n  margin: 50px 0px 0px 0px;\n}\n<\/style>\n\t<\/div>\n\n\t\n\n<\/div>\n<div class=\"row row-large align-center\"  id=\"row-774385302\">\n\n\n\t<div id=\"col-721515830\" class=\"col medium-10 small-12 large-10\"  >\n\t\t\t\t<div class=\"col-inner text-left\"  >\n\t\t\t\n\t\t\t\n\n\t<div id=\"text-3226108083\" class=\"text\">\n\t\t\n\n<h2 style=\"font-size:80px; line-height:100%; margin-top:50px;\">Limitar y clasificar<br \/>\nnuestros <span>residuos<\/span><\/h2>\n\n\t\t\n<style>\n#text-3226108083 {\n  text-align: center;\n}\n<\/style>\n\t<\/div>\n\t\n\t<div class=\"img has-hover x md-x lg-x y md-y lg-y\" id=\"image_1821649340\">\n\t\t\t\t\t\t\t\t<div class=\"img-inner image-cover dark\" style=\"padding-top:56.25%;\">\n\t\t\t<img loading=\"lazy\" decoding=\"async\" width=\"1536\" height=\"1024\" src=\"https:\/\/cordelia.test7.eu\/wp-content\/uploads\/2025\/10\/engagements-3-trier-hotel-cordelia-1536x1024.jpg\" class=\"attachment-1536x1536 size-1536x1536\" alt=\"H\u00f4tel Cord\u00e9lia Paris\" srcset=\"https:\/\/cordelia.test7.eu\/wp-content\/uploads\/2025\/10\/engagements-3-trier-hotel-cordelia-1536x1024.jpg 1536w, https:\/\/cordelia.test7.eu\/wp-content\/uploads\/2025\/10\/engagements-3-trier-hotel-cordelia-300x200.jpg 300w, https:\/\/cordelia.test7.eu\/wp-content\/uploads\/2025\/10\/engagements-3-trier-hotel-cordelia-1024x683.jpg 1024w, https:\/\/cordelia.test7.eu\/wp-content\/uploads\/2025\/10\/engagements-3-trier-hotel-cordelia-768x512.jpg 768w, https:\/\/cordelia.test7.eu\/wp-content\/uploads\/2025\/10\/engagements-3-trier-hotel-cordelia.jpg 1920w\" sizes=\"(max-width: 1536px) 100vw, 1536px\" \/>\t\t\t\t\t\t\n\t\t\t\t\t<\/div>\n\t\t\t\t\t\t\t\t\n<style>\n#image_1821649340 {\n  width: 100%;\n}\n<\/style>\n\t<\/div>\n\t\n\n\n\t\t<\/div>\n\t\t\t\t\n<style>\n#col-721515830 > .col-inner {\n  padding: 0px 0px 0px 0px;\n  margin: 30px 0px 0px 0px;\n}\n<\/style>\n\t<\/div>\n\n\t\n\n\t<div id=\"col-223042393\" class=\"col medium-8 small-12 large-8\"  >\n\t\t\t\t<div class=\"col-inner\"  >\n\t\t\t\n\t\t\t\n\n<p>&#8211; Nuestros equipos clasifican el contenido de los contenedores de las habitaciones: vidrio, pl\u00e1stico y cart\u00f3n se clasifican para su reciclaje.<br \/> &#8211; Trabajamos con la mayor\u00eda de los productos vendidos a granel o en paquetes grandes para limitar los embalajes innecesarios, ya sea para el desayuno o para productos de limpieza.<br \/> &#8211; Las botellas de agua mineral desechables se han sustituido por botellas de agua filtrada en colaboraci\u00f3n con BeWTR.<\/p>\n\n\n\t\t<\/div>\n\t\t\t\t\n<style>\n#col-223042393 > .col-inner {\n  margin: 50px 0px 0px 0px;\n}\n<\/style>\n\t<\/div>\n\n\t\n\n<\/div>\n<div class=\"row row-large align-center\"  id=\"row-1913940461\">\n\n\n\t<div id=\"col-2124041408\" class=\"col medium-10 small-12 large-10\"  >\n\t\t\t\t<div class=\"col-inner text-left\"  >\n\t\t\t\n\t\t\t\n\n\t<div id=\"text-3382489245\" class=\"text\">\n\t\t\n\n<h2 style=\"font-size:80px; line-height:100%; margin-top:50px;\">Atentos al<br \/>\n<span>bienestar<\/span><br \/>\nde nuestros clientes<\/h2>\n\n\t\t\n<style>\n#text-3382489245 {\n  text-align: center;\n}\n<\/style>\n\t<\/div>\n\t\n\t<div class=\"img has-hover x md-x lg-x y md-y lg-y\" id=\"image_1463465995\">\n\t\t\t\t\t\t\t\t<div class=\"img-inner image-cover dark\" style=\"padding-top:56.25%;\">\n\t\t\t<img loading=\"lazy\" decoding=\"async\" width=\"1536\" height=\"1024\" src=\"https:\/\/cordelia.test7.eu\/wp-content\/uploads\/2025\/10\/engagements-4-attentif-hotel-cordelia-1536x1024.jpg\" class=\"attachment-1536x1536 size-1536x1536\" alt=\"Petit-d\u00e9jeuner \u00e0 l&#039;h\u00f4tel Cord\u00e9lia Paris\" srcset=\"https:\/\/cordelia.test7.eu\/wp-content\/uploads\/2025\/10\/engagements-4-attentif-hotel-cordelia-1536x1024.jpg 1536w, https:\/\/cordelia.test7.eu\/wp-content\/uploads\/2025\/10\/engagements-4-attentif-hotel-cordelia-300x200.jpg 300w, https:\/\/cordelia.test7.eu\/wp-content\/uploads\/2025\/10\/engagements-4-attentif-hotel-cordelia-1024x683.jpg 1024w, https:\/\/cordelia.test7.eu\/wp-content\/uploads\/2025\/10\/engagements-4-attentif-hotel-cordelia-768x512.jpg 768w, https:\/\/cordelia.test7.eu\/wp-content\/uploads\/2025\/10\/engagements-4-attentif-hotel-cordelia.jpg 1920w\" sizes=\"(max-width: 1536px) 100vw, 1536px\" \/>\t\t\t\t\t\t\n\t\t\t\t\t<\/div>\n\t\t\t\t\t\t\t\t\n<style>\n#image_1463465995 {\n  width: 100%;\n}\n<\/style>\n\t<\/div>\n\t\n\n\n\t\t<\/div>\n\t\t\t\t\n<style>\n#col-2124041408 > .col-inner {\n  padding: 0px 0px 0px 0px;\n  margin: 30px 0px 0px 0px;\n}\n<\/style>\n\t<\/div>\n\n\t\n\n\t<div id=\"col-162935916\" class=\"col medium-8 small-12 large-8\"  >\n\t\t\t\t<div class=\"col-inner\"  >\n\t\t\t\n\t\t\t\n\n<p>Para nuestro desayuno, ofrecemos productos locales y de temporada, productos org\u00e1nicos y\/o de comercio justo, y podemos adaptarnos a ciertas necesidades diet\u00e9ticas especiales.<\/p>\n\n\n\t\t<\/div>\n\t\t\t\t\n<style>\n#col-162935916 > .col-inner {\n  margin: 50px 0px 0px 0px;\n}\n<\/style>\n\t<\/div>\n\n\t\n\n<\/div>\n<div class=\"row row-large align-center\"  id=\"row-1821451103\">\n\n\n\t<div id=\"col-1501440587\" class=\"col medium-10 small-12 large-10\"  >\n\t\t\t\t<div class=\"col-inner text-left\"  >\n\t\t\t\n\t\t\t\n\n\t<div id=\"text-3496871712\" class=\"text\">\n\t\t\n\n<h2 style=\"font-size:80px; line-height:100%; margin-top:50px;\">Limpieza<br \/>\n<span>ecol\u00f3gica y saludable<\/span><\/h2>\n\n\t\t\n<style>\n#text-3496871712 {\n  text-align: center;\n}\n<\/style>\n\t<\/div>\n\t\n\t<div class=\"img has-hover x md-x lg-x y md-y lg-y\" id=\"image_309750595\">\n\t\t\t\t\t\t\t\t<div class=\"img-inner image-cover dark\" style=\"padding-top:56.25%;\">\n\t\t\t<img loading=\"lazy\" decoding=\"async\" width=\"1536\" height=\"1024\" src=\"https:\/\/cordelia.test7.eu\/wp-content\/uploads\/2025\/10\/engagements-5-nettoyage-hotel-cordelia.jpg-1536x1024.jpg\" class=\"attachment-1536x1536 size-1536x1536\" alt=\"Chambres de l&#039;h\u00f4tel Cord\u00e9lia Paris\" srcset=\"https:\/\/cordelia.test7.eu\/wp-content\/uploads\/2025\/10\/engagements-5-nettoyage-hotel-cordelia.jpg-1536x1024.jpg 1536w, https:\/\/cordelia.test7.eu\/wp-content\/uploads\/2025\/10\/engagements-5-nettoyage-hotel-cordelia.jpg-300x200.jpg 300w, https:\/\/cordelia.test7.eu\/wp-content\/uploads\/2025\/10\/engagements-5-nettoyage-hotel-cordelia.jpg-1024x683.jpg 1024w, https:\/\/cordelia.test7.eu\/wp-content\/uploads\/2025\/10\/engagements-5-nettoyage-hotel-cordelia.jpg-768x512.jpg 768w, https:\/\/cordelia.test7.eu\/wp-content\/uploads\/2025\/10\/engagements-5-nettoyage-hotel-cordelia.jpg.jpg 1920w\" sizes=\"(max-width: 1536px) 100vw, 1536px\" \/>\t\t\t\t\t\t\n\t\t\t\t\t<\/div>\n\t\t\t\t\t\t\t\t\n<style>\n#image_309750595 {\n  width: 100%;\n}\n<\/style>\n\t<\/div>\n\t\n\n\n\t\t<\/div>\n\t\t\t\t\n<style>\n#col-1501440587 > .col-inner {\n  padding: 0px 0px 0px 0px;\n  margin: 30px 0px 0px 0px;\n}\n<\/style>\n\t<\/div>\n\n\t\n\n\t<div id=\"col-175316617\" class=\"col medium-8 small-12 large-8\"  >\n\t\t\t\t<div class=\"col-inner\"  >\n\t\t\t\n\t\t\t\n\n<p>&#8211; Formaci\u00f3n del personal en el uso de <strong>limpieza con vapor seco<\/strong> sin productos qu\u00edmicos.<br \/>&#8211; Los productos utilizados para la limpieza de las instalaciones cuentan con <strong>etiqueta ecol\u00f3gica<\/strong>, lo que proporciona una mejor <strong>calidad del aire<\/strong> y menos riesgos para la salud.<br \/>&#8211; Para el <strong>bienestar de nuestros equipos y el suyo<\/strong>, hemos prohibido la lej\u00eda, que es irritante para las v\u00edas respiratorias y t\u00f3xica.<br \/>&#8211; Utilizamos <strong>productos respetuosos con el medio ambiente y la salud<\/strong>.<\/p>\n\n\n\t\t<\/div>\n\t\t\t\t\n<style>\n#col-175316617 > .col-inner {\n  margin: 50px 0px 0px 0px;\n}\n<\/style>\n\t<\/div>\n\n\t\n\n<\/div>\n<div class=\"row\"  id=\"row-840170021\">\n\n\n\t<div id=\"col-308224130\" class=\"col small-12 large-12\"  >\n\t\t\t\t<div class=\"col-inner text-center\"  >\n\t\t\t\n\t\t\t\n\n<a href=\"https:\/\/www.secure-hotel-booking.com\/Hotel-Cordelia\/21V3\/dateselection?language=ES\" target=\"_blank\" class=\"button secondary\" rel=\"noopener\"  style=\"border-radius:5px;padding:7px 80px 7px 80px;\">\n\t\t<span>reservar una habitaci\u00f3n<\/span>\n\t<\/a>\n\n\n\n\t\t<\/div>\n\t\t\t\t\t<\/div>\n\n\t\n\n<\/div>\n\n","protected":false},"excerpt":{"rendered":"","protected":false},"author":1,"featured_media":0,"parent":0,"menu_order":0,"comment_status":"closed","ping_status":"closed","template":"page-transparent-header-light.php","meta":{"_acf_changed":false,"footnotes":""},"class_list":["post-999","page","type-page","status-publish","hentry"],"acf":[],"yoast_head":"<!-- This site is optimized with the Yoast SEO plugin v27.4 - https:\/\/yoast.com\/product\/yoast-seo-wordpress\/ -->\n<title>Compromisos del Hotel Cordelia con la preservaci\u00f3n del medio ambiente.<\/title>\n<meta name=\"description\" content=\"Nuestros compromisos ecol\u00f3gicos tienen como objetivo minimizar nuestro impacto en el planeta garantizando el confort y el bienestar de nuestros clientes.\" \/>\n<meta name=\"robots\" content=\"noindex, follow, max-snippet:-1, max-image-preview:large, max-video-preview:-1\" \/>\n<meta property=\"og:locale\" content=\"es_ES\" \/>\n<meta property=\"og:type\" content=\"article\" \/>\n<meta property=\"og:title\" content=\"Compromisos del Hotel Cordelia con la preservaci\u00f3n del medio ambiente.\" \/>\n<meta property=\"og:description\" content=\"Nuestros compromisos ecol\u00f3gicos tienen como objetivo minimizar nuestro impacto en el planeta garantizando el confort y el bienestar de nuestros clientes.\" \/>\n<meta property=\"og:url\" content=\"https:\/\/cordelia.test7.eu\/es\/nuestros-compromisos\/\" \/>\n<meta property=\"og:site_name\" content=\"H\u00f4tel Cord\u00e9lia\" \/>\n<meta property=\"article:modified_time\" content=\"2025-12-09T16:38:11+00:00\" \/>\n<meta name=\"twitter:card\" content=\"summary_large_image\" \/>\n<meta name=\"twitter:label1\" content=\"Tiempo de lectura\" \/>\n\t<meta name=\"twitter:data1\" content=\"4 minutos\" \/>\n<script type=\"application\/ld+json\" class=\"yoast-schema-graph\">{\"@context\":\"https:\\\/\\\/schema.org\",\"@graph\":[{\"@type\":\"WebPage\",\"@id\":\"https:\\\/\\\/cordelia.test7.eu\\\/es\\\/nuestros-compromisos\\\/\",\"url\":\"https:\\\/\\\/cordelia.test7.eu\\\/es\\\/nuestros-compromisos\\\/\",\"name\":\"Compromisos del Hotel Cordelia con la preservaci\u00f3n del medio ambiente.\",\"isPartOf\":{\"@id\":\"https:\\\/\\\/www.cordelia-paris-hotel.com\\\/new\\\/#website\"},\"datePublished\":\"2024-12-02T09:23:33+00:00\",\"dateModified\":\"2025-12-09T16:38:11+00:00\",\"description\":\"Nuestros compromisos ecol\u00f3gicos tienen como objetivo minimizar nuestro impacto en el planeta garantizando el confort y el bienestar de nuestros clientes.\",\"breadcrumb\":{\"@id\":\"https:\\\/\\\/cordelia.test7.eu\\\/es\\\/nuestros-compromisos\\\/#breadcrumb\"},\"inLanguage\":\"es\",\"potentialAction\":[{\"@type\":\"ReadAction\",\"target\":[\"https:\\\/\\\/cordelia.test7.eu\\\/es\\\/nuestros-compromisos\\\/\"]}]},{\"@type\":\"BreadcrumbList\",\"@id\":\"https:\\\/\\\/cordelia.test7.eu\\\/es\\\/nuestros-compromisos\\\/#breadcrumb\",\"itemListElement\":[{\"@type\":\"ListItem\",\"position\":1,\"name\":\"Accueil\",\"item\":\"https:\\\/\\\/www.cordelia-paris-hotel.com\\\/new\\\/es\\\/\"},{\"@type\":\"ListItem\",\"position\":2,\"name\":\"Nuestros Compromisos\"}]},{\"@type\":\"WebSite\",\"@id\":\"https:\\\/\\\/www.cordelia-paris-hotel.com\\\/new\\\/#website\",\"url\":\"https:\\\/\\\/www.cordelia-paris-hotel.com\\\/new\\\/\",\"name\":\"H\u00f4tel Cord\u00e9lia\",\"description\":\"\",\"potentialAction\":[{\"@type\":\"SearchAction\",\"target\":{\"@type\":\"EntryPoint\",\"urlTemplate\":\"https:\\\/\\\/www.cordelia-paris-hotel.com\\\/new\\\/?s={search_term_string}\"},\"query-input\":{\"@type\":\"PropertyValueSpecification\",\"valueRequired\":true,\"valueName\":\"search_term_string\"}}],\"inLanguage\":\"es\"}]}<\/script>\n<!-- \/ Yoast SEO plugin. -->","yoast_head_json":{"title":"Compromisos del Hotel Cordelia con la preservaci\u00f3n del medio ambiente.","description":"Nuestros compromisos ecol\u00f3gicos tienen como objetivo minimizar nuestro impacto en el planeta garantizando el confort y el bienestar de nuestros clientes.","robots":{"index":"noindex","follow":"follow","max-snippet":"max-snippet:-1","max-image-preview":"max-image-preview:large","max-video-preview":"max-video-preview:-1"},"og_locale":"es_ES","og_type":"article","og_title":"Compromisos del Hotel Cordelia con la preservaci\u00f3n del medio ambiente.","og_description":"Nuestros compromisos ecol\u00f3gicos tienen como objetivo minimizar nuestro impacto en el planeta garantizando el confort y el bienestar de nuestros clientes.","og_url":"https:\/\/cordelia.test7.eu\/es\/nuestros-compromisos\/","og_site_name":"H\u00f4tel Cord\u00e9lia","article_modified_time":"2025-12-09T16:38:11+00:00","twitter_card":"summary_large_image","twitter_misc":{"Tiempo de lectura":"4 minutos"},"schema":{"@context":"https:\/\/schema.org","@graph":[{"@type":"WebPage","@id":"https:\/\/cordelia.test7.eu\/es\/nuestros-compromisos\/","url":"https:\/\/cordelia.test7.eu\/es\/nuestros-compromisos\/","name":"Compromisos del Hotel Cordelia con la preservaci\u00f3n del medio ambiente.","isPartOf":{"@id":"https:\/\/www.cordelia-paris-hotel.com\/new\/#website"},"datePublished":"2024-12-02T09:23:33+00:00","dateModified":"2025-12-09T16:38:11+00:00","description":"Nuestros compromisos ecol\u00f3gicos tienen como objetivo minimizar nuestro impacto en el planeta garantizando el confort y el bienestar de nuestros clientes.","breadcrumb":{"@id":"https:\/\/cordelia.test7.eu\/es\/nuestros-compromisos\/#breadcrumb"},"inLanguage":"es","potentialAction":[{"@type":"ReadAction","target":["https:\/\/cordelia.test7.eu\/es\/nuestros-compromisos\/"]}]},{"@type":"BreadcrumbList","@id":"https:\/\/cordelia.test7.eu\/es\/nuestros-compromisos\/#breadcrumb","itemListElement":[{"@type":"ListItem","position":1,"name":"Accueil","item":"https:\/\/www.cordelia-paris-hotel.com\/new\/es\/"},{"@type":"ListItem","position":2,"name":"Nuestros Compromisos"}]},{"@type":"WebSite","@id":"https:\/\/www.cordelia-paris-hotel.com\/new\/#website","url":"https:\/\/www.cordelia-paris-hotel.com\/new\/","name":"H\u00f4tel Cord\u00e9lia","description":"","potentialAction":[{"@type":"SearchAction","target":{"@type":"EntryPoint","urlTemplate":"https:\/\/www.cordelia-paris-hotel.com\/new\/?s={search_term_string}"},"query-input":{"@type":"PropertyValueSpecification","valueRequired":true,"valueName":"search_term_string"}}],"inLanguage":"es"}]}},"_links":{"self":[{"href":"https:\/\/cordelia.test7.eu\/es\/wp-json\/wp\/v2\/pages\/999","targetHints":{"allow":["GET"]}}],"collection":[{"href":"https:\/\/cordelia.test7.eu\/es\/wp-json\/wp\/v2\/pages"}],"about":[{"href":"https:\/\/cordelia.test7.eu\/es\/wp-json\/wp\/v2\/types\/page"}],"author":[{"embeddable":true,"href":"https:\/\/cordelia.test7.eu\/es\/wp-json\/wp\/v2\/users\/1"}],"replies":[{"embeddable":true,"href":"https:\/\/cordelia.test7.eu\/es\/wp-json\/wp\/v2\/comments?post=999"}],"version-history":[{"count":12,"href":"https:\/\/cordelia.test7.eu\/es\/wp-json\/wp\/v2\/pages\/999\/revisions"}],"predecessor-version":[{"id":3124,"href":"https:\/\/cordelia.test7.eu\/es\/wp-json\/wp\/v2\/pages\/999\/revisions\/3124"}],"wp:attachment":[{"href":"https:\/\/cordelia.test7.eu\/es\/wp-json\/wp\/v2\/media?parent=999"}],"curies":[{"name":"wp","href":"https:\/\/api.w.org\/{rel}","templated":true}]}}